{"id":6237,"date":"2016-01-20T18:01:02","date_gmt":"2016-01-20T18:01:02","guid":{"rendered":"http:\/\/www.arovite.com\/?page_id=6237"},"modified":"2016-01-20T18:01:02","modified_gmt":"2016-01-20T18:01:02","slug":"granja-jose-luis-de-la-y-fernandez-soldevilla-gaizka-2012-2","status":"publish","type":"page","link":"https:\/\/www.arovite.com\/en\/granja-jose-luis-de-la-y-fernandez-soldevilla-gaizka-2012-2\/","title":{"rendered":"GRANJA, Jos\u00e9 Luis de la y FERN\u00c1NDEZ SOLDEVILLA, Gaizka (2012)"},"content":{"rendered":"<div class=\"wpb-content-wrapper\"><p>[vc_row][vc_column width=&#8221;1\/1&#8243;][vc_column_text][vc_empty_space height=&#8221;20&#8243;]<br \/>\n<strong>Referencia bibliogr\u00e1fica<\/strong><br \/>\nGRANJA, Jos\u00e9 Luis de la y FERN\u00c1NDEZ SOLDEVILLA, Gaizka (2012): \u00abLos nacionalistas heterodoxos en la Euskadi del siglo XX\u00bb, <em>Alcores<\/em>, n\u00ba 13, pp. 165-186.<\/p>\n<p><a class=\"button blue  medium \" href=\"https:\/\/gaizkafernandez.files.wordpress.com\/2013\/01\/los-nacionalistas-heterodoxos-en-la-euskadi-del-siglo-xx.pdf\" target=\"_blank\">Consultar PDF<\/a>[vc_empty_space height=&#8221;10&#8243;]<br \/>\n<strong>Resumen<\/strong><br \/>\nDesde sus or\u00edgenes a finales del siglo XIX hasta la actualidad, la principal l\u00ednea divisoria del nacionalismo vasco no fue derechas\/izquierdas, sino moderados versus radicales, seg\u00fan aceptasen o rechazasen la autonom\u00eda de Euskadi dentro del Estado espa\u00f1ol. Adem\u00e1s, con car\u00e1cter minoritario, a lo largo del siglo XX existi\u00f3 una tercera v\u00eda representada por los nacionalistas heterodoxos: algunas personalidades en la Restauraci\u00f3n, Acci\u00f3n Nacionalista Vasca en la Segunda Rep\u00fablica, la Guerra Civil y el exilio durante el franquismo, ESEI en la Transici\u00f3n y EE en los a\u00f1os 80 y primeros 90. Este art\u00edculo analiza sus rasgos comunes, su evoluci\u00f3n y aportaciones, as\u00ed como fracaso pol\u00edtico y su desaparici\u00f3n org\u00e1nica.<br \/>\n[vc_empty_space height=&#8221;10&#8243;]<br \/>\n<strong>Autor<\/strong><br \/>\nJos\u00e9 Luis de la Granja. <a title=\"Dialnet\" href=\"http:\/\/dialnet.unirioja.es\/servlet\/autor?codigo=153065\" target=\"_blank\">P\u00e1gina del autor en Dialnet.<\/a><br \/>\nGaizka Fern\u00e1ndez Soldevilla. <a title=\"Dialnet\" href=\"http:\/\/dialnet.unirioja.es\/servlet\/autor?codigo=2407724\" target=\"_blank\">P\u00e1gina del autor en Dialnet.<\/a><br \/>\n[vc_empty_space height=&#8221;10&#8243;]<br \/>\n<strong>Tipo de documento<\/strong><br \/>\nArt\u00edculo<br \/>\n[vc_empty_space height=&#8221;10&#8243;]<br \/>\n[\/vc_column_text][\/vc_column][\/vc_row]<\/p>\n<\/div>","protected":false},"excerpt":{"rendered":"<p>[vc_row][vc_column width=&#8221;1\/1&#8243;][vc_column_text][vc_empty_space height=&#8221;20&#8243;] Referencia bibliogr\u00e1fica GRANJA, Jos\u00e9 Luis de la y FERN\u00c1NDEZ SOLDEVILLA, Gaizka (2012): \u00abLos nacionalistas heterodoxos en la Euskadi del siglo XX\u00bb, Alcores, n\u00ba 13, pp. 165-186. Consultar&hellip;<\/p>\n","protected":false},"author":2,"featured_media":0,"parent":0,"menu_order":0,"comment_status":"open","ping_status":"open","template":"","meta":{"om_disable_all_campaigns":false,"_monsterinsights_skip_tracking":false,"_monsterinsights_sitenote_active":false,"_monsterinsights_sitenote_note":"","_monsterinsights_sitenote_category":0,"_uf_show_specific_survey":0,"_uf_disable_surveys":false,"_vp_format_video_url":"","_vp_image_focal_point":[],"_vp_custom_popup_image":0,"_vp_format_audio_url":"","_vp_custom_thumbnail":0,"_vp_custom_thumbnail_focal_point":[],"_vp_hover_thumbnail":0,"_vp_hover_thumbnail_focal_point":[],"footnotes":""},"class_list":["post-6237","page","type-page","status-publish","hentry"],"aioseo_notices":[],"_links":{"self":[{"href":"https:\/\/www.arovite.com\/en\/wp-json\/wp\/v2\/pages\/6237","targetHints":{"allow":["GET"]}}],"collection":[{"href":"https:\/\/www.arovite.com\/en\/wp-json\/wp\/v2\/pages"}],"about":[{"href":"https:\/\/www.arovite.com\/en\/wp-json\/wp\/v2\/types\/page"}],"author":[{"embeddable":true,"href":"https:\/\/www.arovite.com\/en\/wp-json\/wp\/v2\/users\/2"}],"replies":[{"embeddable":true,"href":"https:\/\/www.arovite.com\/en\/wp-json\/wp\/v2\/comments?post=6237"}],"version-history":[{"count":1,"href":"https:\/\/www.arovite.com\/en\/wp-json\/wp\/v2\/pages\/6237\/revisions"}],"predecessor-version":[{"id":6241,"href":"https:\/\/www.arovite.com\/en\/wp-json\/wp\/v2\/pages\/6237\/revisions\/6241"}],"wp:attachment":[{"href":"https:\/\/www.arovite.com\/en\/wp-json\/wp\/v2\/media?parent=6237"}],"curies":[{"name":"wp","href":"https:\/\/api.w.org\/{rel}","templated":true}]}}