{"id":6185,"date":"2016-01-20T17:57:50","date_gmt":"2016-01-20T17:57:50","guid":{"rendered":"http:\/\/www.arovite.com\/?page_id=6185"},"modified":"2025-10-05T08:58:50","modified_gmt":"2025-10-05T08:58:50","slug":"gonzalez-saez-juan-manuel-2012b-2","status":"publish","type":"page","link":"https:\/\/www.arovite.com\/en\/gonzalez-saez-juan-manuel-2012b-2\/","title":{"rendered":"GONZ\u00c1LEZ S\u00c1EZ, Juan Manuel (2012)b"},"content":{"rendered":"<div class=\"wpb-content-wrapper\"><p>[vc_row][vc_column width=&#8221;1\/1&#8243;][vc_column_text][vc_empty_space height=&#8221;20&#8243;]<br \/>\n<strong>Referencia bibliogr\u00e1fica<\/strong><br \/>\nGONZ\u00c1LEZ S\u00c1EZ, Juan Manuel (2012): \u00abBalance de v\u00edctimas mortales del terrorismo y la violencia pol\u00edtica de la extrema derecha durante la Transici\u00f3n (1975-1982)\u00bb, <em>Historia Actual Online<\/em>, n\u00ba 27, pp. 7-17.<\/p>\n<p><a class=\"button blue medium \" href=\"https:\/\/historia-actual.org\/Publicaciones\/index.php\/hao\/article\/view\/668\/565\" target=\"_blank\" rel=\"noopener noreferrer\">Consultar PDF<\/a>[vc_empty_space height=&#8221;10&#8243;]<br \/>\n<strong>Resumen<\/strong><br \/>\nEstudiar el terrorismo y la violencia pol\u00edtica de extrema derecha durante la Transici\u00f3n espa\u00f1ola es una tarea compleja. Las fuentes institucionales, period\u00edsticas, historiogr\u00e1ficas o de las diferentes asociaciones de v\u00edctimas del terrorismo ofrecen cifras no homog\u00e9neas sobre los muertos causados por los grupos violentos ultraderechistas entre 1975 y 1982. En este art\u00edculo se analizan distintas recopilaciones, listados y bases de datos de personas fallecidas como consecuencia de la violencia pol\u00edtica de extrema derecha durante el proceso democratizador. El objetivo es contribuir al estudio y cuantificaci\u00f3n de un fen\u00f3meno que perturb\u00f3 seriamente la Transici\u00f3n y que hasta la fecha ha sido investigado escasamente.<br \/>\n[vc_empty_space height=&#8221;10&#8243;]<br \/>\n<strong>Autor<\/strong><br \/>\nJuan Manuel\u00a0Gonz\u00e1lez S\u00e1ez. <a title=\"Dialnet\" href=\"http:\/\/dialnet.unirioja.es\/servlet\/autor?codigo=2991912\" target=\"_blank\" rel=\"noopener noreferrer\">P\u00e1gina del autor en Dialnet.<\/a><br \/>\n[vc_empty_space height=&#8221;10&#8243;]<br \/>\n<strong>Tipo de documento<\/strong><br \/>\nArt\u00edculo<br \/>\n[vc_empty_space height=&#8221;10&#8243;]<br \/>\n<a title=\"Enlace alternativo\" href=\"http:\/\/dialnet.unirioja.es\/servlet\/articulo?codigo=3861317\" target=\"_blank\" rel=\"noopener noreferrer\"><strong>Enlace alternativo.<\/strong><\/a><br \/>\n[vc_empty_space height=&#8221;10&#8243;]<br \/>\n[\/vc_column_text][\/vc_column][\/vc_row]<\/p>\n<\/div>","protected":false},"excerpt":{"rendered":"<p>[vc_row][vc_column width=&#8221;1\/1&#8243;][vc_column_text][vc_empty_space height=&#8221;20&#8243;] Referencia bibliogr\u00e1fica GONZ\u00c1LEZ S\u00c1EZ, Juan Manuel (2012): \u00abBalance de v\u00edctimas mortales del terrorismo y la violencia pol\u00edtica de la extrema derecha durante la Transici\u00f3n (1975-1982)\u00bb, Historia Actual&hellip;<\/p>\n","protected":false},"author":2,"featured_media":0,"parent":0,"menu_order":0,"comment_status":"open","ping_status":"open","template":"","meta":{"om_disable_all_campaigns":false,"_monsterinsights_skip_tracking":false,"_monsterinsights_sitenote_active":false,"_monsterinsights_sitenote_note":"","_monsterinsights_sitenote_category":0,"_uf_show_specific_survey":0,"_uf_disable_surveys":false,"_vp_format_video_url":"","_vp_image_focal_point":[],"_vp_custom_popup_image":0,"_vp_format_audio_url":"","_vp_custom_thumbnail":0,"_vp_custom_thumbnail_focal_point":[],"_vp_hover_thumbnail":0,"_vp_hover_thumbnail_focal_point":[],"footnotes":""},"class_list":["post-6185","page","type-page","status-publish","hentry"],"aioseo_notices":[],"_links":{"self":[{"href":"https:\/\/www.arovite.com\/en\/wp-json\/wp\/v2\/pages\/6185","targetHints":{"allow":["GET"]}}],"collection":[{"href":"https:\/\/www.arovite.com\/en\/wp-json\/wp\/v2\/pages"}],"about":[{"href":"https:\/\/www.arovite.com\/en\/wp-json\/wp\/v2\/types\/page"}],"author":[{"embeddable":true,"href":"https:\/\/www.arovite.com\/en\/wp-json\/wp\/v2\/users\/2"}],"replies":[{"embeddable":true,"href":"https:\/\/www.arovite.com\/en\/wp-json\/wp\/v2\/comments?post=6185"}],"version-history":[{"count":4,"href":"https:\/\/www.arovite.com\/en\/wp-json\/wp\/v2\/pages\/6185\/revisions"}],"predecessor-version":[{"id":24728,"href":"https:\/\/www.arovite.com\/en\/wp-json\/wp\/v2\/pages\/6185\/revisions\/24728"}],"wp:attachment":[{"href":"https:\/\/www.arovite.com\/en\/wp-json\/wp\/v2\/media?parent=6185"}],"curies":[{"name":"wp","href":"https:\/\/api.w.org\/{rel}","templated":true}]}}