{"id":6181,"date":"2016-01-20T17:57:38","date_gmt":"2016-01-20T17:57:38","guid":{"rendered":"http:\/\/www.arovite.com\/?page_id=6181"},"modified":"2016-01-20T17:57:38","modified_gmt":"2016-01-20T17:57:38","slug":"gomez-moral-ana-rosa-2013-2","status":"publish","type":"page","link":"https:\/\/www.arovite.com\/en\/gomez-moral-ana-rosa-2013-2\/","title":{"rendered":"G\u00d3MEZ MORAL, Ana Rosa (2013)"},"content":{"rendered":"<div class=\"wpb-content-wrapper\"><p>[vc_row][vc_column width=&#8221;1\/1&#8243;][vc_column_text][vc_empty_space height=&#8221;20&#8243;]<br \/>\n<strong>Referencia bibliogr\u00e1fica<\/strong><br \/>\nG\u00d3MEZ MORAL, Ana Rosa (2013): <em>Un gesto que hizo sonar el silencio<\/em>. Bilbao: Coordinadora Gesto por la Paz de Euskal Herria.<\/p>\n<p><a class=\"button blue  medium \" href=\"http:\/\/www.gesto.org\/archivos\/201507\/un_gesto_que_hizo_sonar_el_silencio.pdf?1\" target=\"_blank\">Consultar PDF<\/a>[vc_empty_space height=&#8221;10&#8243;]<br \/>\n<strong>Resumen<\/strong><br \/>\nMuchas veces, me hubiera gustado estar en el futuro para comprender lo que nos estaba pasando. El transcurso del tiempo nos va abriendo las cortinas del presente para dejarnos ver la actuaci\u00f3n desde la butaca del espectador que es, a la vez, el actor de otra \u00e9poca. Ahora, casi sin darnos cuenta, estamos ya en ese futuro que nos permite abandonar el escenario que ocupamos durante gran parte de nuestra existencia para ir acomod\u00e1ndonos en el patio de asientos desde el que poder contemplar la obra de la que fuimos protagonistas. A estas alturas, cuando ya incluso podemos permitirnos un poco de esa coqueter\u00eda propia de una velada esc\u00e9nica, ser\u00eda in\u00fatil negar que, por fortuna, Gesto por la Paz represent\u00f3 uno de los papeles m\u00e1s bellos y luminosos en esa funci\u00f3n que, la mayor\u00eda de las veces, no comenzaba con el suave deslizamiento de un tel\u00f3n de terciopelo, sino con su desgarro violento y estremecedor, tras el que asomaba un escenario lleno de tristeza y oscuridad.<br \/>\n[vc_empty_space height=&#8221;10&#8243;]<br \/>\n<strong>Autor<\/strong><br \/>\nAna Rosa G\u00f3mez Moral<br \/>\n[vc_empty_space height=&#8221;10&#8243;]<br \/>\n<strong>Tipo de documento<\/strong><br \/>\nLibro<br \/>\n[vc_empty_space height=&#8221;10&#8243;]<br \/>\n[\/vc_column_text][\/vc_column][\/vc_row]<\/p>\n<\/div>","protected":false},"excerpt":{"rendered":"<p>[vc_row][vc_column width=&#8221;1\/1&#8243;][vc_column_text][vc_empty_space height=&#8221;20&#8243;] Referencia bibliogr\u00e1fica G\u00d3MEZ MORAL, Ana Rosa (2013): Un gesto que hizo sonar el silencio. Bilbao: Coordinadora Gesto por la Paz de Euskal Herria. Consultar PDF[vc_empty_space height=&#8221;10&#8243;] Resumen&hellip;<\/p>\n","protected":false},"author":2,"featured_media":0,"parent":0,"menu_order":0,"comment_status":"open","ping_status":"open","template":"","meta":{"om_disable_all_campaigns":false,"_monsterinsights_skip_tracking":false,"_monsterinsights_sitenote_active":false,"_monsterinsights_sitenote_note":"","_monsterinsights_sitenote_category":0,"_uf_show_specific_survey":0,"_uf_disable_surveys":false,"_vp_format_video_url":"","_vp_image_focal_point":[],"_vp_custom_popup_image":0,"_vp_format_audio_url":"","_vp_custom_thumbnail":0,"_vp_custom_thumbnail_focal_point":[],"_vp_hover_thumbnail":0,"_vp_hover_thumbnail_focal_point":[],"footnotes":""},"class_list":["post-6181","page","type-page","status-publish","hentry"],"aioseo_notices":[],"_links":{"self":[{"href":"https:\/\/www.arovite.com\/en\/wp-json\/wp\/v2\/pages\/6181","targetHints":{"allow":["GET"]}}],"collection":[{"href":"https:\/\/www.arovite.com\/en\/wp-json\/wp\/v2\/pages"}],"about":[{"href":"https:\/\/www.arovite.com\/en\/wp-json\/wp\/v2\/types\/page"}],"author":[{"embeddable":true,"href":"https:\/\/www.arovite.com\/en\/wp-json\/wp\/v2\/users\/2"}],"replies":[{"embeddable":true,"href":"https:\/\/www.arovite.com\/en\/wp-json\/wp\/v2\/comments?post=6181"}],"version-history":[{"count":1,"href":"https:\/\/www.arovite.com\/en\/wp-json\/wp\/v2\/pages\/6181\/revisions"}],"predecessor-version":[{"id":6212,"href":"https:\/\/www.arovite.com\/en\/wp-json\/wp\/v2\/pages\/6181\/revisions\/6212"}],"wp:attachment":[{"href":"https:\/\/www.arovite.com\/en\/wp-json\/wp\/v2\/media?parent=6181"}],"curies":[{"name":"wp","href":"https:\/\/api.w.org\/{rel}","templated":true}]}}