{"id":6173,"date":"2015-12-18T13:15:21","date_gmt":"2015-12-18T13:15:21","guid":{"rendered":"http:\/\/www.arovite.com\/?page_id=6173"},"modified":"2016-01-24T15:55:04","modified_gmt":"2016-01-24T15:55:04","slug":"garcia-mengual-fernando-2013","status":"publish","type":"page","link":"https:\/\/www.arovite.com\/en\/garcia-mengual-fernando-2013\/","title":{"rendered":"GARC\u00cdA MENGUAL, Fernando (2013)"},"content":{"rendered":"<div class=\"wpb-content-wrapper\"><p>[vc_row][vc_column width=&#8221;1\/1&#8243;][vc_column_text][vc_empty_space height=&#8221;20&#8243;]<br \/>\n<strong>Referencia bibliogr\u00e1fica<\/strong><br \/>\nGARC\u00cdA MENGUAL, Fernando (2013): \u00abLa incorporaci\u00f3n de la protecci\u00f3n de las v\u00edctimas del terrorismo al ordenamiento jur\u00eddico: especial referencia a la legislaci\u00f3n auton\u00f3mica\u00bb, en CATAL\u00c1 I BAS, Aleixandre y GARC\u00cdA MENGUAL, Fernando (dirs.): <em>El reconocimiento de las v\u00edctimas del terrorismo a trav\u00e9s de la legislaci\u00f3n y la jurisprudencia<\/em>. Valencia: C\u00e1tedra de Derecho Auton\u00f3mico Valenciano, Universitat de Valencia, Fundaci\u00f3n Profesor Manuel Broseta, pp. 215-244.<\/p>\n<p><a class=\"button blue  medium \" href=\"http:\/\/dialnet.unirioja.es\/servlet\/articulo?codigo=4910254\" target=\"_blank\">Consultar PDF<\/a>[vc_empty_space height=&#8221;10&#8243;]<br \/>\n<strong>Resumen<\/strong><br \/>\nI. Fases de la lucha democr\u00e1tica contra el terrorismo.- II. El intento de respuesta pol\u00edtica: los Pactos (1987-1998). &#8211; III. La visibilidad de las v\u00edctimas del terrorismo. &#8211; 1. Los primeros pasos hacia la recuperaci\u00f3n de la memoria de las v\u00edctimas. &#8211; 2. Perfeccionamiento de los instrumentos jur\u00eddicos contra el terrorismo.- IV. El Pacto por las Libertades y contra el terrorismo.- 1. El Pacto como documento pol\u00edtico. &#8211; 2. Las v\u00edctimas en el Pacto.- 3. La apelaci\u00f3n a la sociedad civil y al mundo asociativo: la importancia de las asociaciones y fundaciones de v\u00edctimas del terrorismo.- V. La  normativa auton\u00f3mica de apoyo a las v\u00edctimas del terrorismo.- 1. Normas anteriores a la Ley de Solidaridad de 1999.- 2. Normas posteriores a la Ley de Solidaridad de 1999.- 3. Habilitaciones estatutarias en relaci\u00f3n con las v\u00edctimas del terrorismo.- 4. Principios inspiradores de la legislaci\u00f3n auton\u00f3mica sobre v\u00edctimas del terrorismo.- 4.1. Territorialidad o proximidad.- 4.2. Complementariedad.- 4.3. Reconocimiento.- VI. Conclusiones.<br \/>\n[vc_empty_space height=&#8221;10&#8243;]<br \/>\n<strong>Autor<\/strong><br \/>\nFernando Garc\u00eda Mengual. <a title=\"Dialnet\" href=\"http:\/\/dialnet.unirioja.es\/servlet\/autor?codigo=897267\" target=\"_blank\">P\u00e1gina del autor en Dialnet.<\/a><br \/>\n[vc_empty_space height=&#8221;10&#8243;]<br \/>\n<strong>Tipo de documento<\/strong><br \/>\nCap\u00edtulo de libro<br \/>\n[vc_empty_space height=&#8221;10&#8243;]<br \/>\n[\/vc_column_text][\/vc_column][\/vc_row]<\/p>\n<\/div>","protected":false},"excerpt":{"rendered":"<p>[vc_row][vc_column width=&#8221;1\/1&#8243;][vc_column_text][vc_empty_space height=&#8221;20&#8243;] Referencia bibliogr\u00e1fica GARC\u00cdA MENGUAL, Fernando (2013): \u00abLa incorporaci\u00f3n de la protecci\u00f3n de las v\u00edctimas del terrorismo al ordenamiento jur\u00eddico: especial referencia a la legislaci\u00f3n auton\u00f3mica\u00bb, en CATAL\u00c1&hellip;<\/p>\n","protected":false},"author":2,"featured_media":0,"parent":0,"menu_order":0,"comment_status":"open","ping_status":"open","template":"","meta":{"om_disable_all_campaigns":false,"_monsterinsights_skip_tracking":false,"_monsterinsights_sitenote_active":false,"_monsterinsights_sitenote_note":"","_monsterinsights_sitenote_category":0,"_uf_show_specific_survey":0,"_uf_disable_surveys":false,"_vp_format_video_url":"","_vp_image_focal_point":[],"_vp_custom_popup_image":0,"_vp_format_audio_url":"","_vp_custom_thumbnail":0,"_vp_custom_thumbnail_focal_point":[],"_vp_hover_thumbnail":0,"_vp_hover_thumbnail_focal_point":[],"footnotes":""},"class_list":["post-6173","page","type-page","status-publish","hentry"],"aioseo_notices":[],"_links":{"self":[{"href":"https:\/\/www.arovite.com\/en\/wp-json\/wp\/v2\/pages\/6173","targetHints":{"allow":["GET"]}}],"collection":[{"href":"https:\/\/www.arovite.com\/en\/wp-json\/wp\/v2\/pages"}],"about":[{"href":"https:\/\/www.arovite.com\/en\/wp-json\/wp\/v2\/types\/page"}],"author":[{"embeddable":true,"href":"https:\/\/www.arovite.com\/en\/wp-json\/wp\/v2\/users\/2"}],"replies":[{"embeddable":true,"href":"https:\/\/www.arovite.com\/en\/wp-json\/wp\/v2\/comments?post=6173"}],"version-history":[{"count":2,"href":"https:\/\/www.arovite.com\/en\/wp-json\/wp\/v2\/pages\/6173\/revisions"}],"predecessor-version":[{"id":6479,"href":"https:\/\/www.arovite.com\/en\/wp-json\/wp\/v2\/pages\/6173\/revisions\/6479"}],"wp:attachment":[{"href":"https:\/\/www.arovite.com\/en\/wp-json\/wp\/v2\/media?parent=6173"}],"curies":[{"name":"wp","href":"https:\/\/api.w.org\/{rel}","templated":true}]}}