{"id":6169,"date":"2016-01-20T17:56:32","date_gmt":"2016-01-20T17:56:32","guid":{"rendered":"http:\/\/www.arovite.com\/?page_id=6169"},"modified":"2016-01-20T17:56:32","modified_gmt":"2016-01-20T17:56:32","slug":"garcia-de-cortazar-fernando-2010-2","status":"publish","type":"page","link":"https:\/\/www.arovite.com\/en\/garcia-de-cortazar-fernando-2010-2\/","title":{"rendered":"GARC\u00cdA DE CORT\u00c1ZAR, Fernando (2010)"},"content":{"rendered":"<div class=\"wpb-content-wrapper\"><p>[vc_row][vc_column width=&#8221;1\/1&#8243;][vc_column_text][vc_empty_space height=&#8221;20&#8243;]<br \/>\n<strong>Referencia bibliogr\u00e1fica<\/strong><br \/>\nGARC\u00cdA DE CORT\u00c1ZAR, Fernando (2010): \u00abDemasiadas voces y demasiadas veces\u00bb, en ALONSO, Rogelio, DOM\u00cdNGUEZ, Florencio y GARC\u00cdA, Marcos (2010): <em>Vidas rotas. Historia de los hombres, mujeres y ni\u00f1os v\u00edctimas de ETA.<\/em> Madrid: Espasa, pp. XIII-XX.<\/p>\n<p><a class=\"button blue  medium \" href=\"http:\/\/www.arovite.com\/documentos\/2010_Garcia_de_Cortazar.pdf\" target=\"_blank\">Consultar PDF<\/a>[vc_empty_space height=&#8221;10&#8243;]<br \/>\n<strong>Resumen<\/strong><br \/>\nLa historia m\u00e1s reciente, la historia de la recuperaci\u00f3n de unas instituciones democr\u00e1ticas y una conciencia c\u00edvica basada en el ejercicio de la libertad, ha coincidido en Espa\u00f1a con la actividad terrorista. Ning\u00fan otro lugar de Europa ha compartido nuestra desgracia de contar, al mismo tiempo, con los actos criminales. Ning\u00fan otro lugar ha estado dispuesto, desde luego, a sumar a las acciones criminales la infamia de un discurso de justificaci\u00f3n, que convierte a los asesinos en la encarnaci\u00f3n de una Causa. Nadie se\u00f1ala, en ning\u00fan otro lugar, ni siquiera en el modo atenuado en que se hace en ciertos discursos oficiales, que tales individuos expresan una realidad nacional, ni que a trav\u00e9s de ellos se manifiesta la voluntad de un pueblo.<br \/>\n[vc_empty_space height=&#8221;10&#8243;]<br \/>\n<strong>Autor<\/strong><br \/>\nFernando Garc\u00eda de Cort\u00e1zar. <a title=\"Dialnet\" href=\"http:\/\/dialnet.unirioja.es\/servlet\/autor?codigo=46163\" target=\"_blank\">P\u00e1gina del autor en Dialnet.<\/a><br \/>\n[vc_empty_space height=&#8221;10&#8243;]<br \/>\n<strong>Tipo de documento<\/strong><br \/>\nPr\u00f3logo<br \/>\n[vc_empty_space height=&#8221;10&#8243;]<br \/>\n<a title=\"Enlace alternativo\" href=\"http:\/\/paralalibertad.org\/demasiadas-voces-y-demasiadas-veces\/\" target=\"_blank\"><strong>Enlace alternativo.<\/strong><\/a><br \/>\n[vc_empty_space height=&#8221;10&#8243;]<br \/>\n[\/vc_column_text][\/vc_column][\/vc_row]<\/p>\n<\/div>","protected":false},"excerpt":{"rendered":"<p>[vc_row][vc_column width=&#8221;1\/1&#8243;][vc_column_text][vc_empty_space height=&#8221;20&#8243;] Referencia bibliogr\u00e1fica GARC\u00cdA DE CORT\u00c1ZAR, Fernando (2010): \u00abDemasiadas voces y demasiadas veces\u00bb, en ALONSO, Rogelio, DOM\u00cdNGUEZ, Florencio y GARC\u00cdA, Marcos (2010): Vidas rotas. Historia de los hombres,&hellip;<\/p>\n","protected":false},"author":2,"featured_media":0,"parent":0,"menu_order":0,"comment_status":"open","ping_status":"open","template":"","meta":{"om_disable_all_campaigns":false,"_monsterinsights_skip_tracking":false,"_monsterinsights_sitenote_active":false,"_monsterinsights_sitenote_note":"","_monsterinsights_sitenote_category":0,"_uf_show_specific_survey":0,"_uf_disable_surveys":false,"_vp_format_video_url":"","_vp_image_focal_point":[],"_vp_custom_popup_image":0,"_vp_format_audio_url":"","_vp_custom_thumbnail":0,"_vp_custom_thumbnail_focal_point":[],"_vp_hover_thumbnail":0,"_vp_hover_thumbnail_focal_point":[],"footnotes":""},"class_list":["post-6169","page","type-page","status-publish","hentry"],"aioseo_notices":[],"_links":{"self":[{"href":"https:\/\/www.arovite.com\/en\/wp-json\/wp\/v2\/pages\/6169","targetHints":{"allow":["GET"]}}],"collection":[{"href":"https:\/\/www.arovite.com\/en\/wp-json\/wp\/v2\/pages"}],"about":[{"href":"https:\/\/www.arovite.com\/en\/wp-json\/wp\/v2\/types\/page"}],"author":[{"embeddable":true,"href":"https:\/\/www.arovite.com\/en\/wp-json\/wp\/v2\/users\/2"}],"replies":[{"embeddable":true,"href":"https:\/\/www.arovite.com\/en\/wp-json\/wp\/v2\/comments?post=6169"}],"version-history":[{"count":1,"href":"https:\/\/www.arovite.com\/en\/wp-json\/wp\/v2\/pages\/6169\/revisions"}],"predecessor-version":[{"id":6203,"href":"https:\/\/www.arovite.com\/en\/wp-json\/wp\/v2\/pages\/6169\/revisions\/6203"}],"wp:attachment":[{"href":"https:\/\/www.arovite.com\/en\/wp-json\/wp\/v2\/media?parent=6169"}],"curies":[{"name":"wp","href":"https:\/\/api.w.org\/{rel}","templated":true}]}}