{"id":6164,"date":"2016-01-20T17:55:56","date_gmt":"2016-01-20T17:55:56","guid":{"rendered":"http:\/\/www.arovite.com\/?page_id=6164"},"modified":"2016-01-20T17:55:56","modified_gmt":"2016-01-20T17:55:56","slug":"gabinete-de-prospeccion-sociologica-2012-3","status":"publish","type":"page","link":"https:\/\/www.arovite.com\/en\/gabinete-de-prospeccion-sociologica-2012-3\/","title":{"rendered":"GABINETE DE PROSPECCI\u00d3N SOCIOL\u00d3GICA (2012)"},"content":{"rendered":"<div class=\"wpb-content-wrapper\"><p>[vc_row][vc_column width=&#8221;1\/1&#8243;][vc_column_text][vc_empty_space height=&#8221;20&#8243;]<br \/>\n<strong>Referencia bibliogr\u00e1fica<\/strong><br \/>\nGABINETE DE PROSPECCI\u00d3N SOCIOL\u00d3GICA (2012): <em>Soci\u00f3metro vasco 48: fin del terrorismo.<\/em> Gobierno Vasco.<\/p>\n<p><a class=\"button blue  medium \" href=\"http:\/\/www.arovite.com\/documentos\/2012_Sociometro_vasco.pdf\" target=\"_blank\">Consultar PDF<\/a>[vc_empty_space height=&#8221;10&#8243;]<br \/>\n<strong>Resumen<\/strong><br \/>\nLa recogida de informaci\u00f3n se realiz\u00f3 entre el 6 y el 11 de febrero de 2012-ambos inclusive- a trav\u00e9s de entrevista individual mediante cuestionario estructurado y cerrado, realizada a domicilio a una muestra representativa de la poblaci\u00f3n de cada uno de los Territorios Hist\u00f3ricos de la Comunidad Aut\u00f3noma del Pa\u00eds Vasco (CAPV). La muestra, dirigida a una poblaci\u00f3n de 18 y m\u00e1s a\u00f1os, se distribuy\u00f3 del siguiente modo: 504 personas en Araba, 1.134 en Bizkaia y 616 en Gipuzkoa, lo que supone un total de 2.254 personas entrevistadas. La selecci\u00f3n se realiz\u00f3 por procedimiento poliet\u00e1pico y estratificado, siguiendo rutas aleatorias -a partir de un total de 161 puntos de muestreo1- y con selecci\u00f3n de los individuos por cuotas de sexo, edad y situaci\u00f3n laboral, siendo posteriormente ponderados los resultados en base al recuerdo de voto en las Elecciones Generales de 2011 y a la poblaci\u00f3n. El dise\u00f1o de la investigaci\u00f3n, el an\u00e1lisis de los resultados y la elaboraci\u00f3n del informe es responsabilidad exclusiva del Gabinete de Prospecci\u00f3n Sociol\u00f3gica. La recogida de informaci\u00f3n fue realizada por la empresa Ikertalde, sita en el edificio Lurra, Paseo Txingurri 28-30, 2, 20017, Donostia-San Sebasti\u00e1n. El error muestral correspondiente a esta muestra de 2.254 individuos, y atribuible en el caso te\u00f3rico de que la muestra hubiera sido estrictamente aleatoria, se cifra en un + 2,11% para el conjunto de la CAPV, con un nivel de confianza de 95,5% y p=q=0,5. Se ha llevado a cabo un control telef\u00f3nico del 65,5% de las encuestas y un control domiciliario del 10,7% de las mismas.<br \/>\n[vc_empty_space height=&#8221;10&#8243;]<br \/>\n<strong>Tipo de documento<\/strong><br \/>\nInforme<br \/>\n[vc_empty_space height=&#8221;10&#8243;]<br \/>\n<a title=\"Enlace alternativo\" href=\"https:\/\/www.euskadi.eus\/contenidos\/informe_estudio\/sociometro_vasco_48\/es_soc48\/adjuntos\/12sv48_es.pdf \" target=\"_blank\"><strong>Enlace alternativo.<\/strong><\/a><br \/>\n[vc_empty_space height=&#8221;10&#8243;]<br \/>\n[\/vc_column_text][\/vc_column][\/vc_row]<\/p>\n<\/div>","protected":false},"excerpt":{"rendered":"<p>[vc_row][vc_column width=&#8221;1\/1&#8243;][vc_column_text][vc_empty_space height=&#8221;20&#8243;] Referencia bibliogr\u00e1fica GABINETE DE PROSPECCI\u00d3N SOCIOL\u00d3GICA (2012): Soci\u00f3metro vasco 48: fin del terrorismo. Gobierno Vasco. Consultar PDF[vc_empty_space height=&#8221;10&#8243;] Resumen La recogida de informaci\u00f3n se realiz\u00f3 entre el&hellip;<\/p>\n","protected":false},"author":2,"featured_media":0,"parent":0,"menu_order":0,"comment_status":"open","ping_status":"open","template":"","meta":{"om_disable_all_campaigns":false,"_monsterinsights_skip_tracking":false,"_monsterinsights_sitenote_active":false,"_monsterinsights_sitenote_note":"","_monsterinsights_sitenote_category":0,"_uf_show_specific_survey":0,"_uf_disable_surveys":false,"_vp_format_video_url":"","_vp_image_focal_point":[],"_vp_custom_popup_image":0,"_vp_format_audio_url":"","_vp_custom_thumbnail":0,"_vp_custom_thumbnail_focal_point":[],"_vp_hover_thumbnail":0,"_vp_hover_thumbnail_focal_point":[],"footnotes":""},"class_list":["post-6164","page","type-page","status-publish","hentry"],"aioseo_notices":[],"_links":{"self":[{"href":"https:\/\/www.arovite.com\/en\/wp-json\/wp\/v2\/pages\/6164","targetHints":{"allow":["GET"]}}],"collection":[{"href":"https:\/\/www.arovite.com\/en\/wp-json\/wp\/v2\/pages"}],"about":[{"href":"https:\/\/www.arovite.com\/en\/wp-json\/wp\/v2\/types\/page"}],"author":[{"embeddable":true,"href":"https:\/\/www.arovite.com\/en\/wp-json\/wp\/v2\/users\/2"}],"replies":[{"embeddable":true,"href":"https:\/\/www.arovite.com\/en\/wp-json\/wp\/v2\/comments?post=6164"}],"version-history":[{"count":1,"href":"https:\/\/www.arovite.com\/en\/wp-json\/wp\/v2\/pages\/6164\/revisions"}],"predecessor-version":[{"id":6198,"href":"https:\/\/www.arovite.com\/en\/wp-json\/wp\/v2\/pages\/6164\/revisions\/6198"}],"wp:attachment":[{"href":"https:\/\/www.arovite.com\/en\/wp-json\/wp\/v2\/media?parent=6164"}],"curies":[{"name":"wp","href":"https:\/\/api.w.org\/{rel}","templated":true}]}}