{"id":6162,"date":"2016-01-20T17:55:46","date_gmt":"2016-01-20T17:55:46","guid":{"rendered":"http:\/\/www.arovite.com\/?page_id=6162"},"modified":"2016-01-20T17:55:46","modified_gmt":"2016-01-20T17:55:46","slug":"funes-maria-jesus-1998-2","status":"publish","type":"page","link":"https:\/\/www.arovite.com\/en\/funes-maria-jesus-1998-2\/","title":{"rendered":"FUNES, Mar\u00eda Jes\u00fas (1998)"},"content":{"rendered":"<div class=\"wpb-content-wrapper\"><p>[vc_row][vc_column width=&#8221;1\/1&#8243;][vc_column_text][vc_empty_space height=&#8221;20&#8243;]<br \/>\n<strong>Referencia bibliogr\u00e1fica<\/strong><br \/>\nFUNES, Mar\u00eda Jes\u00fas (1998): <em>La salida del silencio. Movilizaciones por la paz en Euskadi 1986-1998<\/em>. Madrid: Akal.<\/p>\n<p><a class=\"button blue  medium \" href=\"http:\/\/www.gesto.org\/archivos\/201311\/la_salida_del_silencio.pdf?0\" target=\"_blank\">Consultar PDF<\/a>[vc_empty_space height=&#8221;10&#8243;]<br \/>\n<strong>Resumen<\/strong><br \/>\nLos acontecimientos que conmocionaron nuestro pa\u00eds en el mes de julio de l997, cuando millones de personas salieron a la calle en ciudades y pueblos de Espa\u00f1a, airados unos, serenos otros, desesperados o esperanzados, pero todos unidos en la emoci\u00f3n que producen las vivencias de los grandes momentos, son ya parte de nuestra historia. Durante cuatro d\u00edas no se oy\u00f3 otra voz, ni se vieron otras im\u00e1genes ni, pr\u00e1cticamente, se pensaba en otra cosa. El grupo armado ETA hab\u00eda secuestrado a un concejal de la localidad vizca\u00edna de Ermua, Miguel Angel Blanco, y amenazaba con quitarle la vida si en cuarenta y ocho horas sus presos no eran traslados al Pa\u00eds Vasco. La ejecuci\u00f3n de la sentencia se ve\u00eda imparable. El miedo, las l\u00e1grimas, la rabia y la impotencia fueron los protagonistas de aquellos momentos que hicieron correr r\u00edos de tinta y produjeron declaraciones constantes en todos los medios de comunicaci\u00f3n. Las expresiones de pol\u00edticos, periodistas y articulistas de toda condici\u00f3n estuvieron presididas por la sobreexcitaci\u00f3n, tanto como los acontecimientos en s\u00ed. M\u00e1s all\u00e1 de los comentarios del momento, cargados de un apasionamiento inevitable, y alejados de la manipulaci\u00f3n medi\u00e1tica de las emociones que calde\u00f3 a todo un pa\u00eds durante dos semanas impactantes en los principios de aquel verano, parece llegado el momento del an\u00e1lisis.<br \/>\n[vc_empty_space height=&#8221;10&#8243;]<br \/>\n<strong>Autor<\/strong><br \/>\nMar\u00eda Jes\u00fas Funes. <a title=\"Dialnet\" href=\"http:\/\/dialnet.unirioja.es\/servlet\/autor?codigo=32741\" target=\"_blank\">P\u00e1gina del autor en Dialnet.<\/a><br \/>\n[vc_empty_space height=&#8221;10&#8243;]<br \/>\n<strong>Tipo de documento<\/strong><br \/>\nLibro<br \/>\n[vc_empty_space height=&#8221;10&#8243;]<br \/>\n[\/vc_column_text][\/vc_column][\/vc_row]<\/p>\n<\/div>","protected":false},"excerpt":{"rendered":"<p>[vc_row][vc_column width=&#8221;1\/1&#8243;][vc_column_text][vc_empty_space height=&#8221;20&#8243;] Referencia bibliogr\u00e1fica FUNES, Mar\u00eda Jes\u00fas (1998): La salida del silencio. Movilizaciones por la paz en Euskadi 1986-1998. Madrid: Akal. Consultar PDF[vc_empty_space height=&#8221;10&#8243;] Resumen Los acontecimientos que conmocionaron&hellip;<\/p>\n","protected":false},"author":2,"featured_media":0,"parent":0,"menu_order":0,"comment_status":"open","ping_status":"open","template":"","meta":{"om_disable_all_campaigns":false,"_monsterinsights_skip_tracking":false,"_monsterinsights_sitenote_active":false,"_monsterinsights_sitenote_note":"","_monsterinsights_sitenote_category":0,"_uf_show_specific_survey":0,"_uf_disable_surveys":false,"_vp_format_video_url":"","_vp_image_focal_point":[],"_vp_custom_popup_image":0,"_vp_format_audio_url":"","_vp_custom_thumbnail":0,"_vp_custom_thumbnail_focal_point":[],"_vp_hover_thumbnail":0,"_vp_hover_thumbnail_focal_point":[],"footnotes":""},"class_list":["post-6162","page","type-page","status-publish","hentry"],"aioseo_notices":[],"_links":{"self":[{"href":"https:\/\/www.arovite.com\/en\/wp-json\/wp\/v2\/pages\/6162","targetHints":{"allow":["GET"]}}],"collection":[{"href":"https:\/\/www.arovite.com\/en\/wp-json\/wp\/v2\/pages"}],"about":[{"href":"https:\/\/www.arovite.com\/en\/wp-json\/wp\/v2\/types\/page"}],"author":[{"embeddable":true,"href":"https:\/\/www.arovite.com\/en\/wp-json\/wp\/v2\/users\/2"}],"replies":[{"embeddable":true,"href":"https:\/\/www.arovite.com\/en\/wp-json\/wp\/v2\/comments?post=6162"}],"version-history":[{"count":1,"href":"https:\/\/www.arovite.com\/en\/wp-json\/wp\/v2\/pages\/6162\/revisions"}],"predecessor-version":[{"id":6194,"href":"https:\/\/www.arovite.com\/en\/wp-json\/wp\/v2\/pages\/6162\/revisions\/6194"}],"wp:attachment":[{"href":"https:\/\/www.arovite.com\/en\/wp-json\/wp\/v2\/media?parent=6162"}],"curies":[{"name":"wp","href":"https:\/\/api.w.org\/{rel}","templated":true}]}}