{"id":6123,"date":"2016-01-20T17:42:15","date_gmt":"2016-01-20T17:42:15","guid":{"rendered":"http:\/\/www.arovite.com\/?page_id=6123"},"modified":"2016-01-20T17:42:15","modified_gmt":"2016-01-20T17:42:15","slug":"fernandez-soldevilla-gaizka-2015-2","status":"publish","type":"page","link":"https:\/\/www.arovite.com\/en\/fernandez-soldevilla-gaizka-2015-2\/","title":{"rendered":"FERN\u00c1NDEZ SOLDEVILLA, Gaizka (2015)"},"content":{"rendered":"<div class=\"wpb-content-wrapper\"><p>[vc_row][vc_column width=&#8221;1\/1&#8243;][vc_column_text][vc_empty_space height=&#8221;20&#8243;]<br \/>\n<strong>Referencia bibliogr\u00e1fica<\/strong><br \/>\nFERN\u00c1NDEZ SOLDEVILLA, Gaizka (2015): \u00abMitos que matan. La narrativa del conflicto vasco\u00bb, <em>Ayer<\/em>, n\u00ba 98, pp. 213-240.<\/p>\n<p><a class=\"button blue  medium \" href=\"https:\/\/gaizkafernandez.files.wordpress.com\/2013\/01\/untitled.pdf\" target=\"_blank\">Consultar PDF<\/a>[vc_empty_space height=&#8221;10&#8243;]<br \/>\n<strong>Resumen<\/strong><br \/>\nEn este art\u00edculo se analiza cu\u00e1ndo se construy\u00f3 y c\u00f3mo funciona el relato de un secular \u00abconflicto\u00bb entre vascos y espa\u00f1oles, viga maestra de la cultura pol\u00edtica de ETA y el nacionalismo vasco radical. En primer lugar, se estudia el patr\u00f3n general de las narrativas del nacionalismo. En segundo t\u00e9rmino, se rastrean las fuentes intelectuales de la saga: la obra de Sabino Arana. Tercero, se atiende a la transformaci\u00f3n que experiment\u00f3 el canon aranista tras la Guerra Civil y la dictadura y su influencia en la primera generaci\u00f3n de etarras, la que comenz\u00f3 a  matar en 1968. En cuarto lugar, se se\u00f1ala c\u00f3mo los intelectuales org\u00e1nicos del nacionalismo vasco radical han propiciado la continuidad del fen\u00f3meno terrorista. Por \u00faltimo, se reflexiona sobre la importancia pol\u00edtica de los relatos hist\u00f3ricos en el presente del Pa\u00eds Vasco.<br \/>\n[vc_empty_space height=&#8221;10&#8243;]<br \/>\n<strong>Abstract<\/strong><br \/>\nThis article discusses how and when the story of a secular conflict between Basques and Spaniards was invented, which constitutes the main characteristic of the political culture of ETA and Basque radical nationalism. Firstly, the author studies the general pattern of the nationalist narratives. Secondly, the intellectual origins of the saga, specifically the work of Sabino Arana, are studied. Thirdly, the author examines the transformation of Arana\u2019s canon after the Civil War and Franco\u2019s dictatorship and its influence on the first generation of ETA members, who started killing in 1968. Fourthly, the article points out how the radical nationalist intellectuals have fostered the continuity of terrorism. Finally, the author reflects on the current role of these historical narratives in Basque politics.<br \/>\n[vc_empty_space height=&#8221;10&#8243;]<br \/>\n<strong>Autor<\/strong><br \/>\nGaizka Fern\u00e1ndez Soldevilla. <a title=\"Dialnet\" href=\"http:\/\/dialnet.unirioja.es\/servlet\/autor?codigo=2407724\" target=\"_blank\">P\u00e1gina del autor en Dialnet.<\/a><br \/>\n[vc_empty_space height=&#8221;10&#8243;]<br \/>\n<strong>Tipo de documento<\/strong><br \/>\nArt\u00edculo<br \/>\n[vc_empty_space height=&#8221;10&#8243;]<br \/>\n[\/vc_column_text][\/vc_column][\/vc_row]<\/p>\n<\/div>","protected":false},"excerpt":{"rendered":"<p>[vc_row][vc_column width=&#8221;1\/1&#8243;][vc_column_text][vc_empty_space height=&#8221;20&#8243;] Referencia bibliogr\u00e1fica FERN\u00c1NDEZ SOLDEVILLA, Gaizka (2015): \u00abMitos que matan. La narrativa del conflicto vasco\u00bb, Ayer, n\u00ba 98, pp. 213-240. Consultar PDF[vc_empty_space height=&#8221;10&#8243;] Resumen En este art\u00edculo se&hellip;<\/p>\n","protected":false},"author":2,"featured_media":0,"parent":0,"menu_order":0,"comment_status":"open","ping_status":"open","template":"","meta":{"om_disable_all_campaigns":false,"_monsterinsights_skip_tracking":false,"_monsterinsights_sitenote_active":false,"_monsterinsights_sitenote_note":"","_monsterinsights_sitenote_category":0,"_uf_show_specific_survey":0,"_uf_disable_surveys":false,"_vp_format_video_url":"","_vp_image_focal_point":[],"_vp_custom_popup_image":0,"_vp_format_audio_url":"","_vp_custom_thumbnail":0,"_vp_custom_thumbnail_focal_point":[],"_vp_hover_thumbnail":0,"_vp_hover_thumbnail_focal_point":[],"footnotes":""},"class_list":["post-6123","page","type-page","status-publish","hentry"],"aioseo_notices":[],"_links":{"self":[{"href":"https:\/\/www.arovite.com\/en\/wp-json\/wp\/v2\/pages\/6123","targetHints":{"allow":["GET"]}}],"collection":[{"href":"https:\/\/www.arovite.com\/en\/wp-json\/wp\/v2\/pages"}],"about":[{"href":"https:\/\/www.arovite.com\/en\/wp-json\/wp\/v2\/types\/page"}],"author":[{"embeddable":true,"href":"https:\/\/www.arovite.com\/en\/wp-json\/wp\/v2\/users\/2"}],"replies":[{"embeddable":true,"href":"https:\/\/www.arovite.com\/en\/wp-json\/wp\/v2\/comments?post=6123"}],"version-history":[{"count":1,"href":"https:\/\/www.arovite.com\/en\/wp-json\/wp\/v2\/pages\/6123\/revisions"}],"predecessor-version":[{"id":6146,"href":"https:\/\/www.arovite.com\/en\/wp-json\/wp\/v2\/pages\/6123\/revisions\/6146"}],"wp:attachment":[{"href":"https:\/\/www.arovite.com\/en\/wp-json\/wp\/v2\/media?parent=6123"}],"curies":[{"name":"wp","href":"https:\/\/api.w.org\/{rel}","templated":true}]}}