{"id":6114,"date":"2016-01-20T17:42:24","date_gmt":"2016-01-20T17:42:24","guid":{"rendered":"http:\/\/www.arovite.com\/?page_id=6114"},"modified":"2016-01-20T17:42:24","modified_gmt":"2016-01-20T17:42:24","slug":"fisas-vicenc-2010-3","status":"publish","type":"page","link":"https:\/\/www.arovite.com\/en\/fisas-vicenc-2010-3\/","title":{"rendered":"FISAS, Vicen\u00e7 (2010)"},"content":{"rendered":"<div class=\"wpb-content-wrapper\"><p>[vc_row][vc_column width=&#8221;1\/1&#8243;][vc_column_text][vc_empty_space height=&#8221;20&#8243;]<br \/>\n<strong>Referencia bibliogr\u00e1fica<\/strong><br \/>\nFISAS, Vicen\u00e7 (2010): \u00abEl proceso de paz en el Pa\u00eds Vasco\u00bb, <em>Quaderns de Construcci\u00f3 de Pau<\/em>, n\u00ba 16.<\/p>\n<p><a class=\"button blue  medium \" href=\"http:\/\/escolapau.uab.es\/img\/qcp\/procesos_paz_pais_vasco.pdf\" target=\"_blank\">Consultar PDF<\/a>[vc_empty_space height=&#8221;10&#8243;]<br \/>\n<strong>Resumen<\/strong><br \/>\nEl presente ensayo analiza los esfuerzos para abrir negociaciones con ETA desde el principio de la democracia hasta nuestros d\u00edas, con especial atenci\u00f3n al \u00faltimo intento, fallido, del Gobierno de J. L. Rodr\u00edguez Zapatero. Tambi\u00e9n se analiza la evoluci\u00f3n de la izquierda abertzale y su \u00faltima apuesta por las v\u00edas exclusivamente pol\u00edticas y no violentas.<br \/>\n[vc_empty_space height=&#8221;10&#8243;]<br \/>\n<strong>Autor<\/strong><br \/>\nVicen\u00e7 Fisas. <a title=\"Dialnet\" href=\"http:\/\/dialnet.unirioja.es\/servlet\/autor?codigo=32174\" target=\"_blank\">P\u00e1gina del autor en Dialnet.<\/a><br \/>\n[vc_empty_space height=&#8221;10&#8243;]<br \/>\n<strong>Tipo de documento<\/strong><br \/>\nArt\u00edculo<br \/>\n[vc_empty_space height=&#8221;10&#8243;]<br \/>\n[\/vc_column_text][\/vc_column][\/vc_row]<\/p>\n<\/div>","protected":false},"excerpt":{"rendered":"<p>[vc_row][vc_column width=&#8221;1\/1&#8243;][vc_column_text][vc_empty_space height=&#8221;20&#8243;] Referencia bibliogr\u00e1fica FISAS, Vicen\u00e7 (2010): \u00abEl proceso de paz en el Pa\u00eds Vasco\u00bb, Quaderns de Construcci\u00f3 de Pau, n\u00ba 16. Consultar PDF[vc_empty_space height=&#8221;10&#8243;] Resumen El presente ensayo&hellip;<\/p>\n","protected":false},"author":2,"featured_media":0,"parent":0,"menu_order":0,"comment_status":"open","ping_status":"open","template":"","meta":{"om_disable_all_campaigns":false,"_monsterinsights_skip_tracking":false,"_monsterinsights_sitenote_active":false,"_monsterinsights_sitenote_note":"","_monsterinsights_sitenote_category":0,"_uf_show_specific_survey":0,"_uf_disable_surveys":false,"_vp_format_video_url":"","_vp_image_focal_point":[],"_vp_custom_popup_image":0,"_vp_format_audio_url":"","_vp_custom_thumbnail":0,"_vp_custom_thumbnail_focal_point":[],"_vp_hover_thumbnail":0,"_vp_hover_thumbnail_focal_point":[],"footnotes":""},"class_list":["post-6114","page","type-page","status-publish","hentry"],"aioseo_notices":[],"_links":{"self":[{"href":"https:\/\/www.arovite.com\/en\/wp-json\/wp\/v2\/pages\/6114","targetHints":{"allow":["GET"]}}],"collection":[{"href":"https:\/\/www.arovite.com\/en\/wp-json\/wp\/v2\/pages"}],"about":[{"href":"https:\/\/www.arovite.com\/en\/wp-json\/wp\/v2\/types\/page"}],"author":[{"embeddable":true,"href":"https:\/\/www.arovite.com\/en\/wp-json\/wp\/v2\/users\/2"}],"replies":[{"embeddable":true,"href":"https:\/\/www.arovite.com\/en\/wp-json\/wp\/v2\/comments?post=6114"}],"version-history":[{"count":2,"href":"https:\/\/www.arovite.com\/en\/wp-json\/wp\/v2\/pages\/6114\/revisions"}],"predecessor-version":[{"id":6158,"href":"https:\/\/www.arovite.com\/en\/wp-json\/wp\/v2\/pages\/6114\/revisions\/6158"}],"wp:attachment":[{"href":"https:\/\/www.arovite.com\/en\/wp-json\/wp\/v2\/media?parent=6114"}],"curies":[{"name":"wp","href":"https:\/\/api.w.org\/{rel}","templated":true}]}}