{"id":6106,"date":"2016-01-20T17:41:39","date_gmt":"2016-01-20T17:41:39","guid":{"rendered":"http:\/\/www.arovite.com\/?page_id=6106"},"modified":"2016-01-20T17:41:39","modified_gmt":"2016-01-20T17:41:39","slug":"fernandez-soldevilla-gaizka-2014-2","status":"publish","type":"page","link":"https:\/\/www.arovite.com\/en\/fernandez-soldevilla-gaizka-2014-2\/","title":{"rendered":"FERN\u00c1NDEZ SOLDEVILLA, Gaizka (2014)"},"content":{"rendered":"<div class=\"wpb-content-wrapper\"><p>[vc_row][vc_column width=&#8221;1\/1&#8243;][vc_column_text][vc_empty_space height=&#8221;20&#8243;]<br \/>\n<strong>Referencia bibliogr\u00e1fica<\/strong><br \/>\nFERN\u00c1NDEZ SOLDEVILLA, Gaizka (2014): \u00abEcos de la Guerra Civil. La glorificaci\u00f3n del gudari en la g\u00e9nesis de la violencia de ETA (1936-1968)\u00bb, <em>Bulletin d\u2019histoire Contemporaine de l\u2019Espagne<\/em>, n\u00ba 49, pp. 247-262.<\/p>\n<p><a class=\"button blue  medium \" href=\"https:\/\/gaizkafernandez.files.wordpress.com\/2013\/01\/ecos-de-la-guerra-civil.pdf\" target=\"_blank\">Consultar PDF<\/a>[vc_empty_space height=&#8221;10&#8243;]<br \/>\n<strong>Resumen<\/strong><br \/>\nEl relato de los nacionalistas ata\u00f1e a la naci\u00f3n en su conjunto, pero est\u00e1 protagonizado por arquetipos individuales: h\u00e9roes, villanos, traidores, etc. Aqu\u00ed nos interesa el primero, de cuya instrumentalizaci\u00f3n simb\u00f3lica (por medio de conmemoraciones rituales, fiestas, manifestaciones, monumentos, carteles, pintadas, canciones, publicaciones peri\u00f3dicas, literatura hist\u00f3rica militante, memorias, novelas, obras de teatro, cine, etc.) en ocasiones se derivan sustanciosos r\u00e9ditos pol\u00edticos. El h\u00e9roe es un ser humano excepcional que se enfrenta valerosamente al enemigo de la patria. En caso de que su compromiso le lleve a sacrificar su vida, el h\u00e9roe es elevado a una categor\u00eda superior: \u00abla versi\u00f3n secularizada del m\u00e1rtir ca\u00eddo por Dios\u00bb. Los personajes heroicos tienen una clara funcionalidad: cohesionar a la naci\u00f3n, confirmar la identidad colectiva y potenciar la movilizaci\u00f3n, especialmente de la juventud militante, a la cual se le presenta un atractivo modelo a imitar.<br \/>\n[vc_empty_space height=&#8221;10&#8243;]<br \/>\n<strong>Autor<\/strong><br \/>\nGaizka Fern\u00e1ndez Soldevilla. <a title=\"Dialnet\" href=\"http:\/\/dialnet.unirioja.es\/servlet\/autor?codigo=2407724\" target=\"_blank\">P\u00e1gina del autor en Dialnet.<\/a><br \/>\n[vc_empty_space height=&#8221;10&#8243;]<br \/>\n<strong>Tipo de documento<\/strong><br \/>\nArt\u00edculo<br \/>\n[vc_empty_space height=&#8221;10&#8243;]<br \/>\n<a title=\"Enlace alternativo\" href=\"https:\/\/www.academia.edu\/7162375\/_2014_Ecos_de_la_Guerra_Civil._La_glorificaci%C3%B3n_del_gudari_en_la_g%C3%A9nesis_de_la_violencia_de_ETA_1936-1968_Bulletin_dhistoire_contemporaine_de_lEspagne_no_49_pp._247-262\" target=\"_blank\"><strong>Enlace alternativo.<\/strong><\/a><br \/>\n[vc_empty_space height=&#8221;10&#8243;]<br \/>\n[\/vc_column_text][\/vc_column][\/vc_row]<\/p>\n<\/div>","protected":false},"excerpt":{"rendered":"<p>[vc_row][vc_column width=&#8221;1\/1&#8243;][vc_column_text][vc_empty_space height=&#8221;20&#8243;] Referencia bibliogr\u00e1fica FERN\u00c1NDEZ SOLDEVILLA, Gaizka (2014): \u00abEcos de la Guerra Civil. La glorificaci\u00f3n del gudari en la g\u00e9nesis de la violencia de ETA (1936-1968)\u00bb, Bulletin d\u2019histoire Contemporaine&hellip;<\/p>\n","protected":false},"author":2,"featured_media":0,"parent":0,"menu_order":0,"comment_status":"open","ping_status":"open","template":"","meta":{"om_disable_all_campaigns":false,"_monsterinsights_skip_tracking":false,"_monsterinsights_sitenote_active":false,"_monsterinsights_sitenote_note":"","_monsterinsights_sitenote_category":0,"_uf_show_specific_survey":0,"_uf_disable_surveys":false,"_vp_format_video_url":"","_vp_image_focal_point":[],"_vp_custom_popup_image":0,"_vp_format_audio_url":"","_vp_custom_thumbnail":0,"_vp_custom_thumbnail_focal_point":[],"_vp_hover_thumbnail":0,"_vp_hover_thumbnail_focal_point":[],"footnotes":""},"class_list":["post-6106","page","type-page","status-publish","hentry"],"aioseo_notices":[],"_links":{"self":[{"href":"https:\/\/www.arovite.com\/en\/wp-json\/wp\/v2\/pages\/6106","targetHints":{"allow":["GET"]}}],"collection":[{"href":"https:\/\/www.arovite.com\/en\/wp-json\/wp\/v2\/pages"}],"about":[{"href":"https:\/\/www.arovite.com\/en\/wp-json\/wp\/v2\/types\/page"}],"author":[{"embeddable":true,"href":"https:\/\/www.arovite.com\/en\/wp-json\/wp\/v2\/users\/2"}],"replies":[{"embeddable":true,"href":"https:\/\/www.arovite.com\/en\/wp-json\/wp\/v2\/comments?post=6106"}],"version-history":[{"count":1,"href":"https:\/\/www.arovite.com\/en\/wp-json\/wp\/v2\/pages\/6106\/revisions"}],"predecessor-version":[{"id":6140,"href":"https:\/\/www.arovite.com\/en\/wp-json\/wp\/v2\/pages\/6106\/revisions\/6140"}],"wp:attachment":[{"href":"https:\/\/www.arovite.com\/en\/wp-json\/wp\/v2\/media?parent=6106"}],"curies":[{"name":"wp","href":"https:\/\/api.w.org\/{rel}","templated":true}]}}