{"id":6100,"date":"2016-01-20T17:40:15","date_gmt":"2016-01-20T17:40:15","guid":{"rendered":"http:\/\/www.arovite.com\/?page_id=6100"},"modified":"2016-01-20T17:40:15","modified_gmt":"2016-01-20T17:40:15","slug":"fernandez-soldevilla-gaizka-2013-3","status":"publish","type":"page","link":"https:\/\/www.arovite.com\/en\/fernandez-soldevilla-gaizka-2013-3\/","title":{"rendered":"FERN\u00c1NDEZ SOLDEVILLA, Gaizka (2013)"},"content":{"rendered":"<div class=\"wpb-content-wrapper\"><p>[vc_row][vc_column width=&#8221;1\/1&#8243;][vc_column_text][vc_empty_space height=&#8221;20&#8243;]<br \/>\n<strong>Referencia bibliogr\u00e1fica<\/strong><br \/>\nFERN\u00c1NDEZ SOLDEVILLA, Gaizka (2013): <em>H\u00e9roes, heterodoxos y traidores. Historia de Euskadiko Ezkerra (1974-1994)<\/em>. Madrid: Tecnos.<\/p>\n<p><a class=\"button blue  medium \" href=\"http:\/\/www.arovite.com\/documentos\/2013_Fernandez_Soldevilla.pdf\" target=\"_blank\">Consultar PDF<\/a>[vc_empty_space height=&#8221;10&#8243;]<br \/>\n<strong>Resumen<\/strong><br \/>\n<em>H\u00e9roes, heterodoxos y traidores<\/em> analiza las historias cruzadas de ETA pol\u00edtico-militar, EIA y Euskadiko Ezkerra. En el ocaso de la dictadura franquista cristaliz\u00f3 en el Pa\u00eds Vasco y Navarra la \u00ab<em>izquierda abertzale<\/em>\u00bb, un movimiento independentista nucleado en torno al caudillaje de ETA. De tal matriz surgieron en 1974 dos facciones que tomaron caminos divergentes durante la Transici\u00f3n. Por una parte, ETA militar y Herri Batasuna, que se enfrentaron violentamente a la democracia parlamentaria. Por otro lado, un sector m\u00e1s pragm\u00e1tico, el de ETApm, EIA y EE, que evolucion\u00f3 desde la complicidad con el terrorismo al compromiso c\u00edvico con la paz, desde el comunismo revolucionario a la socialdemocracia y desde el independentismo al autonomismo, piedra angular de su nacionalismo heterodoxo. Escrita desde la perspectiva de la historia pol\u00edtica y cultural, la presente obra examina este singular proceso de secularizaci\u00f3n, que contribuye a una mejor comprensi\u00f3n del pasado reciente del Pa\u00eds Vasco y, por ende, de Espa\u00f1a.<br \/>\n[vc_empty_space height=&#8221;10&#8243;]<br \/>\n<strong>Autor<\/strong><br \/>\nGaizka Fern\u00e1ndez Soldevilla. <a title=\"Dialnet\" href=\"http:\/\/dialnet.unirioja.es\/servlet\/autor?codigo=2407724\" target=\"_blank\">P\u00e1gina del autor en Dialnet.<\/a><br \/>\n[vc_empty_space height=&#8221;10&#8243;]<br \/>\n<strong>Tipo de documento<\/strong><br \/>\nLibro<br \/>\n[vc_empty_space height=&#8221;10&#8243;]<br \/>\n<a title=\"Enlace alternativo\" href=\"https:\/\/www.academia.edu\/3429451\/H%C3%A9roes_heterodoxos_y_traidores._Historia_de_Euskadiko_Ezkerra_1974-1994_._Madrid_Tecnos_2013\" target=\"_blank\"><strong>Enlace alternativo.<\/strong><\/a><br \/>\n[vc_empty_space height=&#8221;10&#8243;]<br \/>\n[\/vc_column_text][\/vc_column][\/vc_row]<\/p>\n<\/div>","protected":false},"excerpt":{"rendered":"<p>[vc_row][vc_column width=&#8221;1\/1&#8243;][vc_column_text][vc_empty_space height=&#8221;20&#8243;] Referencia bibliogr\u00e1fica FERN\u00c1NDEZ SOLDEVILLA, Gaizka (2013): H\u00e9roes, heterodoxos y traidores. Historia de Euskadiko Ezkerra (1974-1994). Madrid: Tecnos. Consultar PDF[vc_empty_space height=&#8221;10&#8243;] Resumen H\u00e9roes, heterodoxos y traidores analiza las&hellip;<\/p>\n","protected":false},"author":2,"featured_media":0,"parent":0,"menu_order":0,"comment_status":"open","ping_status":"open","template":"","meta":{"om_disable_all_campaigns":false,"_monsterinsights_skip_tracking":false,"_monsterinsights_sitenote_active":false,"_monsterinsights_sitenote_note":"","_monsterinsights_sitenote_category":0,"_uf_show_specific_survey":0,"_uf_disable_surveys":false,"_vp_format_video_url":"","_vp_image_focal_point":[],"_vp_custom_popup_image":0,"_vp_format_audio_url":"","_vp_custom_thumbnail":0,"_vp_custom_thumbnail_focal_point":[],"_vp_hover_thumbnail":0,"_vp_hover_thumbnail_focal_point":[],"footnotes":""},"class_list":["post-6100","page","type-page","status-publish","hentry"],"aioseo_notices":[],"_links":{"self":[{"href":"https:\/\/www.arovite.com\/en\/wp-json\/wp\/v2\/pages\/6100","targetHints":{"allow":["GET"]}}],"collection":[{"href":"https:\/\/www.arovite.com\/en\/wp-json\/wp\/v2\/pages"}],"about":[{"href":"https:\/\/www.arovite.com\/en\/wp-json\/wp\/v2\/types\/page"}],"author":[{"embeddable":true,"href":"https:\/\/www.arovite.com\/en\/wp-json\/wp\/v2\/users\/2"}],"replies":[{"embeddable":true,"href":"https:\/\/www.arovite.com\/en\/wp-json\/wp\/v2\/comments?post=6100"}],"version-history":[{"count":1,"href":"https:\/\/www.arovite.com\/en\/wp-json\/wp\/v2\/pages\/6100\/revisions"}],"predecessor-version":[{"id":6135,"href":"https:\/\/www.arovite.com\/en\/wp-json\/wp\/v2\/pages\/6100\/revisions\/6135"}],"wp:attachment":[{"href":"https:\/\/www.arovite.com\/en\/wp-json\/wp\/v2\/media?parent=6100"}],"curies":[{"name":"wp","href":"https:\/\/api.w.org\/{rel}","templated":true}]}}