{"id":6097,"date":"2016-01-20T17:37:57","date_gmt":"2016-01-20T17:37:57","guid":{"rendered":"http:\/\/www.arovite.com\/?page_id=6097"},"modified":"2016-01-20T17:37:57","modified_gmt":"2016-01-20T17:37:57","slug":"fernandez-soldevilla-gaizka-2012-2","status":"publish","type":"page","link":"https:\/\/www.arovite.com\/en\/fernandez-soldevilla-gaizka-2012-2\/","title":{"rendered":"FERN\u00c1NDEZ SOLDEVILLA, Gaizka (2012)"},"content":{"rendered":"<div class=\"wpb-content-wrapper\"><p>[vc_row][vc_column width=&#8221;1\/1&#8243;][vc_column_text][vc_empty_space height=&#8221;20&#8243;]<br \/>\n<strong>Referencia bibliogr\u00e1fica<\/strong><br \/>\nFERN\u00c1NDEZ SOLDEVILLA, Gaizka (2012): \u00abBombas y votos. ETA militar y el nacimiento de Herri Batasuna\u00bb, en NAVAJAS, Carlos y ITURRIAGA, Diego (coords.): <em>Coet\u00e1nea: III congreso Internacional de Historia de Nuestro Tiempo<\/em>. Logro\u00f1o: Universidad de La Rioja, pp. 353-364.<\/p>\n<p><a class=\"button blue  medium \" href=\"http:\/\/dialnet.unirioja.es\/servlet\/articulo?codigo=4052257\" target=\"_blank\">Consultar PDF<\/a>[vc_empty_space height=&#8221;10&#8243;]<br \/>\n<strong>Resumen<\/strong><br \/>\nEn 1974 ETA se dividi\u00f3 en dos organizaciones rivales. ETAm pretendi\u00f3 inhibirse de la pol\u00edtica y centrarse en el terrorismo. ETApm opt\u00f3 por formar un nuevo partido pol\u00edtico, EIA. Las elecciones de 1977 fueron un reto para el nacionalismo vasco radical, que adopt\u00f3 estrategias divergentes. ANV, ESB, ESEI y EIA decidieron participar, este \u00faltimo en el seno de la candidatura <em>Euskadiko Ezkerra<\/em>; ETAm, EHAS y LAIA apostaron por el boicot. EE obtuvo dos parlamentarios y apost\u00f3 por la v\u00eda institucional. La alta participaci\u00f3n oblig\u00f3 a ETAm a cambiar de planes. Se qued\u00f3 con la mayor parte de la herencia de ETA y, cuando HASI, LAIA, ANV y ESB formaron<em> Herri Batasuna<\/em>, ETAm la tom\u00f3 bajo su control.<br \/>\n[vc_empty_space height=&#8221;10&#8243;]<br \/>\n<strong>Autor<\/strong><br \/>\nGaizka Fern\u00e1ndez Soldevilla. <a title=\"Dialnet\" href=\"http:\/\/dialnet.unirioja.es\/servlet\/autor?codigo=2407724\" target=\"_blank\">P\u00e1gina del autor en Dialnet.<\/a><br \/>\n[vc_empty_space height=&#8221;10&#8243;]<br \/>\n<strong>Tipo de documento<\/strong><br \/>\nCap\u00edtulo de libro<br \/>\n[vc_empty_space height=&#8221;10&#8243;]<br \/>\n[\/vc_column_text][\/vc_column][\/vc_row]<\/p>\n<\/div>","protected":false},"excerpt":{"rendered":"<p>[vc_row][vc_column width=&#8221;1\/1&#8243;][vc_column_text][vc_empty_space height=&#8221;20&#8243;] Referencia bibliogr\u00e1fica FERN\u00c1NDEZ SOLDEVILLA, Gaizka (2012): \u00abBombas y votos. ETA militar y el nacimiento de Herri Batasuna\u00bb, en NAVAJAS, Carlos y ITURRIAGA, Diego (coords.): Coet\u00e1nea: III congreso&hellip;<\/p>\n","protected":false},"author":2,"featured_media":0,"parent":0,"menu_order":0,"comment_status":"open","ping_status":"open","template":"","meta":{"om_disable_all_campaigns":false,"_monsterinsights_skip_tracking":false,"_monsterinsights_sitenote_active":false,"_monsterinsights_sitenote_note":"","_monsterinsights_sitenote_category":0,"_uf_show_specific_survey":0,"_uf_disable_surveys":false,"_vp_format_video_url":"","_vp_image_focal_point":[],"_vp_custom_popup_image":0,"_vp_format_audio_url":"","_vp_custom_thumbnail":0,"_vp_custom_thumbnail_focal_point":[],"_vp_hover_thumbnail":0,"_vp_hover_thumbnail_focal_point":[],"footnotes":""},"class_list":["post-6097","page","type-page","status-publish","hentry"],"aioseo_notices":[],"_links":{"self":[{"href":"https:\/\/www.arovite.com\/en\/wp-json\/wp\/v2\/pages\/6097","targetHints":{"allow":["GET"]}}],"collection":[{"href":"https:\/\/www.arovite.com\/en\/wp-json\/wp\/v2\/pages"}],"about":[{"href":"https:\/\/www.arovite.com\/en\/wp-json\/wp\/v2\/types\/page"}],"author":[{"embeddable":true,"href":"https:\/\/www.arovite.com\/en\/wp-json\/wp\/v2\/users\/2"}],"replies":[{"embeddable":true,"href":"https:\/\/www.arovite.com\/en\/wp-json\/wp\/v2\/comments?post=6097"}],"version-history":[{"count":1,"href":"https:\/\/www.arovite.com\/en\/wp-json\/wp\/v2\/pages\/6097\/revisions"}],"predecessor-version":[{"id":6129,"href":"https:\/\/www.arovite.com\/en\/wp-json\/wp\/v2\/pages\/6097\/revisions\/6129"}],"wp:attachment":[{"href":"https:\/\/www.arovite.com\/en\/wp-json\/wp\/v2\/media?parent=6097"}],"curies":[{"name":"wp","href":"https:\/\/api.w.org\/{rel}","templated":true}]}}