{"id":6092,"date":"2016-01-20T17:34:52","date_gmt":"2016-01-20T17:34:52","guid":{"rendered":"http:\/\/www.arovite.com\/?page_id=6092"},"modified":"2016-01-20T17:34:52","modified_gmt":"2016-01-20T17:34:52","slug":"fernandez-soldevilla-gaizka-2010-3","status":"publish","type":"page","link":"https:\/\/www.arovite.com\/en\/fernandez-soldevilla-gaizka-2010-3\/","title":{"rendered":"FERN\u00c1NDEZ SOLDEVILLA, Gaizka (2010)"},"content":{"rendered":"<div class=\"wpb-content-wrapper\"><p>[vc_row][vc_column width=&#8221;1\/1&#8243;][vc_column_text][vc_empty_space height=&#8221;20&#8243;]<br \/>\n<strong>Referencia bibliogr\u00e1fica<\/strong><br \/>\nFERN\u00c1NDEZ SOLDEVILLA, Gaizka (2010): \u00ab\u201cYa no es todo blanco o negro\u201d: ETA, la izquierda abertzale y el cambio pol\u00edtico en Espa\u00f1a (1974-1977)\u00bb, en NAVAJAS, Carlos e ITURRIAGA, Diego (coords.): <em>Nov\u00edsima: II Congreso Internacional de Historia de Nuestro Tiempo<\/em>. Logro\u00f1o: Universidad de Logro\u00f1o, pp. 411-420.<\/p>\n<p><a class=\"button blue  medium \" href=\"http:\/\/dialnet.unirioja.es\/servlet\/articulo?codigo=3313033\" target=\"_blank\">Consultar PDF<\/a>[vc_empty_space height=&#8221;10&#8243;]<br \/>\n<strong>Resumen<\/strong><br \/>\nSe trata de dar una visi\u00f3n general de los partidos y organizaciones <em>abertzales<\/em> a la izquierda del PNV a la salida del franquismo, as\u00ed como de sus diferentes estrategias ante el reto de la Transici\u00f3n en Espa\u00f1a. Se intenta aclarar c\u00f3mo la decisi\u00f3n de participar o no en las elecciones de 1977, y sus resultados electorales, causaron que el nacionalismo vasco radical sufriera un proceso de crisis y divisi\u00f3n, c\u00f3mo se desarroll\u00f3 \u00e9sta y qu\u00e9 importancia tuvo en la creaci\u00f3n de dos proyectos pol\u00edticos opuestos: <em>Herri Batasuna<\/em> (HB) y <em>Euskadiko Ezkerra<\/em> (EE).<br \/>\n[vc_empty_space height=&#8221;10&#8243;]<br \/>\n<strong>Autor<\/strong><br \/>\nGaizka Fern\u00e1ndez Soldevilla. <a title=\"Dialnet\" href=\"http:\/\/dialnet.unirioja.es\/servlet\/autor?codigo=2407724\" target=\"_blank\">P\u00e1gina del autor en Dialnet.<\/a><br \/>\n[vc_empty_space height=&#8221;10&#8243;]<br \/>\n<strong>Tipo de documento<\/strong><br \/>\nCap\u00edtulo de libro<br \/>\n[vc_empty_space height=&#8221;10&#8243;][\/vc_column_text][\/vc_column][\/vc_row]<\/p>\n<\/div>","protected":false},"excerpt":{"rendered":"<p>[vc_row][vc_column width=&#8221;1\/1&#8243;][vc_column_text][vc_empty_space height=&#8221;20&#8243;] Referencia bibliogr\u00e1fica FERN\u00c1NDEZ SOLDEVILLA, Gaizka (2010): \u00ab\u201cYa no es todo blanco o negro\u201d: ETA, la izquierda abertzale y el cambio pol\u00edtico en Espa\u00f1a (1974-1977)\u00bb, en NAVAJAS, Carlos&hellip;<\/p>\n","protected":false},"author":2,"featured_media":0,"parent":0,"menu_order":0,"comment_status":"open","ping_status":"open","template":"","meta":{"om_disable_all_campaigns":false,"_monsterinsights_skip_tracking":false,"_monsterinsights_sitenote_active":false,"_monsterinsights_sitenote_note":"","_monsterinsights_sitenote_category":0,"_uf_show_specific_survey":0,"_uf_disable_surveys":false,"_vp_format_video_url":"","_vp_image_focal_point":[],"_vp_custom_popup_image":0,"_vp_format_audio_url":"","_vp_custom_thumbnail":0,"_vp_custom_thumbnail_focal_point":[],"_vp_hover_thumbnail":0,"_vp_hover_thumbnail_focal_point":[],"footnotes":""},"class_list":["post-6092","page","type-page","status-publish","hentry"],"aioseo_notices":[],"_links":{"self":[{"href":"https:\/\/www.arovite.com\/en\/wp-json\/wp\/v2\/pages\/6092","targetHints":{"allow":["GET"]}}],"collection":[{"href":"https:\/\/www.arovite.com\/en\/wp-json\/wp\/v2\/pages"}],"about":[{"href":"https:\/\/www.arovite.com\/en\/wp-json\/wp\/v2\/types\/page"}],"author":[{"embeddable":true,"href":"https:\/\/www.arovite.com\/en\/wp-json\/wp\/v2\/users\/2"}],"replies":[{"embeddable":true,"href":"https:\/\/www.arovite.com\/en\/wp-json\/wp\/v2\/comments?post=6092"}],"version-history":[{"count":1,"href":"https:\/\/www.arovite.com\/en\/wp-json\/wp\/v2\/pages\/6092\/revisions"}],"predecessor-version":[{"id":6124,"href":"https:\/\/www.arovite.com\/en\/wp-json\/wp\/v2\/pages\/6092\/revisions\/6124"}],"wp:attachment":[{"href":"https:\/\/www.arovite.com\/en\/wp-json\/wp\/v2\/media?parent=6092"}],"curies":[{"name":"wp","href":"https:\/\/api.w.org\/{rel}","templated":true}]}}