{"id":6003,"date":"2016-01-20T17:18:25","date_gmt":"2016-01-20T17:18:25","guid":{"rendered":"http:\/\/www.arovite.com\/?page_id=6003"},"modified":"2025-10-05T08:53:51","modified_gmt":"2025-10-05T08:53:51","slug":"fernandez-soldevilla-gaizka-2007-3","status":"publish","type":"page","link":"https:\/\/www.arovite.com\/en\/fernandez-soldevilla-gaizka-2007-3\/","title":{"rendered":"FERN\u00c1NDEZ SOLDEVILLA, Gaizka (2007)"},"content":{"rendered":"<div class=\"wpb-content-wrapper\"><p>[vc_row][vc_column width=&#8221;1\/1&#8243;][vc_column_text][vc_empty_space height=&#8221;20&#8243;]<br \/>\n<strong>Referencia bibliogr\u00e1fica<\/strong><br \/>\nFERN\u00c1NDEZ SOLDEVILLA, Gaizka (2007): \u00abEl nacionalismo vasco radical ante la Transici\u00f3n espa\u00f1ola\u00bb, <em>Historia Contempor\u00e1nea<\/em>, n\u00ba 35, pp. 817-844.<\/p>\n<p><a class=\"button blue  medium \" href=\"https:\/\/gaizkafernandez.files.wordpress.com\/2013\/01\/el-nacionalismo-vasco-radical-ante-la-transicic3b3n-espac3b1ola.pdf\" target=\"_blank\">Consultar PDF<\/a>[vc_empty_space height=&#8221;10&#8243;]<br \/>\n<strong>Resumen<\/strong><br \/>\nEl objeto de estudio de este art\u00edculo es la evoluci\u00f3n del nacionalismo vasco radical durante el final de la dictadura franquista y la fase inicial de la Transici\u00f3n. Es decir, desde el a\u00f1o 1974 hasta las primeras elecciones generales de junio de 1977. Se pretende explicar los motivos que llevaron a la divisi\u00f3n de ETA en dos facciones en 1974 y las consecuencias que esto acarre\u00f3. Tambi\u00e9n dar una visi\u00f3n general de los principales partidos y organizaciones <em>abertzales<\/em> a la izquierda del PNV, sus or\u00edgenes y su ideolog\u00eda.<br \/>\n[vc_empty_space height=&#8221;10&#8243;]<br \/>\n<strong>Autor<\/strong><br \/>\nGaizka Fern\u00e1ndez Soldevilla. <a title=\"Dialnet\" href=\"http:\/\/dialnet.unirioja.es\/servlet\/autor?codigo=2407724\" target=\"_blank\">P\u00e1gina del autor en Dialnet.<\/a><br \/>\n[vc_empty_space height=&#8221;10&#8243;]<br \/>\n<strong>Tipo de documento<\/strong><br \/>\nArt\u00edculo<br \/>\n[vc_empty_space height=&#8221;10&#8243;]<br \/>\n<a title=\"Enlace alternativo\" href=\"https:\/\/www.academia.edu\/1306967\/_El_nacionalismo_vasco_radical_ante_la_Transici%C3%B3n_espa%C3%B1ola_Historia_contempor%C3%A1nea_no_35_2007_pp._817-844\" target=\"_blank\"><strong>Enlace alternativo.<\/strong><\/a><br \/>\n[vc_empty_space height=&#8221;10&#8243;][\/vc_column_text][\/vc_column][\/vc_row]<\/p>\n<\/div>","protected":false},"excerpt":{"rendered":"<p>[vc_row][vc_column width=&#8221;1\/1&#8243;][vc_column_text][vc_empty_space height=&#8221;20&#8243;] Referencia bibliogr\u00e1fica FERN\u00c1NDEZ SOLDEVILLA, Gaizka (2007): \u00abEl nacionalismo vasco radical ante la Transici\u00f3n espa\u00f1ola\u00bb, Historia Contempor\u00e1nea, n\u00ba 35, pp. 817-844. Consultar PDF[vc_empty_space height=&#8221;10&#8243;] Resumen El objeto de&hellip;<\/p>\n","protected":false},"author":2,"featured_media":0,"parent":0,"menu_order":0,"comment_status":"open","ping_status":"open","template":"","meta":{"om_disable_all_campaigns":false,"_monsterinsights_skip_tracking":false,"_monsterinsights_sitenote_active":false,"_monsterinsights_sitenote_note":"","_monsterinsights_sitenote_category":0,"_uf_show_specific_survey":0,"_uf_disable_surveys":false,"_vp_format_video_url":"","_vp_image_focal_point":[],"_vp_custom_popup_image":0,"_vp_format_audio_url":"","_vp_custom_thumbnail":0,"_vp_custom_thumbnail_focal_point":[],"_vp_hover_thumbnail":0,"_vp_hover_thumbnail_focal_point":[],"footnotes":""},"class_list":["post-6003","page","type-page","status-publish","hentry"],"aioseo_notices":[],"_links":{"self":[{"href":"https:\/\/www.arovite.com\/en\/wp-json\/wp\/v2\/pages\/6003","targetHints":{"allow":["GET"]}}],"collection":[{"href":"https:\/\/www.arovite.com\/en\/wp-json\/wp\/v2\/pages"}],"about":[{"href":"https:\/\/www.arovite.com\/en\/wp-json\/wp\/v2\/types\/page"}],"author":[{"embeddable":true,"href":"https:\/\/www.arovite.com\/en\/wp-json\/wp\/v2\/users\/2"}],"replies":[{"embeddable":true,"href":"https:\/\/www.arovite.com\/en\/wp-json\/wp\/v2\/comments?post=6003"}],"version-history":[{"count":3,"href":"https:\/\/www.arovite.com\/en\/wp-json\/wp\/v2\/pages\/6003\/revisions"}],"predecessor-version":[{"id":24718,"href":"https:\/\/www.arovite.com\/en\/wp-json\/wp\/v2\/pages\/6003\/revisions\/24718"}],"wp:attachment":[{"href":"https:\/\/www.arovite.com\/en\/wp-json\/wp\/v2\/media?parent=6003"}],"curies":[{"name":"wp","href":"https:\/\/api.w.org\/{rel}","templated":true}]}}