{"id":6001,"date":"2016-01-20T17:18:23","date_gmt":"2016-01-20T17:18:23","guid":{"rendered":"http:\/\/www.arovite.com\/?page_id=6001"},"modified":"2016-01-20T17:18:23","modified_gmt":"2016-01-20T17:18:23","slug":"fernandez-de-casadevante-carlos-2012-3","status":"publish","type":"page","link":"https:\/\/www.arovite.com\/en\/fernandez-de-casadevante-carlos-2012-3\/","title":{"rendered":"FERN\u00c1NDEZ DE CASADEVANTE, Carlos (2012)"},"content":{"rendered":"<div class=\"wpb-content-wrapper\"><p>[vc_row][vc_column width=&#8221;1\/1&#8243;][vc_column_text][vc_empty_space height=&#8221;20&#8243;]<br \/>\n<strong>Referencia bibliogr\u00e1fica<\/strong><br \/>\nFERN\u00c1NDEZ DE CASADEVANTE, Carlos (2012): \u00abImpacto de la normativa internacional en materia de v\u00edctimas de delitos graves, especialmente de terrorismo, y de abuso de poder\u00bb, <em>Eguzkilore<\/em>, n\u00ba 26, pp. 157-171.<\/p>\n<p><a class=\"button blue  medium \" href=\"http:\/\/www.ehu.eus\/documents\/1736829\/2177136\/Fdz+Casadevante+Eguzkilore+26-17.pdf\" target=\"_blank\">Consultar PDF<\/a>[vc_empty_space height=&#8221;10&#8243;]<br \/>\n<strong>Resumen<\/strong><br \/>\nS\u00f3lo recientemente el Derecho Internacional \u2013esto es, los Estados\u2013 ha mostrado su inter\u00e9s por las v\u00edctimas; un inter\u00e9s concretado en un conjunto de normas internacionales relativas a distintas categor\u00edas de v\u00edctimas. Sin embargo, y pese a constituir el terrorismo una violaci\u00f3n grave de los derechos humanos y un crimen internacional, a d\u00eda de hoy y salvo el Consejo de Europa, no existe ninguna norma internacional que tenga por objeto a las v\u00edctimas del terrorismo. Es esta una laguna que es preciso llenar con urgencia tanto en el \u00e1mbito de la ONU como en el de la Uni\u00f3n Europea. No es una tarea dif\u00edcil. Basta con seguir los pasos marcado por el Consejo de Europa con sus L\u00edneas directrices sobre la protecci\u00f3n de las v\u00edctimas de actos terroristas, adoptadas por el Comit\u00e9 de Ministros del Consejo de Europa el 2 de marzo de 2005.<br \/>\n[vc_empty_space height=&#8221;10&#8243;]<br \/>\n<strong>Laburpena<\/strong><br \/>\nSoilik duela gutxi erakutsi du Nazioarteko Zuzenbideak \u2013hots, estatuek\u2013 biktimekiko interesa; interes hori biktimen kategoriei buruzko nazioarteko arau multzo batean zehaztuta dago. Hala ere, terrorismoa giza eskubideen urradura larria eta nazioarteko krimena izanagatik, gaur egun ez dago terrorismoaren biktimei buruzko nazioarteko araurik, Europako Kontseilua salbu. Beharrezkoa da hutsune hori lehenbailehen betetzea NBEren nahiz Europar Batasunaren arloan. Ez da lan erraza. Nahikoa da Europako Kontseiluak ezarritako urratsei jarraitzea, hain zuzen ere, Europako Kontseiluko Ministro Batzordeak 2005eko martxoaren 2an onartutako ekintza terroristen biktimak babesteari buruzko arauei.<br \/>\n[vc_empty_space height=&#8221;10&#8243;]<br \/>\n<strong>Autor<\/strong><br \/>\nCarlos Fern\u00e1ndez de Casadevante. <a title=\"Dialnet\" href=\"http:\/\/dialnet.unirioja.es\/servlet\/autor?codigo=266379\" target=\"_blank\">P\u00e1gina del autor en Dialnet.<\/a><br \/>\n[vc_empty_space height=&#8221;10&#8243;]<br \/>\n<strong>Tipo de documento<\/strong><br \/>\nArt\u00edculo<br \/>\n[vc_empty_space height=&#8221;10&#8243;]<br \/>\n<a title=\"Enlace alternativo\" href=\"http:\/\/dialnet.unirioja.es\/servlet\/articulo?codigo=4080283\" target=\"_blank\"><strong>Enlace alternativo.<\/strong><\/a><br \/>\n[vc_empty_space height=&#8221;10&#8243;][\/vc_column_text][\/vc_column][\/vc_row]<\/p>\n<\/div>","protected":false},"excerpt":{"rendered":"<p>[vc_row][vc_column width=&#8221;1\/1&#8243;][vc_column_text][vc_empty_space height=&#8221;20&#8243;] Referencia bibliogr\u00e1fica FERN\u00c1NDEZ DE CASADEVANTE, Carlos (2012): \u00abImpacto de la normativa internacional en materia de v\u00edctimas de delitos graves, especialmente de terrorismo, y de abuso de poder\u00bb,&hellip;<\/p>\n","protected":false},"author":2,"featured_media":0,"parent":0,"menu_order":0,"comment_status":"open","ping_status":"open","template":"","meta":{"om_disable_all_campaigns":false,"_monsterinsights_skip_tracking":false,"_monsterinsights_sitenote_active":false,"_monsterinsights_sitenote_note":"","_monsterinsights_sitenote_category":0,"_uf_show_specific_survey":0,"_uf_disable_surveys":false,"_vp_format_video_url":"","_vp_image_focal_point":[],"_vp_custom_popup_image":0,"_vp_format_audio_url":"","_vp_custom_thumbnail":0,"_vp_custom_thumbnail_focal_point":[],"_vp_hover_thumbnail":0,"_vp_hover_thumbnail_focal_point":[],"footnotes":""},"class_list":["post-6001","page","type-page","status-publish","hentry"],"aioseo_notices":[],"_links":{"self":[{"href":"https:\/\/www.arovite.com\/en\/wp-json\/wp\/v2\/pages\/6001","targetHints":{"allow":["GET"]}}],"collection":[{"href":"https:\/\/www.arovite.com\/en\/wp-json\/wp\/v2\/pages"}],"about":[{"href":"https:\/\/www.arovite.com\/en\/wp-json\/wp\/v2\/types\/page"}],"author":[{"embeddable":true,"href":"https:\/\/www.arovite.com\/en\/wp-json\/wp\/v2\/users\/2"}],"replies":[{"embeddable":true,"href":"https:\/\/www.arovite.com\/en\/wp-json\/wp\/v2\/comments?post=6001"}],"version-history":[{"count":1,"href":"https:\/\/www.arovite.com\/en\/wp-json\/wp\/v2\/pages\/6001\/revisions"}],"predecessor-version":[{"id":6082,"href":"https:\/\/www.arovite.com\/en\/wp-json\/wp\/v2\/pages\/6001\/revisions\/6082"}],"wp:attachment":[{"href":"https:\/\/www.arovite.com\/en\/wp-json\/wp\/v2\/media?parent=6001"}],"curies":[{"name":"wp","href":"https:\/\/api.w.org\/{rel}","templated":true}]}}