{"id":5995,"date":"2016-01-20T17:16:48","date_gmt":"2016-01-20T17:16:48","guid":{"rendered":"http:\/\/www.arovite.com\/?page_id=5995"},"modified":"2016-01-20T17:16:48","modified_gmt":"2016-01-20T17:16:48","slug":"fernandez-barbadillo-pedro-y-ruiz-miguel-carlos-2003-3","status":"publish","type":"page","link":"https:\/\/www.arovite.com\/en\/fernandez-barbadillo-pedro-y-ruiz-miguel-carlos-2003-3\/","title":{"rendered":"FERN\u00c1NDEZ BARBADILLO, Pedro y RUIZ MIGUEL, Carlos (2003)"},"content":{"rendered":"<div class=\"wpb-content-wrapper\"><p>[vc_row][vc_column width=&#8221;1\/1&#8243;][vc_column_text][vc_empty_space height=&#8221;20&#8243;]<br \/>\n<strong>Referencia bibliogr\u00e1fica<\/strong><br \/>\nFERN\u00c1NDEZ BARBADILLO, Pedro y RUIZ MIGUEL, Carlos (2003): \u00ab\u00bfAprobaron los vascos la Constituci\u00f3n?\u00bb, <em>Revista de Estudios Pol\u00edticos<\/em>, n\u00ba 122, pp. 167-178.<\/p>\n<p><a class=\"button blue  medium \" href=\"http:\/\/www.cepc.gob.es\/publicaciones\/revistas\/revistaselectronicas?IDR=3&#038;IDN=279&#038;IDA=17525\" target=\"_blank\">Consultar PDF<\/a>[vc_empty_space height=&#8221;10&#8243;]<br \/>\n<strong>Resumen<\/strong><br \/>\nUno de los objetivos de la Constituci\u00f3n Espa\u00f1ola de 1978 fue la integraci\u00f3n de los nacionalistas vascos y catalanes, de lo que es muestra el establecimiento del Estado de las autonom\u00edas. Pero en el refer\u00e9ndum al que se someti\u00f3 la ley fundamental, el Partido Nacionalista Vasco pidi\u00f3 la abstenci\u00f3n. Desde entonces, el nacionalismo vasco ha afirmado que la Constituci\u00f3n no recibi\u00f3 el respaldo mayoritario de los vascos y, por tanto, carece de legitimidad. En este trabajo se pretende cuestionar esta afirmaci\u00f3n que ha venido siendo aceptada en nuestro pa\u00eds, pr\u00e1cticamente sin discusi\u00f3n. Esta nota pretende argumentar que m\u00e1s bien ocurri\u00f3 lo contrario.<br \/>\n[vc_empty_space height=&#8221;10&#8243;]<br \/>\n<strong>Autor<\/strong><br \/>\nPedro Fern\u00e1ndez Barbadillo. <a title=\"Dialnet\" href=\"http:\/\/dialnet.unirioja.es\/servlet\/autor?codigo=752909\" target=\"_blank\">P\u00e1gina del autor en Dialnet.<\/a><br \/>\nCarlos Ruiz Miguel. <a title=\"Dialnet\" href=\"http:\/\/dialnet.unirioja.es\/servlet\/autor?codigo=176117\" target=\"_blank\">P\u00e1gina del autor en Dialnet.<\/a><br \/>\n[vc_empty_space height=&#8221;10&#8243;]<br \/>\n<strong>Tipo de documento<\/strong><br \/>\nArt\u00edculo<br \/>\n[vc_empty_space height=&#8221;10&#8243;]<br \/>\n<a title=\"Enlace alternativo\" href=\"http:\/\/dialnet.unirioja.es\/servlet\/articulo?codigo=767052\" target=\"_blank\"><strong>Enlace alternativo.<\/strong><\/a><br \/>\n[vc_empty_space height=&#8221;10&#8243;]<br \/>\n[\/vc_column_text][\/vc_column][\/vc_row]<\/p>\n<\/div>","protected":false},"excerpt":{"rendered":"<p>[vc_row][vc_column width=&#8221;1\/1&#8243;][vc_column_text][vc_empty_space height=&#8221;20&#8243;] Referencia bibliogr\u00e1fica FERN\u00c1NDEZ BARBADILLO, Pedro y RUIZ MIGUEL, Carlos (2003): \u00ab\u00bfAprobaron los vascos la Constituci\u00f3n?\u00bb, Revista de Estudios Pol\u00edticos, n\u00ba 122, pp. 167-178. Consultar PDF[vc_empty_space height=&#8221;10&#8243;] Resumen&hellip;<\/p>\n","protected":false},"author":2,"featured_media":0,"parent":0,"menu_order":0,"comment_status":"open","ping_status":"open","template":"","meta":{"om_disable_all_campaigns":false,"_monsterinsights_skip_tracking":false,"_monsterinsights_sitenote_active":false,"_monsterinsights_sitenote_note":"","_monsterinsights_sitenote_category":0,"_uf_show_specific_survey":0,"_uf_disable_surveys":false,"_vp_format_video_url":"","_vp_image_focal_point":[],"_vp_custom_popup_image":0,"_vp_format_audio_url":"","_vp_custom_thumbnail":0,"_vp_custom_thumbnail_focal_point":[],"_vp_hover_thumbnail":0,"_vp_hover_thumbnail_focal_point":[],"footnotes":""},"class_list":["post-5995","page","type-page","status-publish","hentry"],"aioseo_notices":[],"_links":{"self":[{"href":"https:\/\/www.arovite.com\/en\/wp-json\/wp\/v2\/pages\/5995","targetHints":{"allow":["GET"]}}],"collection":[{"href":"https:\/\/www.arovite.com\/en\/wp-json\/wp\/v2\/pages"}],"about":[{"href":"https:\/\/www.arovite.com\/en\/wp-json\/wp\/v2\/types\/page"}],"author":[{"embeddable":true,"href":"https:\/\/www.arovite.com\/en\/wp-json\/wp\/v2\/users\/2"}],"replies":[{"embeddable":true,"href":"https:\/\/www.arovite.com\/en\/wp-json\/wp\/v2\/comments?post=5995"}],"version-history":[{"count":1,"href":"https:\/\/www.arovite.com\/en\/wp-json\/wp\/v2\/pages\/5995\/revisions"}],"predecessor-version":[{"id":6073,"href":"https:\/\/www.arovite.com\/en\/wp-json\/wp\/v2\/pages\/5995\/revisions\/6073"}],"wp:attachment":[{"href":"https:\/\/www.arovite.com\/en\/wp-json\/wp\/v2\/media?parent=5995"}],"curies":[{"name":"wp","href":"https:\/\/api.w.org\/{rel}","templated":true}]}}