{"id":5987,"date":"2016-01-20T17:18:44","date_gmt":"2016-01-20T17:18:44","guid":{"rendered":"http:\/\/www.arovite.com\/?page_id=5987"},"modified":"2016-01-20T17:18:44","modified_gmt":"2016-01-20T17:18:44","slug":"euskobarometro-ed-2006-3","status":"publish","type":"page","link":"https:\/\/www.arovite.com\/en\/euskobarometro-ed-2006-3\/","title":{"rendered":"EUSKOBAR\u00d3METRO (ed.) (2006)"},"content":{"rendered":"<div class=\"wpb-content-wrapper\"><p>[vc_row][vc_column width=&#8221;1\/1&#8243;][vc_column_text][vc_empty_space height=&#8221;20&#8243;]<br \/>\n<strong>Referencia bibliogr\u00e1fica<\/strong><br \/>\nEUSKOBAR\u00d3METRO (ed.) (2006): <em>Los espa\u00f1oles ante el terrorismo y sus v\u00edctimas: avance de resultados de la III encuesta nacional<\/em>. Fundaci\u00f3n de V\u00edctimas del Terrorismo y Euskobar\u00f3metro.<\/p>\n<p><a class=\"button blue  medium \" href=\"http:\/\/www.arovite.com\/documentos\/2006_Euskobarometro.pdf\" target=\"_blank\">Consultar PDF<\/a>[vc_empty_space height=&#8221;10&#8243;]<\/p>\n<p><strong>Tipo de documento<\/strong><br \/>\nResumen de libro<br \/>\n[vc_empty_space height=&#8221;10&#8243;]<br \/>\n<a title=\"Enlace alternativo\" href=\"http:\/\/www.ehu.eus\/documents\/1457190\/1547454\/tercer+estudio+victimas.pdf\" target=\"_blank\"><strong>Enlace alternativo.<\/strong><\/a><br \/>\n[vc_empty_space height=&#8221;10&#8243;][\/vc_column_text][\/vc_column][\/vc_row]<\/p>\n<\/div>","protected":false},"excerpt":{"rendered":"<p>[vc_row][vc_column width=&#8221;1\/1&#8243;][vc_column_text][vc_empty_space height=&#8221;20&#8243;] Referencia bibliogr\u00e1fica EUSKOBAR\u00d3METRO (ed.) (2006): Los espa\u00f1oles ante el terrorismo y sus v\u00edctimas: avance de resultados de la III encuesta nacional. Fundaci\u00f3n de V\u00edctimas del Terrorismo y&hellip;<\/p>\n","protected":false},"author":2,"featured_media":0,"parent":0,"menu_order":0,"comment_status":"open","ping_status":"open","template":"","meta":{"om_disable_all_campaigns":false,"_monsterinsights_skip_tracking":false,"_monsterinsights_sitenote_active":false,"_monsterinsights_sitenote_note":"","_monsterinsights_sitenote_category":0,"_uf_show_specific_survey":0,"_uf_disable_surveys":false,"_vp_format_video_url":"","_vp_image_focal_point":[],"_vp_custom_popup_image":0,"_vp_format_audio_url":"","_vp_custom_thumbnail":0,"_vp_custom_thumbnail_focal_point":[],"_vp_hover_thumbnail":0,"_vp_hover_thumbnail_focal_point":[],"footnotes":""},"class_list":["post-5987","page","type-page","status-publish","hentry"],"aioseo_notices":[],"_links":{"self":[{"href":"https:\/\/www.arovite.com\/en\/wp-json\/wp\/v2\/pages\/5987","targetHints":{"allow":["GET"]}}],"collection":[{"href":"https:\/\/www.arovite.com\/en\/wp-json\/wp\/v2\/pages"}],"about":[{"href":"https:\/\/www.arovite.com\/en\/wp-json\/wp\/v2\/types\/page"}],"author":[{"embeddable":true,"href":"https:\/\/www.arovite.com\/en\/wp-json\/wp\/v2\/users\/2"}],"replies":[{"embeddable":true,"href":"https:\/\/www.arovite.com\/en\/wp-json\/wp\/v2\/comments?post=5987"}],"version-history":[{"count":1,"href":"https:\/\/www.arovite.com\/en\/wp-json\/wp\/v2\/pages\/5987\/revisions"}],"predecessor-version":[{"id":6085,"href":"https:\/\/www.arovite.com\/en\/wp-json\/wp\/v2\/pages\/5987\/revisions\/6085"}],"wp:attachment":[{"href":"https:\/\/www.arovite.com\/en\/wp-json\/wp\/v2\/media?parent=5987"}],"curies":[{"name":"wp","href":"https:\/\/api.w.org\/{rel}","templated":true}]}}