{"id":5979,"date":"2016-01-20T17:11:36","date_gmt":"2016-01-20T17:11:36","guid":{"rendered":"http:\/\/www.arovite.com\/?page_id=5979"},"modified":"2016-01-20T17:11:36","modified_gmt":"2016-01-20T17:11:36","slug":"etxeberria-xabier-2010b-2","status":"publish","type":"page","link":"https:\/\/www.arovite.com\/en\/etxeberria-xabier-2010b-2\/","title":{"rendered":"ETXEBERRIA, Xabier (2010)b"},"content":{"rendered":"<div class=\"wpb-content-wrapper\"><p>[vc_row][vc_column width=&#8221;1\/1&#8243;][vc_column_text][vc_empty_space height=&#8221;20&#8243;]<br \/>\n<strong>Referencia bibliogr\u00e1fica<\/strong><br \/>\nETXEBERRIA, Xabier (2010): \u00abV\u00edctimas y memoria\u00bb, <em>Papeles de Relaciones Ecosociales y Cambio Global<\/em>, n\u00ba 109, pp. 57-65.<\/p>\n<p><a class=\"button blue  medium \" href=\"https:\/\/www.fuhem.es\/media\/cdv\/file\/biblioteca\/PDF%20Papeles\/109\/Victimas_y_memoria_X.ETXEBERRIA.pdf\" target=\"_blank\">Consultar PDF<\/a>[vc_empty_space height=&#8221;10&#8243;]<br \/>\n<strong>Resumen<\/strong><br \/>\nEl objetivo de estas l\u00edneas es analizar el papel que juega y debe jugar la memoria de las victimaciones sufridas. Se da a la noci\u00f3n de v\u00edctima una dimensi\u00f3n moral, seg\u00fan la cual es v\u00edctima no meramente la persona que sufre sino aquella que sufre por una iniciativa atribuible, directa o indirectamente, a otro ser humano y que debe ser calificada como injusta seg\u00fan el criterio de los derechos humanos tomados en su indivisibilidad e interdependencia. Se comienza explorando primero la memoria subjetiva de las v\u00edctimas, para pasar luego a estudiar las objetivaciones en las que puede plasmarse, el deber de acogida de la ciudadan\u00eda y los usos p\u00fablicos que pueden hacerse de los recuerdos de las victimaciones y los relatos en los que se plasman.<br \/>\n[vc_empty_space height=&#8221;10&#8243;]<br \/>\n<strong>Autor<\/strong><br \/>\nXabier Etxeberria. <a title=\"Dialnet\" href=\"http:\/\/dialnet.unirioja.es\/servlet\/autor?codigo=553761\" target=\"_blank\">P\u00e1gina del autor en Dialnet.<\/a><br \/>\n[vc_empty_space height=&#8221;10&#8243;]<br \/>\n<strong>Tipo de documento<\/strong><br \/>\nArt\u00edculo<br \/>\n[vc_empty_space height=&#8221;10&#8243;]<br \/>\n[\/vc_column_text][\/vc_column][\/vc_row]<\/p>\n<\/div>","protected":false},"excerpt":{"rendered":"<p>[vc_row][vc_column width=&#8221;1\/1&#8243;][vc_column_text][vc_empty_space height=&#8221;20&#8243;] Referencia bibliogr\u00e1fica ETXEBERRIA, Xabier (2010): \u00abV\u00edctimas y memoria\u00bb, Papeles de Relaciones Ecosociales y Cambio Global, n\u00ba 109, pp. 57-65. Consultar PDF[vc_empty_space height=&#8221;10&#8243;] Resumen El objetivo de estas&hellip;<\/p>\n","protected":false},"author":2,"featured_media":0,"parent":0,"menu_order":0,"comment_status":"open","ping_status":"open","template":"","meta":{"om_disable_all_campaigns":false,"_monsterinsights_skip_tracking":false,"_monsterinsights_sitenote_active":false,"_monsterinsights_sitenote_note":"","_monsterinsights_sitenote_category":0,"_uf_show_specific_survey":0,"_uf_disable_surveys":false,"_vp_format_video_url":"","_vp_image_focal_point":[],"_vp_custom_popup_image":0,"_vp_format_audio_url":"","_vp_custom_thumbnail":0,"_vp_custom_thumbnail_focal_point":[],"_vp_hover_thumbnail":0,"_vp_hover_thumbnail_focal_point":[],"footnotes":""},"class_list":["post-5979","page","type-page","status-publish","hentry"],"aioseo_notices":[],"_links":{"self":[{"href":"https:\/\/www.arovite.com\/en\/wp-json\/wp\/v2\/pages\/5979","targetHints":{"allow":["GET"]}}],"collection":[{"href":"https:\/\/www.arovite.com\/en\/wp-json\/wp\/v2\/pages"}],"about":[{"href":"https:\/\/www.arovite.com\/en\/wp-json\/wp\/v2\/types\/page"}],"author":[{"embeddable":true,"href":"https:\/\/www.arovite.com\/en\/wp-json\/wp\/v2\/users\/2"}],"replies":[{"embeddable":true,"href":"https:\/\/www.arovite.com\/en\/wp-json\/wp\/v2\/comments?post=5979"}],"version-history":[{"count":1,"href":"https:\/\/www.arovite.com\/en\/wp-json\/wp\/v2\/pages\/5979\/revisions"}],"predecessor-version":[{"id":6058,"href":"https:\/\/www.arovite.com\/en\/wp-json\/wp\/v2\/pages\/5979\/revisions\/6058"}],"wp:attachment":[{"href":"https:\/\/www.arovite.com\/en\/wp-json\/wp\/v2\/media?parent=5979"}],"curies":[{"name":"wp","href":"https:\/\/api.w.org\/{rel}","templated":true}]}}