{"id":5977,"date":"2016-01-20T17:11:32","date_gmt":"2016-01-20T17:11:32","guid":{"rendered":"http:\/\/www.arovite.com\/?page_id=5977"},"modified":"2016-01-20T17:11:32","modified_gmt":"2016-01-20T17:11:32","slug":"etxeberria-xabier-2010-2","status":"publish","type":"page","link":"https:\/\/www.arovite.com\/en\/etxeberria-xabier-2010-2\/","title":{"rendered":"ETXEBERRIA, Xabier (2010)"},"content":{"rendered":"<div class=\"wpb-content-wrapper\"><p>[vc_row][vc_column width=&#8221;1\/1&#8243;][vc_column_text][vc_empty_space height=&#8221;20&#8243;]<br \/>\n<strong>Referencia bibliogr\u00e1fica<\/strong><br \/>\nETXEBERRIA, Xabier (2010): \u00abHistorizaci\u00f3n de la memoria de las v\u00edctimas del terrorismo en el Pa\u00eds Vasco\u00bb, en RIVERA, Antonio y CARNICERO HERREROS, Carlos (eds.): <em>Violencia pol\u00edtica. Historia, memoria y v\u00edctimas<\/em>. Madrid: Maia, pp. 287-316.<\/p>\n<p><a class=\"button blue  medium \" href=\"http:\/\/www.arovite.com\/documentos\/2010_Etxeberria.pdf\" target=\"_blank\">Consultar PDF<\/a>[vc_empty_space height=&#8221;10&#8243;]<br \/>\n<strong>Resumen<\/strong><br \/>\nEl tema de la memoria, aplicado a las v\u00edctimas del terrorismo en el Pa\u00eds Vasco, tiene diversas vertientes, fuertemente relacionadas entre ellas. Por mi parte, he tratado de hacer un acercamiento global a \u00e9l en un trabajo precedente (2007). Lo que ahora pretendo con esta aportaci\u00f3n es destacar uno de sus aspectos, el hist\u00f3rico, para realzar m\u00e1s si cabe su relevancia y para abordarlo con mayor profundidad. Creo que es lo que se impone. Creo, adem\u00e1s, y es la raz\u00f3n decisiva, que es lo que nos puede ser reclamado por las v\u00edctimas, a partir de la constataci\u00f3n de la insuficiencia de nuestro actual acercamiento a ellas desde la perspectiva de la historia.<br \/>\n[vc_empty_space height=&#8221;10&#8243;]<br \/>\n<strong>Autor<\/strong><br \/>\nXabier Etxeberria. <a title=\"Dialnet\" href=\"http:\/\/dialnet.unirioja.es\/servlet\/autor?codigo=553761\" target=\"_blank\">P\u00e1gina del autor en Dialnet.<\/a><br \/>\n[vc_empty_space height=&#8221;10&#8243;]<br \/>\n<strong>Tipo de documento<\/strong><br \/>\nCap\u00edtulo de libro<br \/>\n[vc_empty_space height=&#8221;10&#8243;]<br \/>\n[\/vc_column_text][\/vc_column][\/vc_row]<\/p>\n<\/div>","protected":false},"excerpt":{"rendered":"<p>[vc_row][vc_column width=&#8221;1\/1&#8243;][vc_column_text][vc_empty_space height=&#8221;20&#8243;] Referencia bibliogr\u00e1fica ETXEBERRIA, Xabier (2010): \u00abHistorizaci\u00f3n de la memoria de las v\u00edctimas del terrorismo en el Pa\u00eds Vasco\u00bb, en RIVERA, Antonio y CARNICERO HERREROS, Carlos (eds.): Violencia&hellip;<\/p>\n","protected":false},"author":2,"featured_media":0,"parent":0,"menu_order":0,"comment_status":"open","ping_status":"open","template":"","meta":{"om_disable_all_campaigns":false,"_monsterinsights_skip_tracking":false,"_monsterinsights_sitenote_active":false,"_monsterinsights_sitenote_note":"","_monsterinsights_sitenote_category":0,"_uf_show_specific_survey":0,"_uf_disable_surveys":false,"_vp_format_video_url":"","_vp_image_focal_point":[],"_vp_custom_popup_image":0,"_vp_format_audio_url":"","_vp_custom_thumbnail":0,"_vp_custom_thumbnail_focal_point":[],"_vp_hover_thumbnail":0,"_vp_hover_thumbnail_focal_point":[],"footnotes":""},"class_list":["post-5977","page","type-page","status-publish","hentry"],"aioseo_notices":[],"_links":{"self":[{"href":"https:\/\/www.arovite.com\/en\/wp-json\/wp\/v2\/pages\/5977","targetHints":{"allow":["GET"]}}],"collection":[{"href":"https:\/\/www.arovite.com\/en\/wp-json\/wp\/v2\/pages"}],"about":[{"href":"https:\/\/www.arovite.com\/en\/wp-json\/wp\/v2\/types\/page"}],"author":[{"embeddable":true,"href":"https:\/\/www.arovite.com\/en\/wp-json\/wp\/v2\/users\/2"}],"replies":[{"embeddable":true,"href":"https:\/\/www.arovite.com\/en\/wp-json\/wp\/v2\/comments?post=5977"}],"version-history":[{"count":1,"href":"https:\/\/www.arovite.com\/en\/wp-json\/wp\/v2\/pages\/5977\/revisions"}],"predecessor-version":[{"id":6056,"href":"https:\/\/www.arovite.com\/en\/wp-json\/wp\/v2\/pages\/5977\/revisions\/6056"}],"wp:attachment":[{"href":"https:\/\/www.arovite.com\/en\/wp-json\/wp\/v2\/media?parent=5977"}],"curies":[{"name":"wp","href":"https:\/\/api.w.org\/{rel}","templated":true}]}}