{"id":5971,"date":"2016-01-20T17:11:24","date_gmt":"2016-01-20T17:11:24","guid":{"rendered":"http:\/\/www.arovite.com\/?page_id=5971"},"modified":"2016-01-24T21:26:05","modified_gmt":"2016-01-24T21:26:05","slug":"etxaniz-jose-angel-2014-3","status":"publish","type":"page","link":"https:\/\/www.arovite.com\/en\/etxaniz-jose-angel-2014-3\/","title":{"rendered":"ETXANIZ, Jos\u00e9 \u00c1ngel (2014)"},"content":{"rendered":"<div class=\"wpb-content-wrapper\"><p>[vc_row][vc_column width=&#8221;1\/1&#8243;][vc_column_text][vc_empty_space height=&#8221;20&#8243;]<br \/>\n<strong>Referencia bibliogr\u00e1fica<\/strong><br \/>\nETXANIZ, Jos\u00e9 \u00c1ngel (2014): <em>Rompiendo el silencio. 25 urte bakegintzan (1988-2013)<\/em>. Gernika-Lumo: Gesto por la Paz.<\/p>\n<p><a class=\"button blue  medium \" href=\"http:\/\/www.arovite.com\/documentos\/2014_Etxaniz.pdf\" target=\"_blank\">Consultar PDF<\/a>[vc_empty_space height=&#8221;10&#8243;]<br \/>\n<strong>Resumen<\/strong><br \/>\nErich Fromm escribi\u00f3 que la historia de la humanidad, que comenz\u00f3 con el acto de desobediencia de Ad\u00e1n y Eva, podr\u00eda llegar a su final por un acto de obediencia: por seguir las \u00f3rdenes de quienes usan la violencia como medio para cambiar la realidad. No. Ya basta. Gesto por la Paz inici\u00f3 su andadura miles de veces, cada vez que una mujer o un hombre, en solitario o en grupo, dijeron no a una situaci\u00f3n cotidiana de violencia, a un d\u00eda a d\u00eda de perversa normalidad. Y en cada ocasi\u00f3n la historia humana consigui\u00f3, aqu\u00ed en Euskadi, sobreponerse a la inhumanidad.<br \/>\n[vc_empty_space height=&#8221;10&#8243;]<br \/>\n<strong>Autor<\/strong><br \/>\nJos\u00e9 \u00c1ngel Etxaniz. <a title=\"Dialnet\" href=\"http:\/\/dialnet.unirioja.es\/servlet\/autor?codigo=185551\" target=\"_blank\">P\u00e1gina del autor en Dialnet.<\/a><br \/>\n[vc_empty_space height=&#8221;10&#8243;]<br \/>\n<strong>Tipo de documento<\/strong><br \/>\nLibro<br \/>\n[vc_empty_space height=&#8221;10&#8243;]<br \/>\n<a title=\"Enlace alternativo\" href=\"https:\/\/gaizkafernandez.files.wordpress.com\/2014\/10\/rompiendo-el-silencio.pdf\"_blank\"><strong>Enlace alternativo.<br \/>\n[\/vc_column_text][\/vc_column][\/vc_row]<\/p>\n<\/div>","protected":false},"excerpt":{"rendered":"<p>[vc_row][vc_column width=&#8221;1\/1&#8243;][vc_column_text][vc_empty_space height=&#8221;20&#8243;] Referencia bibliogr\u00e1fica ETXANIZ, Jos\u00e9 \u00c1ngel (2014): Rompiendo el silencio. 25 urte bakegintzan (1988-2013). Gernika-Lumo: Gesto por la Paz. Consultar PDF[vc_empty_space height=&#8221;10&#8243;] Resumen Erich Fromm escribi\u00f3 que la&hellip;<\/p>\n","protected":false},"author":2,"featured_media":0,"parent":0,"menu_order":0,"comment_status":"open","ping_status":"open","template":"","meta":{"om_disable_all_campaigns":false,"_monsterinsights_skip_tracking":false,"_monsterinsights_sitenote_active":false,"_monsterinsights_sitenote_note":"","_monsterinsights_sitenote_category":0,"_uf_show_specific_survey":0,"_uf_disable_surveys":false,"_vp_format_video_url":"","_vp_image_focal_point":[],"_vp_custom_popup_image":0,"_vp_format_audio_url":"","_vp_custom_thumbnail":0,"_vp_custom_thumbnail_focal_point":[],"_vp_hover_thumbnail":0,"_vp_hover_thumbnail_focal_point":[],"footnotes":""},"class_list":["post-5971","page","type-page","status-publish","hentry"],"aioseo_notices":[],"_links":{"self":[{"href":"https:\/\/www.arovite.com\/en\/wp-json\/wp\/v2\/pages\/5971","targetHints":{"allow":["GET"]}}],"collection":[{"href":"https:\/\/www.arovite.com\/en\/wp-json\/wp\/v2\/pages"}],"about":[{"href":"https:\/\/www.arovite.com\/en\/wp-json\/wp\/v2\/types\/page"}],"author":[{"embeddable":true,"href":"https:\/\/www.arovite.com\/en\/wp-json\/wp\/v2\/users\/2"}],"replies":[{"embeddable":true,"href":"https:\/\/www.arovite.com\/en\/wp-json\/wp\/v2\/comments?post=5971"}],"version-history":[{"count":2,"href":"https:\/\/www.arovite.com\/en\/wp-json\/wp\/v2\/pages\/5971\/revisions"}],"predecessor-version":[{"id":6504,"href":"https:\/\/www.arovite.com\/en\/wp-json\/wp\/v2\/pages\/5971\/revisions\/6504"}],"wp:attachment":[{"href":"https:\/\/www.arovite.com\/en\/wp-json\/wp\/v2\/media?parent=5971"}],"curies":[{"name":"wp","href":"https:\/\/api.w.org\/{rel}","templated":true}]}}