{"id":5969,"date":"2016-01-20T17:09:45","date_gmt":"2016-01-20T17:09:45","guid":{"rendered":"http:\/\/www.arovite.com\/?page_id=5969"},"modified":"2016-01-20T17:09:45","modified_gmt":"2016-01-20T17:09:45","slug":"etxaniz-jose-angel-2005-2","status":"publish","type":"page","link":"https:\/\/www.arovite.com\/en\/etxaniz-jose-angel-2005-2\/","title":{"rendered":"ETXANIZ, Jos\u00e9 \u00c1ngel (2005)"},"content":{"rendered":"<div class=\"wpb-content-wrapper\"><p>[vc_row][vc_column width=&#8221;1\/1&#8243;][vc_column_text][vc_empty_space height=&#8221;20&#8243;]<br \/>\n<strong>Referencia bibliogr\u00e1fica<\/strong><br \/>\nETXANIZ, Jos\u00e9 \u00c1ngel (2005): \u00abLa revitalizaci\u00f3n del Partido Comunista de Euskadi (1970-1975). El ingreso de militantes de ETA-VI Asamblea (minos) en el EPK\u00bb, en BUENO, Manuel, GARC\u00cdA, Carmen e HINOJOSA, Jos\u00e9 (coords.): <em>Historia del PCE. I Congreso, 1920-1977<\/em>. Madrid: Fundaci\u00f3n de Investigaciones Marxistas, vol. 2, pp. 313-333.<\/p>\n<p><a class=\"button blue  medium \" href=\"http:\/\/www.arovite.com\/documentos\/2005_Etxaniz.pdf\" target=\"_blank\">Consultar PDF<\/a>[vc_empty_space height=&#8221;10&#8243;]<br \/>\n<strong>Resumen<\/strong><br \/>\nEl Partido Comunista de Euskadi-Euskadiko Partidu Komunista, despu\u00e9s de las heroicas luchas sindicales del a\u00f1o 1962, y tras la creaci\u00f3n, organizaci\u00f3n y extensi\u00f3n de las CC.OO. en las f\u00e1bricas vascas, fue objeto entre 1964-1969 de una dura represi\u00f3n. Su pr\u00e1ctica pol\u00edtica, basada fundamentalmente en la actividad sindical, culmin\u00f3 a finales de la d\u00e9cada de los a\u00f1os 60 con un giro hacia lo que se denomin\u00f3 Pol\u00edtica Nacional Vasca, basada en la unidad de todas las fuerzas democr\u00e1ticas vascas en torno al Gobierno Vasco en el exilio para derrotar al franquismo y recuperar el Estatuto de Autonom\u00eda de 1936. Por su parte ETA, tras iniciar su actividad armada contra la dictadura franquista en 1968, entr\u00f3 en la espiral acci\u00f3n-represi\u00f3n-acci\u00f3n, que le llev\u00f3 a casi su desarticulaci\u00f3n en 1969 con la mayor parte de su militancia y direcci\u00f3n en prisi\u00f3n o en el exilio.<br \/>\n[vc_empty_space height=&#8221;10&#8243;]<br \/>\n<strong>Autor<\/strong><br \/>\nJos\u00e9 \u00c1ngel Etxaniz. <a title=\"Dialnet\" href=\"http:\/\/dialnet.unirioja.es\/servlet\/autor?codigo=185551\" target=\"_blank\">P\u00e1gina del autor en Dialnet.<\/a><br \/>\n[vc_empty_space height=&#8221;10&#8243;]<br \/>\n<strong>Tipo de documento<\/strong><br \/>\nCap\u00edtulo de libro<br \/>\n[vc_empty_space height=&#8221;10&#8243;]<br \/>\n[\/vc_column_text][\/vc_column][\/vc_row]<\/p>\n<\/div>","protected":false},"excerpt":{"rendered":"<p>[vc_row][vc_column width=&#8221;1\/1&#8243;][vc_column_text][vc_empty_space height=&#8221;20&#8243;] Referencia bibliogr\u00e1fica ETXANIZ, Jos\u00e9 \u00c1ngel (2005): \u00abLa revitalizaci\u00f3n del Partido Comunista de Euskadi (1970-1975). El ingreso de militantes de ETA-VI Asamblea (minos) en el EPK\u00bb, en BUENO,&hellip;<\/p>\n","protected":false},"author":2,"featured_media":0,"parent":0,"menu_order":0,"comment_status":"open","ping_status":"open","template":"","meta":{"om_disable_all_campaigns":false,"_monsterinsights_skip_tracking":false,"_monsterinsights_sitenote_active":false,"_monsterinsights_sitenote_note":"","_monsterinsights_sitenote_category":0,"_uf_show_specific_survey":0,"_uf_disable_surveys":false,"_vp_format_video_url":"","_vp_image_focal_point":[],"_vp_custom_popup_image":0,"_vp_format_audio_url":"","_vp_custom_thumbnail":0,"_vp_custom_thumbnail_focal_point":[],"_vp_hover_thumbnail":0,"_vp_hover_thumbnail_focal_point":[],"footnotes":""},"class_list":["post-5969","page","type-page","status-publish","hentry"],"aioseo_notices":[],"_links":{"self":[{"href":"https:\/\/www.arovite.com\/en\/wp-json\/wp\/v2\/pages\/5969","targetHints":{"allow":["GET"]}}],"collection":[{"href":"https:\/\/www.arovite.com\/en\/wp-json\/wp\/v2\/pages"}],"about":[{"href":"https:\/\/www.arovite.com\/en\/wp-json\/wp\/v2\/types\/page"}],"author":[{"embeddable":true,"href":"https:\/\/www.arovite.com\/en\/wp-json\/wp\/v2\/users\/2"}],"replies":[{"embeddable":true,"href":"https:\/\/www.arovite.com\/en\/wp-json\/wp\/v2\/comments?post=5969"}],"version-history":[{"count":1,"href":"https:\/\/www.arovite.com\/en\/wp-json\/wp\/v2\/pages\/5969\/revisions"}],"predecessor-version":[{"id":6046,"href":"https:\/\/www.arovite.com\/en\/wp-json\/wp\/v2\/pages\/5969\/revisions\/6046"}],"wp:attachment":[{"href":"https:\/\/www.arovite.com\/en\/wp-json\/wp\/v2\/media?parent=5969"}],"curies":[{"name":"wp","href":"https:\/\/api.w.org\/{rel}","templated":true}]}}