{"id":5959,"date":"2016-01-20T16:50:34","date_gmt":"2016-01-20T16:50:34","guid":{"rendered":"http:\/\/www.arovite.com\/?page_id=5959"},"modified":"2016-01-20T16:50:34","modified_gmt":"2016-01-20T16:50:34","slug":"dupla-antonio-2009b-2","status":"publish","type":"page","link":"https:\/\/www.arovite.com\/en\/dupla-antonio-2009b-2\/","title":{"rendered":"DUPL\u00c1, Antonio (2009)b"},"content":{"rendered":"<div class=\"wpb-content-wrapper\"><p>[vc_row][vc_column width=&#8221;1\/1&#8243;][vc_column_text][vc_empty_space height=&#8221;20&#8243;]<br \/>\n<strong>Referencia bibliogr\u00e1fica<\/strong><br \/>\nDUPL\u00c1, Antonio (2009): \u00abReconocer a todas las v\u00edctimas y todos los sufrimientos: un d\u00e9ficit hist\u00f3rico en la izquierda radical\u00bb, en DUPL\u00c1, Antonio y VILLANUEVA, Javier (coords.): <em>Con las v\u00edctimas del terrorismo<\/em>. Donostia-San Sebasti\u00e1n: Tercera Prensa, pp. 87-102.<\/p>\n<p><a class=\"button blue  medium \" href=\"http:\/\/www.arovite.com\/documentos\/2009_Dupla.pdf\" target=\"_blank\">Consultar PDF<\/a>[vc_empty_space height=&#8221;10&#8243;]<br \/>\n<strong>Resumen<\/strong><br \/>\nLa tesis central de este cap\u00edtulo es clara: las dificultades, las limitaciones de un determinado sector de la sociedad vasca, vehementemente autosituado en la izquierda, para una condena expresa de ETA y para una solidaridad efectiva con sus v\u00edctimas, tienen su explicaci\u00f3n, o al menos parte de ella, en ciertas tradiciones pol\u00edtico-ideol\u00f3gicas bastante extendidas en nuestro pa\u00eds en las \u00faltimas d\u00e9cadas. Me refiero a ciertas tradiciones derivadas de determinado marxismo y determinado nacionalismo, que hist\u00f3ricamente han moldeado una deficiente comprensi\u00f3n de los derechos humanos y de la relaci\u00f3n entre medios y fines. En \u00faltima instancia, se trata de una legitimaci\u00f3n de la violencia como mecanismo de resoluci\u00f3n de conflictos, de funestas consecuencias.<br \/>\n[vc_empty_space height=&#8221;10&#8243;]<br \/>\n<strong>Autor<\/strong><br \/>\nAntonio Dupl\u00e1. <a title=\"Dialnet\" href=\"http:\/\/dialnet.unirioja.es\/servlet\/autor?codigo=93383\" target=\"_blank\">P\u00e1gina del autor en Dialnet.<\/a><br \/>\n[vc_empty_space height=&#8221;10&#8243;]<br \/>\n<strong>Tipo de documento<\/strong><br \/>\nCap\u00edtulo de libro<br \/>\n[vc_empty_space height=&#8221;10&#8243;]<br \/>\n[\/vc_column_text][\/vc_column][\/vc_row]<\/p>\n<\/div>","protected":false},"excerpt":{"rendered":"<p>[vc_row][vc_column width=&#8221;1\/1&#8243;][vc_column_text][vc_empty_space height=&#8221;20&#8243;] Referencia bibliogr\u00e1fica DUPL\u00c1, Antonio (2009): \u00abReconocer a todas las v\u00edctimas y todos los sufrimientos: un d\u00e9ficit hist\u00f3rico en la izquierda radical\u00bb, en DUPL\u00c1, Antonio y VILLANUEVA, Javier&hellip;<\/p>\n","protected":false},"author":2,"featured_media":0,"parent":0,"menu_order":0,"comment_status":"open","ping_status":"open","template":"","meta":{"om_disable_all_campaigns":false,"_monsterinsights_skip_tracking":false,"_monsterinsights_sitenote_active":false,"_monsterinsights_sitenote_note":"","_monsterinsights_sitenote_category":0,"_uf_show_specific_survey":0,"_uf_disable_surveys":false,"_vp_format_video_url":"","_vp_image_focal_point":[],"_vp_custom_popup_image":0,"_vp_format_audio_url":"","_vp_custom_thumbnail":0,"_vp_custom_thumbnail_focal_point":[],"_vp_hover_thumbnail":0,"_vp_hover_thumbnail_focal_point":[],"footnotes":""},"class_list":["post-5959","page","type-page","status-publish","hentry"],"aioseo_notices":[],"_links":{"self":[{"href":"https:\/\/www.arovite.com\/en\/wp-json\/wp\/v2\/pages\/5959","targetHints":{"allow":["GET"]}}],"collection":[{"href":"https:\/\/www.arovite.com\/en\/wp-json\/wp\/v2\/pages"}],"about":[{"href":"https:\/\/www.arovite.com\/en\/wp-json\/wp\/v2\/types\/page"}],"author":[{"embeddable":true,"href":"https:\/\/www.arovite.com\/en\/wp-json\/wp\/v2\/users\/2"}],"replies":[{"embeddable":true,"href":"https:\/\/www.arovite.com\/en\/wp-json\/wp\/v2\/comments?post=5959"}],"version-history":[{"count":1,"href":"https:\/\/www.arovite.com\/en\/wp-json\/wp\/v2\/pages\/5959\/revisions"}],"predecessor-version":[{"id":6040,"href":"https:\/\/www.arovite.com\/en\/wp-json\/wp\/v2\/pages\/5959\/revisions\/6040"}],"wp:attachment":[{"href":"https:\/\/www.arovite.com\/en\/wp-json\/wp\/v2\/media?parent=5959"}],"curies":[{"name":"wp","href":"https:\/\/api.w.org\/{rel}","templated":true}]}}