{"id":5955,"date":"2016-01-20T16:50:23","date_gmt":"2016-01-20T16:50:23","guid":{"rendered":"http:\/\/www.arovite.com\/?page_id=5955"},"modified":"2016-01-20T16:50:23","modified_gmt":"2016-01-20T16:50:23","slug":"dominguez-florencio-dir-2","status":"publish","type":"page","link":"https:\/\/www.arovite.com\/en\/dominguez-florencio-dir-2\/","title":{"rendered":"DOM\u00cdNGUEZ, Florencio (dir.)"},"content":{"rendered":"<div class=\"wpb-content-wrapper\"><p>[vc_row][vc_column width=&#8221;1\/1&#8243;][vc_column_text][vc_empty_space height=&#8221;20&#8243;]<br \/>\n<strong>Referencia bibliogr\u00e1fica<\/strong><br \/>\nDOM\u00cdNGUEZ, Florencio (dir.): <em>Informe de la comisi\u00f3n de expertos para la definici\u00f3n del Centro para la Memoria de las V\u00edctimas del Terrorismo<\/em>. Madrid: Comisi\u00f3n de Expertos para la definici\u00f3n del Centro para la Memoria de las V\u00edctimas del Terrorismo.<\/p>\n<p><a class=\"button blue  medium \" href=\"http:\/\/www.arovite.com\/documentos\/2015_Informe_Comision_Expertos_Memorial.pdf\" target=\"_blank\">Consultar PDF<\/a>[vc_empty_space height=&#8221;10&#8243;]<br \/>\n<strong>Resumen<\/strong><br \/>\nEl art\u00edculo 57 de la Ley 29\/2011 de septiembre, de Reconocimiento y Protecci\u00f3n Integral de las V\u00edctimas del Terrorismo (en adelante, Ley 29\/2011), prev\u00e9 la creaci\u00f3n de un Centro Nacional para la Memoria de las V\u00edctimas del Terrorismo cuya sede se ubicar\u00e1 en el Pa\u00eds Vasco. A fin de dar cumplimiento a lo establecido en el citado art\u00edculo, el Consejo de Ministros adopt\u00f3 el 3 de octubre de 2014 el acuerdo de crear una Comisi\u00f3n de Expertos para la definici\u00f3n del Centro para la Memoria de las V\u00edctimas del Terrorismo.<br \/>\n[vc_empty_space height=&#8221;10&#8243;]<br \/>\n<strong>Autor<\/strong><br \/>\nFlorencio Dom\u00ednguez Iribarren. <a title=\"Dialnet\" href=\"http:\/\/dialnet.unirioja.es\/servlet\/autor?codigo=1111029\" target=\"_blank\">P\u00e1gina del autor en Dialnet.<\/a><br \/>\n[vc_empty_space height=&#8221;10&#8243;]<br \/>\n<strong>Tipo de documento<\/strong><br \/>\nInforme<br \/>\n[vc_empty_space height=&#8221;10&#8243;]<br \/>\n<a title=\"Enlace alternativo\" href=\"http:\/\/www.interior.gob.es\/documents\/10180\/3275603\/Informe+Comision+Expertos+Memorial+V%C3%ADctimas_INFORME.pdf\/9f0a2507-6edf-4a37-b9ed-20815a109fc8\" target=\"_blank\"><strong>Enlace alternativo.<\/strong><\/a><br \/>\n[vc_empty_space height=&#8221;10&#8243;][\/vc_column_text][\/vc_column][\/vc_row]<\/p>\n<\/div>","protected":false},"excerpt":{"rendered":"<p>[vc_row][vc_column width=&#8221;1\/1&#8243;][vc_column_text][vc_empty_space height=&#8221;20&#8243;] Referencia bibliogr\u00e1fica DOM\u00cdNGUEZ, Florencio (dir.): Informe de la comisi\u00f3n de expertos para la definici\u00f3n del Centro para la Memoria de las V\u00edctimas del Terrorismo. Madrid: Comisi\u00f3n de&hellip;<\/p>\n","protected":false},"author":2,"featured_media":0,"parent":0,"menu_order":0,"comment_status":"open","ping_status":"open","template":"","meta":{"om_disable_all_campaigns":false,"_monsterinsights_skip_tracking":false,"_monsterinsights_sitenote_active":false,"_monsterinsights_sitenote_note":"","_monsterinsights_sitenote_category":0,"_uf_show_specific_survey":0,"_uf_disable_surveys":false,"_vp_format_video_url":"","_vp_image_focal_point":[],"_vp_custom_popup_image":0,"_vp_format_audio_url":"","_vp_custom_thumbnail":0,"_vp_custom_thumbnail_focal_point":[],"_vp_hover_thumbnail":0,"_vp_hover_thumbnail_focal_point":[],"footnotes":""},"class_list":["post-5955","page","type-page","status-publish","hentry"],"aioseo_notices":[],"_links":{"self":[{"href":"https:\/\/www.arovite.com\/en\/wp-json\/wp\/v2\/pages\/5955","targetHints":{"allow":["GET"]}}],"collection":[{"href":"https:\/\/www.arovite.com\/en\/wp-json\/wp\/v2\/pages"}],"about":[{"href":"https:\/\/www.arovite.com\/en\/wp-json\/wp\/v2\/types\/page"}],"author":[{"embeddable":true,"href":"https:\/\/www.arovite.com\/en\/wp-json\/wp\/v2\/users\/2"}],"replies":[{"embeddable":true,"href":"https:\/\/www.arovite.com\/en\/wp-json\/wp\/v2\/comments?post=5955"}],"version-history":[{"count":1,"href":"https:\/\/www.arovite.com\/en\/wp-json\/wp\/v2\/pages\/5955\/revisions"}],"predecessor-version":[{"id":6036,"href":"https:\/\/www.arovite.com\/en\/wp-json\/wp\/v2\/pages\/5955\/revisions\/6036"}],"wp:attachment":[{"href":"https:\/\/www.arovite.com\/en\/wp-json\/wp\/v2\/media?parent=5955"}],"curies":[{"name":"wp","href":"https:\/\/api.w.org\/{rel}","templated":true}]}}