{"id":5950,"date":"2016-01-20T16:47:38","date_gmt":"2016-01-20T16:47:38","guid":{"rendered":"http:\/\/www.arovite.com\/?page_id=5950"},"modified":"2025-10-05T08:43:44","modified_gmt":"2025-10-05T08:43:44","slug":"dominguez-florencio-2007-2","status":"publish","type":"page","link":"https:\/\/www.arovite.com\/en\/dominguez-florencio-2007-2\/","title":{"rendered":"DOM\u00cdNGUEZ, Florencio (2007)"},"content":{"rendered":"<div class=\"wpb-content-wrapper\"><p>[vc_row][vc_column width=&#8221;1\/1&#8243;][vc_column_text][vc_empty_space height=&#8221;20&#8243;]<br \/>\n<strong>Referencia bibliogr\u00e1fica<\/strong><br \/>\nDOM\u00cdNGUEZ, Florencio (2007): \u00abLa ruptura de la tregua de ETA y la situaci\u00f3n del terrorismo de ETA\u00bb, <em>Cuadernos de Pensamiento Pol\u00edtico FAES<\/em>, n\u00ba 14, pp. 31-47.<\/p>\n<p><a class=\"button blue  medium \" href=\"https:\/\/fundacionfaes.org\/wp-content\/uploads\/2021\/10\/20130423172543la-ruptura-de-la-tregua-y-la-situacion-del-terrorismo-de-eta.pdf\" target=\"_blank\">Consultar PDF<\/a>[vc_empty_space height=&#8221;10&#8243;]<br \/>\n<strong>Resumen<\/strong><br \/>\nETA rompi\u00f3 el pasado 30 de diciembre su \u00faltima tregua, una tregua en la que el Gobierno y los partidos que hay apoyado la estrategia negociadora hab\u00edan puesto toda su confianza creyendo que se estaba ante el inicio del fin de la actividad terrorista. La tregua se ha roto, pero no es seguro que se pueda decir lo mismo de lo que se ha dado en llamar \u201cel proceso\u201d, que no es sino el eufemismo al que se ha recurrido en esta ocasi\u00f3n para referirse a la negociaci\u00f3n con ETA.<br \/>\n[vc_empty_space height=&#8221;10&#8243;]<br \/>\n<strong>Autor<\/strong><br \/>\nFlorencio Dom\u00ednguez Iribarren. <a title=\"Dialnet\" href=\"http:\/\/dialnet.unirioja.es\/servlet\/autor?codigo=1111029\" target=\"_blank\">P\u00e1gina del autor en Dialnet.<\/a><br \/>\n[vc_empty_space height=&#8221;10&#8243;]<br \/>\n<strong>Tipo de documento<\/strong><br \/>\nArt\u00edculo<br \/>\n[vc_empty_space height=&#8221;10&#8243;]<br \/>\n<a title=\"Enlace alternativo\" href=\"http:\/\/dialnet.unirioja.es\/servlet\/articulo?codigo=2521625\" target=\"_blank\"><strong>Enlace alternativo.<\/strong><\/a><br \/>\n[vc_empty_space height=&#8221;10&#8243;][\/vc_column_text][\/vc_column][\/vc_row]<\/p>\n<\/div>","protected":false},"excerpt":{"rendered":"<p>[vc_row][vc_column width=&#8221;1\/1&#8243;][vc_column_text][vc_empty_space height=&#8221;20&#8243;] Referencia bibliogr\u00e1fica DOM\u00cdNGUEZ, Florencio (2007): \u00abLa ruptura de la tregua de ETA y la situaci\u00f3n del terrorismo de ETA\u00bb, Cuadernos de Pensamiento Pol\u00edtico FAES, n\u00ba 14, pp.&hellip;<\/p>\n","protected":false},"author":2,"featured_media":0,"parent":0,"menu_order":0,"comment_status":"open","ping_status":"open","template":"","meta":{"om_disable_all_campaigns":false,"_monsterinsights_skip_tracking":false,"_monsterinsights_sitenote_active":false,"_monsterinsights_sitenote_note":"","_monsterinsights_sitenote_category":0,"_uf_show_specific_survey":0,"_uf_disable_surveys":false,"_vp_format_video_url":"","_vp_image_focal_point":[],"_vp_custom_popup_image":0,"_vp_format_audio_url":"","_vp_custom_thumbnail":0,"_vp_custom_thumbnail_focal_point":[],"_vp_hover_thumbnail":0,"_vp_hover_thumbnail_focal_point":[],"footnotes":""},"class_list":["post-5950","page","type-page","status-publish","hentry"],"aioseo_notices":[],"_links":{"self":[{"href":"https:\/\/www.arovite.com\/en\/wp-json\/wp\/v2\/pages\/5950","targetHints":{"allow":["GET"]}}],"collection":[{"href":"https:\/\/www.arovite.com\/en\/wp-json\/wp\/v2\/pages"}],"about":[{"href":"https:\/\/www.arovite.com\/en\/wp-json\/wp\/v2\/types\/page"}],"author":[{"embeddable":true,"href":"https:\/\/www.arovite.com\/en\/wp-json\/wp\/v2\/users\/2"}],"replies":[{"embeddable":true,"href":"https:\/\/www.arovite.com\/en\/wp-json\/wp\/v2\/comments?post=5950"}],"version-history":[{"count":2,"href":"https:\/\/www.arovite.com\/en\/wp-json\/wp\/v2\/pages\/5950\/revisions"}],"predecessor-version":[{"id":24709,"href":"https:\/\/www.arovite.com\/en\/wp-json\/wp\/v2\/pages\/5950\/revisions\/24709"}],"wp:attachment":[{"href":"https:\/\/www.arovite.com\/en\/wp-json\/wp\/v2\/media?parent=5950"}],"curies":[{"name":"wp","href":"https:\/\/api.w.org\/{rel}","templated":true}]}}