{"id":5949,"date":"2016-01-20T16:46:52","date_gmt":"2016-01-20T16:46:52","guid":{"rendered":"http:\/\/www.arovite.com\/?page_id=5949"},"modified":"2025-10-05T08:43:20","modified_gmt":"2025-10-05T08:43:20","slug":"dominguez-florencio-2004-2","status":"publish","type":"page","link":"https:\/\/www.arovite.com\/en\/dominguez-florencio-2004-2\/","title":{"rendered":"DOM\u00cdNGUEZ, Florencio (2004)"},"content":{"rendered":"<div class=\"wpb-content-wrapper\"><p>[vc_row][vc_column width=&#8221;1\/1&#8243;][vc_column_text][vc_empty_space height=&#8221;20&#8243;]<br \/>\n<strong>Referencia bibliogr\u00e1fica<\/strong><br \/>\nDOM\u00cdNGUEZ, Florencio (2004): \u00abETA: un an\u00e1lisis de situaci\u00f3n\u00bb,<em> Cuadernos de Pensamiento Pol\u00edtico FAES<\/em>, n\u00ba 4, pp. 93-116.<\/p>\n<p><a class=\"button blue  medium \" href=\"https:\/\/fundacionfaes.org\/wp-content\/uploads\/2021\/10\/20130423140337eta-un-analisis-de-situacion.pdf\" target=\"_blank\">Consultar PDF<\/a>[vc_empty_space height=&#8221;10&#8243;]<br \/>\n<strong>Resumen<\/strong><br \/>\nEl pr\u00f3ximo mes de diciembre se cumplen cuatro a\u00f1os de la firma del Acuerdo por las Libertades y contra el Terrorismo, suscrito por el Partido Popular y el Partido Socialista Obrero Espa\u00f1ol. La situaci\u00f3n actual es radicalmente distinta a la que hab\u00eda cuando se firm\u00f3: ETA, despu\u00e9s de volver a los atentados en el a\u00f1o 2000, estaba llevando a cabo una dura ofensiva terrorista en la que buena parte de las v\u00edctimas eran militantes de los dos partidos o l\u00edderes sociales e intelectuales del constitucionalismo en el Pa\u00eds Vasco. Cuatro a\u00f1os despu\u00e9s, la organizaci\u00f3n terrorista se encuentra debilitada como nunca lo hab\u00eda estado.<br \/>\n[vc_empty_space height=&#8221;10&#8243;]<br \/>\n<strong>Autor<\/strong><br \/>\nFlorencio Dom\u00ednguez Iribarren. <a title=\"Dialnet\" href=\"http:\/\/dialnet.unirioja.es\/servlet\/autor?codigo=1111029\" target=\"_blank\">P\u00e1gina del autor en Dialnet.<\/a><br \/>\n[vc_empty_space height=&#8221;10&#8243;]<br \/>\n<strong>Tipo de documento<\/strong><br \/>\nArt\u00edculo<br \/>\n[vc_empty_space height=&#8221;10&#8243;]<br \/>\n<a title=\"Enlace alternativo\" href=\"http:\/\/dialnet.unirioja.es\/servlet\/articulo?codigo=989958\" target=\"_blank\"><strong>Enlace alternativo.<\/strong><\/a><br \/>\n[vc_empty_space height=&#8221;10&#8243;][\/vc_column_text][\/vc_column][\/vc_row]<\/p>\n<\/div>","protected":false},"excerpt":{"rendered":"<p>[vc_row][vc_column width=&#8221;1\/1&#8243;][vc_column_text][vc_empty_space height=&#8221;20&#8243;] Referencia bibliogr\u00e1fica DOM\u00cdNGUEZ, Florencio (2004): \u00abETA: un an\u00e1lisis de situaci\u00f3n\u00bb, Cuadernos de Pensamiento Pol\u00edtico FAES, n\u00ba 4, pp. 93-116. Consultar PDF[vc_empty_space height=&#8221;10&#8243;] Resumen El pr\u00f3ximo mes de&hellip;<\/p>\n","protected":false},"author":2,"featured_media":0,"parent":0,"menu_order":0,"comment_status":"open","ping_status":"open","template":"","meta":{"om_disable_all_campaigns":false,"_monsterinsights_skip_tracking":false,"_monsterinsights_sitenote_active":false,"_monsterinsights_sitenote_note":"","_monsterinsights_sitenote_category":0,"_uf_show_specific_survey":0,"_uf_disable_surveys":false,"_vp_format_video_url":"","_vp_image_focal_point":[],"_vp_custom_popup_image":0,"_vp_format_audio_url":"","_vp_custom_thumbnail":0,"_vp_custom_thumbnail_focal_point":[],"_vp_hover_thumbnail":0,"_vp_hover_thumbnail_focal_point":[],"footnotes":""},"class_list":["post-5949","page","type-page","status-publish","hentry"],"aioseo_notices":[],"_links":{"self":[{"href":"https:\/\/www.arovite.com\/en\/wp-json\/wp\/v2\/pages\/5949","targetHints":{"allow":["GET"]}}],"collection":[{"href":"https:\/\/www.arovite.com\/en\/wp-json\/wp\/v2\/pages"}],"about":[{"href":"https:\/\/www.arovite.com\/en\/wp-json\/wp\/v2\/types\/page"}],"author":[{"embeddable":true,"href":"https:\/\/www.arovite.com\/en\/wp-json\/wp\/v2\/users\/2"}],"replies":[{"embeddable":true,"href":"https:\/\/www.arovite.com\/en\/wp-json\/wp\/v2\/comments?post=5949"}],"version-history":[{"count":2,"href":"https:\/\/www.arovite.com\/en\/wp-json\/wp\/v2\/pages\/5949\/revisions"}],"predecessor-version":[{"id":24708,"href":"https:\/\/www.arovite.com\/en\/wp-json\/wp\/v2\/pages\/5949\/revisions\/24708"}],"wp:attachment":[{"href":"https:\/\/www.arovite.com\/en\/wp-json\/wp\/v2\/media?parent=5949"}],"curies":[{"name":"wp","href":"https:\/\/api.w.org\/{rel}","templated":true}]}}