{"id":5905,"date":"2016-01-20T16:12:47","date_gmt":"2016-01-20T16:12:47","guid":{"rendered":"http:\/\/www.arovite.com\/?page_id=5905"},"modified":"2016-01-20T16:12:47","modified_gmt":"2016-01-20T16:12:47","slug":"cuesta-jose-luis-de-la-varona-gema-mayordomo-virginia-y-san-juan-cesar-2011-2","status":"publish","type":"page","link":"https:\/\/www.arovite.com\/en\/cuesta-jose-luis-de-la-varona-gema-mayordomo-virginia-y-san-juan-cesar-2011-2\/","title":{"rendered":"CUESTA, Jos\u00e9 Luis de la, VARONA, Gema, MAYORDOMO, Virginia y SAN JUAN C\u00e9sar (2011)"},"content":{"rendered":"<div class=\"wpb-content-wrapper\"><p>[vc_row][vc_column width=&#8221;1\/1&#8243;][vc_column_text][vc_empty_space height=&#8221;20&#8243;]<br \/>\n<strong>Referencia bibliogr\u00e1fica<\/strong><br \/>\nCUESTA, Jos\u00e9 Luis de la, VARONA, Gema, MAYORDOMO, Virginia y SAN JUAN C\u00e9sar (2011): <em>Proyecto retorno. Informe final<\/em>. Instituto Vasco de Criminolog\u00eda.<\/p>\n<p><a class=\"button blue  medium \" href=\"http:\/\/www.arovite.com\/documentos\/2011_Cuesta_et_al.pdf\" target=\"_blank\">Consultar PDF<\/a>[vc_empty_space height=&#8221;10&#8243;]<br \/>\n<strong>Resumen<\/strong><br \/>\nEstudio exploratorio sobre la Propuesta de un dise\u00f1o de un programa p\u00fablico de reparaci\u00f3n que facilite el retorno de los familiares de personas asesinadas y heridas por la organizaci\u00f3n terrorista ETA, as\u00ed como de las personas secuestradas, agredidas, coaccionadas, amenazadas y\/o que hayan sufrido da\u00f1os causados por dicha organizaci\u00f3n, que manifiesten la voluntad de regresar a Euskadi.<br \/>\n[vc_empty_space height=&#8221;10&#8243;]<br \/>\n<strong>Autor<\/strong><br \/>\nJos\u00e9 Luis de la Cuesta. <a title=\"Dialnet\" href=\"http:\/\/dialnet.unirioja.es\/servlet\/autor?codigo=517253\" target=\"_blank\">P\u00e1gina del autor en Dialnet.<\/a><br \/>\nGema Varona. <a title=\"Dialnet\" href=\"http:\/\/dialnet.unirioja.es\/servlet\/autor?codigo=732899\" target=\"_blank\">P\u00e1gina del autor en Dialnet.<\/a><br \/>\nVirginia Mayordomo. <a title=\"Dialnet\" href=\"http:\/\/dialnet.unirioja.es\/servlet\/autor?codigo=2049511\" target=\"_blank\">P\u00e1gina del autor en Dialnet.<\/a><br \/>\nC\u00e9sar San Juan. <a title=\"Dialnet\" href=\"http:\/\/dialnet.unirioja.es\/servlet\/autor?codigo=64827\" target=\"_blank\">P\u00e1gina del autor en Dialnet.<\/a><br \/>\n[vc_empty_space height=&#8221;10&#8243;]<br \/>\n<strong>Tipo de documento<\/strong><br \/>\nInforme<br \/>\n[vc_empty_space height=&#8221;10&#8243;]<br \/>\n<a title=\"Enlace alternativo\" href=\"http:\/\/www.ehu.eus\/documents\/1736829\/2066695\/Proyecto+retorno.pdf\" target=\"_blank\"><strong>Enlace alternativo.<\/strong><\/a><br \/>\n[vc_empty_space height=&#8221;10&#8243;][\/vc_column_text][\/vc_column][\/vc_row]<\/p>\n<\/div>","protected":false},"excerpt":{"rendered":"<p>[vc_row][vc_column width=&#8221;1\/1&#8243;][vc_column_text][vc_empty_space height=&#8221;20&#8243;] Referencia bibliogr\u00e1fica CUESTA, Jos\u00e9 Luis de la, VARONA, Gema, MAYORDOMO, Virginia y SAN JUAN C\u00e9sar (2011): Proyecto retorno. Informe final. Instituto Vasco de Criminolog\u00eda. Consultar PDF[vc_empty_space height=&#8221;10&#8243;]&hellip;<\/p>\n","protected":false},"author":2,"featured_media":0,"parent":0,"menu_order":0,"comment_status":"open","ping_status":"open","template":"","meta":{"om_disable_all_campaigns":false,"_monsterinsights_skip_tracking":false,"_monsterinsights_sitenote_active":false,"_monsterinsights_sitenote_note":"","_monsterinsights_sitenote_category":0,"_uf_show_specific_survey":0,"_uf_disable_surveys":false,"_vp_format_video_url":"","_vp_image_focal_point":[],"_vp_custom_popup_image":0,"_vp_format_audio_url":"","_vp_custom_thumbnail":0,"_vp_custom_thumbnail_focal_point":[],"_vp_hover_thumbnail":0,"_vp_hover_thumbnail_focal_point":[],"footnotes":""},"class_list":["post-5905","page","type-page","status-publish","hentry"],"aioseo_notices":[],"_links":{"self":[{"href":"https:\/\/www.arovite.com\/en\/wp-json\/wp\/v2\/pages\/5905","targetHints":{"allow":["GET"]}}],"collection":[{"href":"https:\/\/www.arovite.com\/en\/wp-json\/wp\/v2\/pages"}],"about":[{"href":"https:\/\/www.arovite.com\/en\/wp-json\/wp\/v2\/types\/page"}],"author":[{"embeddable":true,"href":"https:\/\/www.arovite.com\/en\/wp-json\/wp\/v2\/users\/2"}],"replies":[{"embeddable":true,"href":"https:\/\/www.arovite.com\/en\/wp-json\/wp\/v2\/comments?post=5905"}],"version-history":[{"count":1,"href":"https:\/\/www.arovite.com\/en\/wp-json\/wp\/v2\/pages\/5905\/revisions"}],"predecessor-version":[{"id":5930,"href":"https:\/\/www.arovite.com\/en\/wp-json\/wp\/v2\/pages\/5905\/revisions\/5930"}],"wp:attachment":[{"href":"https:\/\/www.arovite.com\/en\/wp-json\/wp\/v2\/media?parent=5905"}],"curies":[{"name":"wp","href":"https:\/\/api.w.org\/{rel}","templated":true}]}}