{"id":5823,"date":"2016-01-20T11:25:17","date_gmt":"2016-01-20T11:25:17","guid":{"rendered":"http:\/\/www.arovite.com\/?page_id=5823"},"modified":"2016-01-20T11:25:17","modified_gmt":"2016-01-20T11:25:17","slug":"catedra-de-economia-del-terrorismo-2007-3","status":"publish","type":"page","link":"https:\/\/www.arovite.com\/en\/catedra-de-economia-del-terrorismo-2007-3\/","title":{"rendered":"C\u00c1TEDRA DE ECONOM\u00cdA DEL TERRORISMO (2007)"},"content":{"rendered":"<div class=\"wpb-content-wrapper\"><p>[vc_row][vc_column width=&#8221;1\/1&#8243;][vc_column_text][vc_empty_space height=&#8221;20&#8243;]<br \/>\n<strong>Referencia bibliogr\u00e1fica<\/strong><br \/>\nC\u00c1TEDRA DE ECONOM\u00cdA DEL TERRORISMO (2007): \u00abActividades terroristas de ETA y pol\u00edtica antiterrorista. Informaci\u00f3n estad\u00edstica. Edici\u00f3n: noviembre, 2007\u00bb, Facultad de Ciencias Econ\u00f3micas y Empresariales, Universidad Complutense de Madrid.<\/p>\n<p><a class=\"button blue  medium \" href=\"http:\/\/www.arovite.com\/documentos\/2007_Catedra_economia_terrorismo.pdf\" target=\"_blank\">Consultar PDF<\/a>[vc_empty_space height=&#8221;10&#8243;]<br \/>\n<strong>Resumen<\/strong><br \/>\nV\u00edctimas y da\u00f1os materiales en atentados de ETA cometidos despu\u00e9s del \u00abalto el fuego\u00bb. Atentados terroristas, asesinatos y secuestros de ETA, 2000\u20132007. Acciones de terrorismo callejero. Oleadas de cartas de extorsi\u00f3n de ETA a los empresarios vascos y navarros, etc.<br \/>\n[vc_empty_space height=&#8221;10&#8243;]<br \/>\n<strong>Tipo de documento<\/strong><br \/>\nWorking paper<br \/>\n[vc_empty_space height=&#8221;10&#8243;]<br \/>\n<a title=\"Enlace alternativo\" href=\"http:\/\/pendientedemigracion.ucm.es\/info\/cet\/documentos%20trabajo\/Actividades%20terroristas%20de%20ETA.pdf\" target=\"_blank\"><strong>Enlace alternativo.<\/strong><\/a><br \/>\n[vc_empty_space height=&#8221;10&#8243;][\/vc_column_text][\/vc_column][\/vc_row]<\/p>\n<\/div>","protected":false},"excerpt":{"rendered":"<p>[vc_row][vc_column width=&#8221;1\/1&#8243;][vc_column_text][vc_empty_space height=&#8221;20&#8243;] Referencia bibliogr\u00e1fica C\u00c1TEDRA DE ECONOM\u00cdA DEL TERRORISMO (2007): \u00abActividades terroristas de ETA y pol\u00edtica antiterrorista. Informaci\u00f3n estad\u00edstica. Edici\u00f3n: noviembre, 2007\u00bb, Facultad de Ciencias Econ\u00f3micas y Empresariales, Universidad&hellip;<\/p>\n","protected":false},"author":2,"featured_media":0,"parent":0,"menu_order":0,"comment_status":"open","ping_status":"open","template":"","meta":{"om_disable_all_campaigns":false,"_monsterinsights_skip_tracking":false,"_monsterinsights_sitenote_active":false,"_monsterinsights_sitenote_note":"","_monsterinsights_sitenote_category":0,"_uf_show_specific_survey":0,"_uf_disable_surveys":false,"_vp_format_video_url":"","_vp_image_focal_point":[],"_vp_custom_popup_image":0,"_vp_format_audio_url":"","_vp_custom_thumbnail":0,"_vp_custom_thumbnail_focal_point":[],"_vp_hover_thumbnail":0,"_vp_hover_thumbnail_focal_point":[],"footnotes":""},"class_list":["post-5823","page","type-page","status-publish","hentry"],"aioseo_notices":[],"_links":{"self":[{"href":"https:\/\/www.arovite.com\/en\/wp-json\/wp\/v2\/pages\/5823","targetHints":{"allow":["GET"]}}],"collection":[{"href":"https:\/\/www.arovite.com\/en\/wp-json\/wp\/v2\/pages"}],"about":[{"href":"https:\/\/www.arovite.com\/en\/wp-json\/wp\/v2\/types\/page"}],"author":[{"embeddable":true,"href":"https:\/\/www.arovite.com\/en\/wp-json\/wp\/v2\/users\/2"}],"replies":[{"embeddable":true,"href":"https:\/\/www.arovite.com\/en\/wp-json\/wp\/v2\/comments?post=5823"}],"version-history":[{"count":1,"href":"https:\/\/www.arovite.com\/en\/wp-json\/wp\/v2\/pages\/5823\/revisions"}],"predecessor-version":[{"id":5826,"href":"https:\/\/www.arovite.com\/en\/wp-json\/wp\/v2\/pages\/5823\/revisions\/5826"}],"wp:attachment":[{"href":"https:\/\/www.arovite.com\/en\/wp-json\/wp\/v2\/media?parent=5823"}],"curies":[{"name":"wp","href":"https:\/\/api.w.org\/{rel}","templated":true}]}}