{"id":5819,"date":"2016-01-20T11:26:29","date_gmt":"2016-01-20T11:26:29","guid":{"rendered":"http:\/\/www.arovite.com\/?page_id=5819"},"modified":"2016-01-20T11:26:29","modified_gmt":"2016-01-20T11:26:29","slug":"castells-luis-y-molina-fernando-2013-3","status":"publish","type":"page","link":"https:\/\/www.arovite.com\/en\/castells-luis-y-molina-fernando-2013-3\/","title":{"rendered":"CASTELLS, Luis y MOLINA, Fernando (2013)"},"content":{"rendered":"<div class=\"wpb-content-wrapper\"><p>[vc_row][vc_column width=&#8221;1\/1&#8243;][vc_column_text][vc_empty_space height=&#8221;20&#8243;]<br \/>\n<strong>Referencia bibliogr\u00e1fica<\/strong><br \/>\nCASTELLS, Luis y MOLINA, Fernando (2013): \u00abBajo la sombra de Vichy: el relato del pasado reciente en la Euskadi actual\u00bb, <em>Ayer<\/em>, n\u00ba 89, pp. 215-227.<\/p>\n<p><a class=\"button blue  medium \" href=\"http:\/\/www.arovite.com\/documentos\/2013_Castells_Molina.pdf\" target=\"_blank\">Consultar PDF<\/a>[vc_empty_space height=&#8221;10&#8243;]<br \/>\n<strong>Resumen<\/strong><br \/>\nLos resultados electorales habidos en Euskadi con motivo de las elecciones auton\u00f3micas de octubre de 2012 han mostrado la pujanza del nacionalismo vasco, reflejada en los n\u00fameros alcanzados por sus dos expresiones organizativas: el PNV y la agrupaci\u00f3n EH Bildu. No es nuestro prop\u00f3sito hacer valoraciones sobre esas elecciones: ni es nuestro campo, ni tendr\u00eda su encaje en una revista como \u00e9sta. S\u00ed, en cambio, este hito puede ser un buen punto de partida para incidir en el papel que desempe\u00f1a la historia en Euskadi y reflexionar acerca del terreno en que se mueve cuando decide abordar el tiempo m\u00e1s reciente de este pa\u00eds.<br \/>\n[vc_empty_space height=&#8221;10&#8243;]<br \/>\n<strong>Autor<\/strong><br \/>\nLuis Castells Arteche. <a title=\"Dialnet\" href=\"http:\/\/dialnet.unirioja.es\/servlet\/autor?codigo=145543\" target=\"_blank\">P\u00e1gina del autor en Dialnet.<\/a><br \/>\nFernando Molina Aparicio. <a title=\"Dialnet\" href=\"http:\/\/dialnet.unirioja.es\/servlet\/autor?codigo=819573\" target=\"_blank\">P\u00e1gina del autor en Dialnet.<\/a><br \/>\n[vc_empty_space height=&#8221;10&#8243;]<br \/>\n<strong>Tipo de documento<\/strong><br \/>\nArt\u00edculo<br \/>\n[vc_empty_space height=&#8221;10&#8243;]<br \/>\n<a title=\"Enlace alternativo\" href=\"https:\/\/www.academia.edu\/12633048\/Bajo_la_sombra_de_Vichy_el_relato_del_pasado_reciente_en_la_Euskadi_actual\" target=\"_blank\"><strong>Enlace alternativo.<\/strong><\/a><br \/>\n[vc_empty_space height=&#8221;10&#8243;][\/vc_column_text][\/vc_column][\/vc_row]<\/p>\n<\/div>","protected":false},"excerpt":{"rendered":"<p>[vc_row][vc_column width=&#8221;1\/1&#8243;][vc_column_text][vc_empty_space height=&#8221;20&#8243;] Referencia bibliogr\u00e1fica CASTELLS, Luis y MOLINA, Fernando (2013): \u00abBajo la sombra de Vichy: el relato del pasado reciente en la Euskadi actual\u00bb, Ayer, n\u00ba 89, pp. 215-227.&hellip;<\/p>\n","protected":false},"author":2,"featured_media":0,"parent":0,"menu_order":0,"comment_status":"open","ping_status":"open","template":"","meta":{"om_disable_all_campaigns":false,"_monsterinsights_skip_tracking":false,"_monsterinsights_sitenote_active":false,"_monsterinsights_sitenote_note":"","_monsterinsights_sitenote_category":0,"_uf_show_specific_survey":0,"_uf_disable_surveys":false,"_vp_format_video_url":"","_vp_image_focal_point":[],"_vp_custom_popup_image":0,"_vp_format_audio_url":"","_vp_custom_thumbnail":0,"_vp_custom_thumbnail_focal_point":[],"_vp_hover_thumbnail":0,"_vp_hover_thumbnail_focal_point":[],"footnotes":""},"class_list":["post-5819","page","type-page","status-publish","hentry"],"aioseo_notices":[],"_links":{"self":[{"href":"https:\/\/www.arovite.com\/en\/wp-json\/wp\/v2\/pages\/5819","targetHints":{"allow":["GET"]}}],"collection":[{"href":"https:\/\/www.arovite.com\/en\/wp-json\/wp\/v2\/pages"}],"about":[{"href":"https:\/\/www.arovite.com\/en\/wp-json\/wp\/v2\/types\/page"}],"author":[{"embeddable":true,"href":"https:\/\/www.arovite.com\/en\/wp-json\/wp\/v2\/users\/2"}],"replies":[{"embeddable":true,"href":"https:\/\/www.arovite.com\/en\/wp-json\/wp\/v2\/comments?post=5819"}],"version-history":[{"count":1,"href":"https:\/\/www.arovite.com\/en\/wp-json\/wp\/v2\/pages\/5819\/revisions"}],"predecessor-version":[{"id":5830,"href":"https:\/\/www.arovite.com\/en\/wp-json\/wp\/v2\/pages\/5819\/revisions\/5830"}],"wp:attachment":[{"href":"https:\/\/www.arovite.com\/en\/wp-json\/wp\/v2\/media?parent=5819"}],"curies":[{"name":"wp","href":"https:\/\/api.w.org\/{rel}","templated":true}]}}