{"id":5815,"date":"2016-01-20T11:27:49","date_gmt":"2016-01-20T11:27:49","guid":{"rendered":"http:\/\/www.arovite.com\/?page_id=5815"},"modified":"2016-01-20T11:27:49","modified_gmt":"2016-01-20T11:27:49","slug":"castells-luis-2014-3","status":"publish","type":"page","link":"https:\/\/www.arovite.com\/en\/castells-luis-2014-3\/","title":{"rendered":"CASTELLS, Luis (2014)"},"content":{"rendered":"<div class=\"wpb-content-wrapper\"><p>[vc_row][vc_column width=&#8221;1\/1&#8243;][vc_column_text][vc_empty_space height=&#8221;20&#8243;]<br \/>\n<strong>Referencia bibliogr\u00e1fica<\/strong><br \/>\nCASTELLS, Luis (2014): \u00abLas v\u00edctimas del terrorismo. La cuesti\u00f3n del relato\u00bb, <em>Huarte de San Juan<\/em>, n\u00ba 21, pp. 331-344.<\/p>\n<p><a class=\"button blue  medium \" href=\"http:\/\/www.arovite.com\/documentos\/2014_Castells.pdf\" target=\"_blank\">Consultar PDF<\/a>[vc_empty_space height=&#8221;10&#8243;]<br \/>\n<strong>Resumen<\/strong><br \/>\nA lo largo del texto se pasa revista al tratamiento que est\u00e1n recibiendo las v\u00edctimas del terrorismo en Euskadi y las distintas opciones que se est\u00e1n poniendo en juego. Se hace hincapi\u00e9 en el riesgo de equiparar las violencias, o de hacer una lectura ben\u00e9vola y acomodaticia del pasado. En el trasfondo del art\u00edculo late la idea de historizar cualquier relato que se haga del pasado, reclam\u00e1ndose el necesario papel que debe tener el historiador a la hora explicar los hechos recientes.<br \/>\n[vc_empty_space height=&#8221;10&#8243;]<br \/>\n<strong>Abstract<\/strong><br \/>\nThe text reviews the treatment being received by the victims of terrorism in the Basque Country and the different options that are being put into play. Emphasis is placed on the risk of equating different types of violence, or of making a benevolent and accommodating reading of the past. Underlying the article is the idea that any narrative construction of the past must be placed in historical context, which underscores the necessary role of the historian when it comes to explaining recent events.<br \/>\n[vc_empty_space height=&#8221;10&#8243;]<br \/>\n<strong>Autor<\/strong><br \/>\nLuis Castells Arteche. <a title=\"Dialnet\" href=\"http:\/\/dialnet.unirioja.es\/servlet\/autor?codigo=145543\" target=\"_blank\">P\u00e1gina del autor en Dialnet.<\/a><br \/>\n[vc_empty_space height=&#8221;10&#8243;]<br \/>\n<strong>Tipo de documento<\/strong><br \/>\nArt\u00edculo<br \/>\n[vc_empty_space height=&#8221;10&#8243;]<br \/>\n<a title=\"Enlace alternativo\" href=\"https:\/\/www.academia.edu\/12633229\/Las_v%C3%ADctimas_del_terrorismo._La_cuesti%C3%B3n_del_relato\" target=\"_blank\"><strong>Enlace alternativo.<\/strong><\/a><br \/>\n[vc_empty_space height=&#8221;10&#8243;][\/vc_column_text][\/vc_column][\/vc_row]<\/p>\n<\/div>","protected":false},"excerpt":{"rendered":"<p>[vc_row][vc_column width=&#8221;1\/1&#8243;][vc_column_text][vc_empty_space height=&#8221;20&#8243;] Referencia bibliogr\u00e1fica CASTELLS, Luis (2014): \u00abLas v\u00edctimas del terrorismo. La cuesti\u00f3n del relato\u00bb, Huarte de San Juan, n\u00ba 21, pp. 331-344. Consultar PDF[vc_empty_space height=&#8221;10&#8243;] Resumen A lo&hellip;<\/p>\n","protected":false},"author":2,"featured_media":0,"parent":0,"menu_order":0,"comment_status":"open","ping_status":"open","template":"","meta":{"om_disable_all_campaigns":false,"_monsterinsights_skip_tracking":false,"_monsterinsights_sitenote_active":false,"_monsterinsights_sitenote_note":"","_monsterinsights_sitenote_category":0,"_uf_show_specific_survey":0,"_uf_disable_surveys":false,"_vp_format_video_url":"","_vp_image_focal_point":[],"_vp_custom_popup_image":0,"_vp_format_audio_url":"","_vp_custom_thumbnail":0,"_vp_custom_thumbnail_focal_point":[],"_vp_hover_thumbnail":0,"_vp_hover_thumbnail_focal_point":[],"footnotes":""},"class_list":["post-5815","page","type-page","status-publish","hentry"],"aioseo_notices":[],"_links":{"self":[{"href":"https:\/\/www.arovite.com\/en\/wp-json\/wp\/v2\/pages\/5815","targetHints":{"allow":["GET"]}}],"collection":[{"href":"https:\/\/www.arovite.com\/en\/wp-json\/wp\/v2\/pages"}],"about":[{"href":"https:\/\/www.arovite.com\/en\/wp-json\/wp\/v2\/types\/page"}],"author":[{"embeddable":true,"href":"https:\/\/www.arovite.com\/en\/wp-json\/wp\/v2\/users\/2"}],"replies":[{"embeddable":true,"href":"https:\/\/www.arovite.com\/en\/wp-json\/wp\/v2\/comments?post=5815"}],"version-history":[{"count":1,"href":"https:\/\/www.arovite.com\/en\/wp-json\/wp\/v2\/pages\/5815\/revisions"}],"predecessor-version":[{"id":5834,"href":"https:\/\/www.arovite.com\/en\/wp-json\/wp\/v2\/pages\/5815\/revisions\/5834"}],"wp:attachment":[{"href":"https:\/\/www.arovite.com\/en\/wp-json\/wp\/v2\/media?parent=5815"}],"curies":[{"name":"wp","href":"https:\/\/api.w.org\/{rel}","templated":true}]}}