{"id":5797,"date":"2016-01-20T11:40:53","date_gmt":"2016-01-20T11:40:53","guid":{"rendered":"http:\/\/www.arovite.com\/?page_id=5797"},"modified":"2016-01-20T11:40:53","modified_gmt":"2016-01-20T11:40:53","slug":"carmena-manuela-landa-jon-mirena-mugica-ramon-y-uriarte-juan-maria-2013-3","status":"publish","type":"page","link":"https:\/\/www.arovite.com\/en\/carmena-manuela-landa-jon-mirena-mugica-ramon-y-uriarte-juan-maria-2013-3\/","title":{"rendered":"CARMENA, Manuela, LANDA, Jon Mirena, M\u00daGICA, Ram\u00f3n y URIARTE, Juan Mar\u00eda (2013)"},"content":{"rendered":"<div class=\"wpb-content-wrapper\"><p>[vc_row][vc_column width=&#8221;1\/1&#8243;][vc_column_text][vc_empty_space height=&#8221;20&#8243;]<br \/>\n<strong>Referencia bibliogr\u00e1fica<\/strong><br \/>\nCARMENA, Manuela, LANDA, Jon Mirena, M\u00daGICA, Ram\u00f3n y URIARTE, Juan Mar\u00eda (2013): <em>Informe-base de vulneraciones de derechos humanos en el caso vasco (1960-2013)<\/em>. Secretar\u00eda General de Paz y Convivencia, Gobierno Vasco.<\/p>\n<p><a class=\"button blue  medium \" href=\"http:\/\/www.arovite.com\/documentos\/2013_Informe_base.pdf\" target=\"_blank\">Consultar PDF<\/a>[vc_empty_space height=&#8221;10&#8243;]<br \/>\n<strong>Resumen<\/strong><br \/>\nEl pasado 27 de febrero de 2013 la Secretar\u00eda General de Paz y Convivencia de Presidencia del Gobierno Vasco decidi\u00f3 encargar a los firmantes del presente documento la realizaci\u00f3n de un informe de constataci\u00f3n de vulneraciones de derechos humanos producidas desde 1960 hasta 2013 en el caso vasco, con la pretensi\u00f3n de disponer a trav\u00e9s del mismo de una delimitaci\u00f3n preliminar del mapa de dichas vulneraciones que sirviera de referencia fiable para la definici\u00f3n de posteriores actuaciones en materia de memoria y revisi\u00f3n cr\u00edtica del pasado, as\u00ed como de reconocimiento y reparaci\u00f3n a las v\u00edctimas. Juntamente con esta definici\u00f3n del objeto a tratar, el encargo formulaba las caracter\u00edsticas a las que deber\u00eda responder el informe: &#8211; Debe ofrecer una clasificaci\u00f3n y cuantificaci\u00f3n de las vulneraciones de derechos humanos constatadas desde 1960 en el contexto de la violencia con intencionalidad pol\u00edtica padecida en nuestro pa\u00eds, siempre en relaci\u00f3n y referencia a las v\u00edctimas provocadas, que constituyen la prioridad. &#8211; Esta clasificaci\u00f3n no debe inducir a equiparaciones, comparaciones o compensaciones de vulneraciones de signo o naturaleza diferente, debe respetar en su estructura los diferentes contextos victimol\u00f3gicos y criminol\u00f3gicos y buscar la referencia de los est\u00e1ndares internacionales en esta materia. &#8211; El informe debe omitir valoraciones o interpretaciones y centrarse en la descripci\u00f3n de los datos objetivos de que se disponen. Podr\u00e1, en todo caso, agregar anotaciones con respecto a los procesos de clarificaci\u00f3n, justicia, reconocimiento o reparaci\u00f3n pendientes en cada categor\u00eda de vulneraci\u00f3n de derechos humanos, as\u00ed como a\u00f1adir cualquier otra observaci\u00f3n que se considere pertinente. &#8211; La comisi\u00f3n redactora podr\u00e1 igualmente ofrecer un conjunto de recomendaciones o sugerencias que, a su criterio y a la luz de los datos del informe, debieran tenerse en consideraci\u00f3n a la hora de definir las pol\u00edticas p\u00fablicas de memoria.<br \/>\n[vc_empty_space height=&#8221;10&#8243;]<br \/>\n<strong>Tipo de documento<\/strong><br \/>\nInforme<br \/>\n[vc_empty_space height=&#8221;10&#8243;]<br \/>\n<a title=\"Enlace alternativo\" href=\"http:\/\/estaticos.elmundo.es\/documentos\/2013\/06\/14\/informe_base_es.pdf\" target=\"_blank\"><strong>Enlace alternativo.<\/strong><\/a><br \/>\n[vc_empty_space height=&#8221;10&#8243;][\/vc_column_text][\/vc_column][\/vc_row]<\/p>\n<\/div>","protected":false},"excerpt":{"rendered":"<p>[vc_row][vc_column width=&#8221;1\/1&#8243;][vc_column_text][vc_empty_space height=&#8221;20&#8243;] Referencia bibliogr\u00e1fica CARMENA, Manuela, LANDA, Jon Mirena, M\u00daGICA, Ram\u00f3n y URIARTE, Juan Mar\u00eda (2013): Informe-base de vulneraciones de derechos humanos en el caso vasco (1960-2013). Secretar\u00eda General&hellip;<\/p>\n","protected":false},"author":2,"featured_media":0,"parent":0,"menu_order":0,"comment_status":"open","ping_status":"open","template":"","meta":{"om_disable_all_campaigns":false,"_monsterinsights_skip_tracking":false,"_monsterinsights_sitenote_active":false,"_monsterinsights_sitenote_note":"","_monsterinsights_sitenote_category":0,"_uf_show_specific_survey":0,"_uf_disable_surveys":false,"_vp_format_video_url":"","_vp_image_focal_point":[],"_vp_custom_popup_image":0,"_vp_format_audio_url":"","_vp_custom_thumbnail":0,"_vp_custom_thumbnail_focal_point":[],"_vp_hover_thumbnail":0,"_vp_hover_thumbnail_focal_point":[],"footnotes":""},"class_list":["post-5797","page","type-page","status-publish","hentry"],"aioseo_notices":[],"_links":{"self":[{"href":"https:\/\/www.arovite.com\/en\/wp-json\/wp\/v2\/pages\/5797","targetHints":{"allow":["GET"]}}],"collection":[{"href":"https:\/\/www.arovite.com\/en\/wp-json\/wp\/v2\/pages"}],"about":[{"href":"https:\/\/www.arovite.com\/en\/wp-json\/wp\/v2\/types\/page"}],"author":[{"embeddable":true,"href":"https:\/\/www.arovite.com\/en\/wp-json\/wp\/v2\/users\/2"}],"replies":[{"embeddable":true,"href":"https:\/\/www.arovite.com\/en\/wp-json\/wp\/v2\/comments?post=5797"}],"version-history":[{"count":1,"href":"https:\/\/www.arovite.com\/en\/wp-json\/wp\/v2\/pages\/5797\/revisions"}],"predecessor-version":[{"id":5851,"href":"https:\/\/www.arovite.com\/en\/wp-json\/wp\/v2\/pages\/5797\/revisions\/5851"}],"wp:attachment":[{"href":"https:\/\/www.arovite.com\/en\/wp-json\/wp\/v2\/media?parent=5797"}],"curies":[{"name":"wp","href":"https:\/\/api.w.org\/{rel}","templated":true}]}}