{"id":5795,"date":"2016-01-20T11:42:27","date_gmt":"2016-01-20T11:42:27","guid":{"rendered":"http:\/\/www.arovite.com\/?page_id=5795"},"modified":"2025-10-05T08:37:14","modified_gmt":"2025-10-05T08:37:14","slug":"caminos-jose-maria-armentia-jose-ignacio-y-marin-maria-flora-2013-4","status":"publish","type":"page","link":"https:\/\/www.arovite.com\/en\/caminos-jose-maria-armentia-jose-ignacio-y-marin-maria-flora-2013-4\/","title":{"rendered":"CAMINOS, Jos\u00e9 Mar\u00eda, ARMENTIA, Jos\u00e9 Ignacio y MAR\u00cdN, Mar\u00eda Flora (2013)"},"content":{"rendered":"<div class=\"wpb-content-wrapper\"><p>[vc_row][vc_column width=&#8221;1\/1&#8243;][vc_column_text][vc_empty_space height=&#8221;20&#8243;]<br \/>\n<strong>Referencia bibliogr\u00e1fica<\/strong><br \/>\nCAMINOS, Jos\u00e9 Mar\u00eda, ARMENTIA, Jos\u00e9 Ignacio y MAR\u00cdN, Mar\u00eda Flora (2013): \u00abEl asesinato de Miguel \u00c1ngel Blanco como ejemplo de key event en el tratamiento medi\u00e1tico de los atentados mortales de ETA\u00bb, <em>adComunica<\/em>, n\u00ba 6, pp. 139-160.<\/p>\n<p><a class=\"button blue  medium \" href=\"https:\/\/www.e-revistes.uji.es\/index.php\/adcomunica\/article\/view\/4841\/4912\" target=\"_blank\">Consultar PDF<\/a>[vc_empty_space height=&#8221;10&#8243;]<br \/>\n<strong>Resumen<\/strong><br \/>\nA partir de 1995, ETA da un giro muy importante a su estrategia terrorista. Coloca a los medios de comunicaci\u00f3n y a los periodistas en su punto de mira, inicia su presi\u00f3n mediante asesinatos al Poder Judicial y comienza una serie negra de atentados contra representantes de partidos pol\u00edticos democr\u00e1ticamente elegidos, fundamentalmente del Partido Popular y del Partido Socialista. Este giro estrat\u00e9gico tiene su v\u00e9rtice culminante el 12 de julio de 1997, fecha en la que despu\u00e9s de mantener secuestrado durante dos d\u00edas al concejal del PP en Ermua Miguel \u00c1ngel Blanco, acaba por asesinarlo. La muerte del edil popular marca un antes y despu\u00e9s en el tratamiento period\u00edstico de los atentados de ETA, por lo que podr\u00eda ser considerado un ejemplo de lo que autores como Kepplinger y Habermeier (1995) denominan key event. Desde esa fecha ya nada va a seguir igual y los medios de comunicaci\u00f3n adoptan una posici\u00f3n activa en la lucha contra ETA. Este texto analiza ese antes y despu\u00e9s del tratamiento de los atentados mortales de ETA tras el asesinato del concejal del Partido Popular, tomando en consideraci\u00f3n para ello las aportaciones realizadas desde la Teor\u00eda del Framing.<br \/>\n[vc_empty_space height=&#8221;10&#8243;]<br \/>\n<strong>Abstract<\/strong><br \/>\nIn 1995, Euskadi ta Askatasuna, better known by its acronym ETA, changed its strategy in a way that would radically affect the media\u2019s coverage of the group\u2019s terrorist activities and eventually make Basque news organisations targets of their attacks. It was in that year that ETA ramped up pressure for the fulfilment of its political objectives by mounting a series of attacks that specifically targeted members of the Spanish judiciary and democratically elected officials primarily affiliated with the Popular Party and the Socialist Party, the two largest political parties in Spain. The apotheosis of this strategy was the July 12, 1997 assassination of Miguel \u00c1ngel Blanco, a councilman for the Basque city of Ermua affiliated with the PP, whom the group had abducted two days earlier. The brutal killing of Blanco marked a before and after in the media\u2019s coverage of ETA violence and constituted what authors such as Kepplinger and Habermeier (1995) refer to as a \u00abkey event\u00bb. From that point on, the media would assume a more active role in the fight against ETA. This article explores how press coverage of fatal attacks perpetrated by ETA changed after the assassination of this municipal official by comparing reporting before and after the Blanco assassination and using framing theory to analyse the approaches applied by these four dailies to their coverage of ETA violence.<br \/>\n[vc_empty_space height=&#8221;10&#8243;]<br \/>\n<strong>Autor<\/strong><br \/>\nJos\u00e9 Mar\u00eda Caminos. <a title=\"Dialnet\" href=\"http:\/\/dialnet.unirioja.es\/servlet\/autor?codigo=339862\" target=\"_blank\">P\u00e1gina del autor en Dialnet.<\/a><br \/>\nJos\u00e9 Ignacio Armentia. <a title=\"Dialnet\" href=\"http:\/\/dialnet.unirioja.es\/servlet\/autor?codigo=124578\" target=\"_blank\">P\u00e1gina del autor en Dialnet.<\/a><br \/>\nMar\u00eda Flora Mar\u00edn. <a title=\"Dialnet\" href=\"http:\/\/dialnet.unirioja.es\/servlet\/autor?codigo=339863\" target=\"_blank\">P\u00e1gina del autor en Dialnet.<\/a><br \/>\n[vc_empty_space height=&#8221;10&#8243;]<br \/>\n<strong>Tipo de documento<\/strong><br \/>\nArt\u00edculo<br \/>\n[vc_empty_space height=&#8221;10&#8243;]<br \/>\n[\/vc_column_text][\/vc_column][\/vc_row]<\/p>\n<\/div>","protected":false},"excerpt":{"rendered":"<p>[vc_row][vc_column width=&#8221;1\/1&#8243;][vc_column_text][vc_empty_space height=&#8221;20&#8243;] Referencia bibliogr\u00e1fica CAMINOS, Jos\u00e9 Mar\u00eda, ARMENTIA, Jos\u00e9 Ignacio y MAR\u00cdN, Mar\u00eda Flora (2013): \u00abEl asesinato de Miguel \u00c1ngel Blanco como ejemplo de key event en el tratamiento&hellip;<\/p>\n","protected":false},"author":2,"featured_media":0,"parent":0,"menu_order":0,"comment_status":"open","ping_status":"open","template":"","meta":{"om_disable_all_campaigns":false,"_monsterinsights_skip_tracking":false,"_monsterinsights_sitenote_active":false,"_monsterinsights_sitenote_note":"","_monsterinsights_sitenote_category":0,"_uf_show_specific_survey":0,"_uf_disable_surveys":false,"_vp_format_video_url":"","_vp_image_focal_point":[],"_vp_custom_popup_image":0,"_vp_format_audio_url":"","_vp_custom_thumbnail":0,"_vp_custom_thumbnail_focal_point":[],"_vp_hover_thumbnail":0,"_vp_hover_thumbnail_focal_point":[],"footnotes":""},"class_list":["post-5795","page","type-page","status-publish","hentry"],"aioseo_notices":[],"_links":{"self":[{"href":"https:\/\/www.arovite.com\/en\/wp-json\/wp\/v2\/pages\/5795","targetHints":{"allow":["GET"]}}],"collection":[{"href":"https:\/\/www.arovite.com\/en\/wp-json\/wp\/v2\/pages"}],"about":[{"href":"https:\/\/www.arovite.com\/en\/wp-json\/wp\/v2\/types\/page"}],"author":[{"embeddable":true,"href":"https:\/\/www.arovite.com\/en\/wp-json\/wp\/v2\/users\/2"}],"replies":[{"embeddable":true,"href":"https:\/\/www.arovite.com\/en\/wp-json\/wp\/v2\/comments?post=5795"}],"version-history":[{"count":2,"href":"https:\/\/www.arovite.com\/en\/wp-json\/wp\/v2\/pages\/5795\/revisions"}],"predecessor-version":[{"id":24695,"href":"https:\/\/www.arovite.com\/en\/wp-json\/wp\/v2\/pages\/5795\/revisions\/24695"}],"wp:attachment":[{"href":"https:\/\/www.arovite.com\/en\/wp-json\/wp\/v2\/media?parent=5795"}],"curies":[{"name":"wp","href":"https:\/\/api.w.org\/{rel}","templated":true}]}}