{"id":5783,"date":"2016-01-20T12:05:04","date_gmt":"2016-01-20T12:05:04","guid":{"rendered":"http:\/\/www.arovite.com\/?page_id=5783"},"modified":"2016-01-24T21:38:55","modified_gmt":"2016-01-24T21:38:55","slug":"calle-luis-de-la-y-sanchez-cuenca-ignacio-2004-3","status":"publish","type":"page","link":"https:\/\/www.arovite.com\/en\/calle-luis-de-la-y-sanchez-cuenca-ignacio-2004-3\/","title":{"rendered":"CALLE, Luis de la y S\u00c1NCHEZ-CUENCA, Ignacio (2004)"},"content":{"rendered":"<div class=\"wpb-content-wrapper\"><p>[vc_row][vc_column width=&#8221;1\/1&#8243;][vc_column_text][vc_empty_space height=&#8221;20&#8243;]<br \/>\n<strong>Referencia bibliogr\u00e1fica<\/strong><br \/>\nCALLE, Luis de la y S\u00c1NCHEZ-CUENCA, Ignacio (2004): \u00abLa selecci\u00f3n de v\u00edctimas en ETA\u00bb, <em>Revista Espa\u00f1ola de Ciencia Pol\u00edtica<\/em>, n\u00ba 10, pp. 53-79.<\/p>\n<p><a class=\"button blue  medium \" href=\"http:\/\/recyt.fecyt.es\/index.php\/recp\/article\/view\/37351\/20869\" target=\"_blank\">Consultar PDF<\/a>[vc_empty_space height=&#8221;10&#8243;]<br \/>\n<strong>Resumen<\/strong><br \/>\nEn los \u00faltimos cuarenta a\u00f1os, ETA ha asesinado a 829 personas. Hemos elaborado una base de datos exhaustiva que nos permite por primera vez analizar los patrones de selecci\u00f3n de v\u00edctimas mortales. Presentamos informaci\u00f3n cuantitativa que resume la actividad de ETA (tipos de v\u00edctimas, grado de selectividad en los asesinatos, campa\u00f1as contra civiles, etc.). Adem\u00e1s, mostramos variaciones entre las distintas ramas de ETA, en la condici\u00f3n de las v\u00edctimas a lo largo del tiempo, en las formas de asesinar, y en su distribuci\u00f3n geogr\u00e1fica. Gracias a estos datos, podemos confirmar c\u00f3mo el viraje estrat\u00e9gico que se produce en ETA en los a\u00f1os noventa, en virtud de la cual se abandona la estrategia de guerra de desgaste en beneficio de la estrategia de frente nacionalista, se plasma tambi\u00e9n en un cambio importante en la selecci\u00f3n de v\u00edctimas.<br \/>\n[vc_empty_space height=&#8221;10&#8243;]<br \/>\n<strong>Autor<\/strong><br \/>\nLuis de la Calle. <a title=\"Dialnet\" href=\"http:\/\/dialnet.unirioja.es\/servlet\/autor?codigo=329499\" target=\"_blank\">P\u00e1gina del autor en Dialnet.<\/a><br \/>\nIgnacio S\u00e1nchez-Cuenca. <a title=\"Dialnet\" href=\"http:\/\/dialnet.unirioja.es\/servlet\/autor?codigo=19338\" target=\"_blank\">P\u00e1gina del autor en Dialnet.<\/a><br \/>\n[vc_empty_space height=&#8221;10&#8243;]<br \/>\n<strong>Tipo de documento<\/strong><br \/>\nArt\u00edculo<br \/>\n[vc_empty_space height=&#8221;10&#8243;]<br \/>\n[\/vc_column_text][\/vc_column][\/vc_row]<\/p>\n<\/div>","protected":false},"excerpt":{"rendered":"<p>[vc_row][vc_column width=&#8221;1\/1&#8243;][vc_column_text][vc_empty_space height=&#8221;20&#8243;] Referencia bibliogr\u00e1fica CALLE, Luis de la y S\u00c1NCHEZ-CUENCA, Ignacio (2004): \u00abLa selecci\u00f3n de v\u00edctimas en ETA\u00bb, Revista Espa\u00f1ola de Ciencia Pol\u00edtica, n\u00ba 10, pp. 53-79. Consultar PDF[vc_empty_space&hellip;<\/p>\n","protected":false},"author":2,"featured_media":0,"parent":0,"menu_order":0,"comment_status":"open","ping_status":"open","template":"","meta":{"om_disable_all_campaigns":false,"_monsterinsights_skip_tracking":false,"_monsterinsights_sitenote_active":false,"_monsterinsights_sitenote_note":"","_monsterinsights_sitenote_category":0,"_uf_show_specific_survey":0,"_uf_disable_surveys":false,"_vp_format_video_url":"","_vp_image_focal_point":[],"_vp_custom_popup_image":0,"_vp_format_audio_url":"","_vp_custom_thumbnail":0,"_vp_custom_thumbnail_focal_point":[],"_vp_hover_thumbnail":0,"_vp_hover_thumbnail_focal_point":[],"footnotes":""},"class_list":["post-5783","page","type-page","status-publish","hentry"],"aioseo_notices":[],"_links":{"self":[{"href":"https:\/\/www.arovite.com\/en\/wp-json\/wp\/v2\/pages\/5783","targetHints":{"allow":["GET"]}}],"collection":[{"href":"https:\/\/www.arovite.com\/en\/wp-json\/wp\/v2\/pages"}],"about":[{"href":"https:\/\/www.arovite.com\/en\/wp-json\/wp\/v2\/types\/page"}],"author":[{"embeddable":true,"href":"https:\/\/www.arovite.com\/en\/wp-json\/wp\/v2\/users\/2"}],"replies":[{"embeddable":true,"href":"https:\/\/www.arovite.com\/en\/wp-json\/wp\/v2\/comments?post=5783"}],"version-history":[{"count":2,"href":"https:\/\/www.arovite.com\/en\/wp-json\/wp\/v2\/pages\/5783\/revisions"}],"predecessor-version":[{"id":6516,"href":"https:\/\/www.arovite.com\/en\/wp-json\/wp\/v2\/pages\/5783\/revisions\/6516"}],"wp:attachment":[{"href":"https:\/\/www.arovite.com\/en\/wp-json\/wp\/v2\/media?parent=5783"}],"curies":[{"name":"wp","href":"https:\/\/api.w.org\/{rel}","templated":true}]}}