{"id":5705,"date":"2013-09-29T08:20:49","date_gmt":"2013-09-29T08:20:49","guid":{"rendered":"http:\/\/www.arovite.com\/home-2\/"},"modified":"2017-02-16T16:46:10","modified_gmt":"2017-02-16T16:46:10","slug":"home","status":"publish","type":"page","link":"https:\/\/www.arovite.com\/en\/home\/","title":{"rendered":"Home"},"content":{"rendered":"<div class=\"wpb-content-wrapper\"><p>[vc_row][vc_column][vc_empty_space height=&#8221;75px&#8221;][\/vc_column][\/vc_row][vc_row][vc_column width=&#8221;2\/3&#8243;][vc_column_text]<\/p>\n<h3>AROVITE. Digital Archive of Terrorist Violence in the Basque Country<\/h3>\n<h5>AROVITE is a source of reference for research on terrorism in the Basque Country committed by the different ramifications of ETA, the GAL, the extreme right or the Autonomous Anti-Capitalist Commandos.<\/h5>\n<h5>AROVITE has two functions. On one hand, it manages information now scattered across the Internet. In this area, the section of external links is very useful, as it gives access to the most important online resources: archives, libraries, research groups, websites of associations of victims of terrorism, international references, etc. On the other hand, AROVITE is a content repository. Here, our bibliographic search engine and our reading suggestions stand out. We have also published several graphs, a timeline of terrorism in the Basque Country, a list of films that deal with this particular issue, etc.<\/h5>\n<h5>AROVITE is an initiative of the Institute of Social History Valent\u00edn de Foronda, of the University of the Basque Country, an institution with a remarkable research trajectory in the field of Modern History of the Basque Country. AROVITE is a result of one of the fields of research of the Institute: politics of memory and victims of political violence in the Basque Country, 1936-2011.<\/h5>\n<p>[\/vc_column_text][\/vc_column][vc_column width=&#8221;1\/3&#8243;][vc_single_image image=&#8221;1019&#8243; img_size=&#8221;full&#8221; alignment=&#8221;center&#8221; css_animation=&#8221;bottom-to-top&#8221;][\/vc_column][\/vc_row][vc_row][vc_column][vc_empty_space height=&#8221;50px&#8221;][\/vc_column][\/vc_row][vc_row full_width=&#8221;stretch_row&#8221; content_placement=&#8221;middle&#8221; parallax=&#8221;content-moving&#8221; parallax_image=&#8221;7670&#8243;][vc_column width=&#8221;1\/2&#8243;][vc_single_image image=&#8221;7672&#8243; img_size=&#8221;full&#8221; alignment=&#8221;right&#8221; css_animation=&#8221;right-to-left&#8221;][\/vc_column][vc_column width=&#8221;1\/2&#8243;][vc_column_text]<\/p>\n<h3><span style=\"color: #ffffff;\">Photography<\/span><\/h3>\n<h5><span style=\"color: #ffffff;\">A trav\u00e9s de esta galer\u00eda fotogr\u00e1fica (que ir\u00e1 creciendo en el futuro con nuevos autores e im\u00e1genes) pretendemos reflejar de manera visual la historia del terrorismo en Euskadi y Navarra. Se trata de una selecci\u00f3n, de una muestra que busca sugerir ideas en el espectador, m\u00e1s que recoger de forma exhaustiva todo el material gr\u00e1fico que se produjo en torno a este tema, por otro lado inabarcable. A excepci\u00f3n del apartado dedicado a <em>La Gaceta del Norte<\/em>, la galer\u00eda est\u00e1 organizada por fondos personales donados por los autores de las im\u00e1genes que vivieron aquellos a\u00f1os en primera persona detr\u00e1s de su objetivo. Adem\u00e1s de atentados, las fotograf\u00edas reflejan el clima pol\u00edtico y social generado en torno al terrorismo: pintadas, manifestaciones, funerales, actos de la kale borroka, etc.<\/span><\/h5>\n<p>&nbsp;<\/p>\n<h5><a href=\"\/?page_id=6161\"><button class=\"gray\" type=\"button\">Continue reading<\/button><\/a><\/h5>\n<p>[\/vc_column_text][\/vc_column][\/vc_row][vc_row][vc_column][vc_empty_space height=&#8221;50px&#8221;][\/vc_column][\/vc_row][vc_row][vc_column width=&#8221;1\/2&#8243;][vc_single_image image=&#8221;6962&#8243; img_size=&#8221;full&#8221; alignment=&#8221;center&#8221; css_animation=&#8221;bottom-to-top&#8221;][vc_column_text]<\/p>\n<h3>Timeline of terrorism in the Basque Country<\/h3>\n<h5>This timeline provides an overview of the events which occurred between 1968, date of the first murder committed by ETA, and 2011, the year when this organization\u2026<\/h5>\n<p><a href=\"\/?page_id=5658\">Continue reading<\/a>[\/vc_column_text][\/vc_column][vc_column width=&#8221;1\/2&#8243;][vc_single_image image=&#8221;6963&#8243; img_size=&#8221;full&#8221; alignment=&#8221;center&#8221; css_animation=&#8221;bottom-to-top&#8221;][vc_column_text]<\/p>\n<h3>Library<\/h3>\n<h5 class=\"\">This collection brings together texts concerning the phenomenon of terrorism in the Basque Country and Navarre, published in digital format based on research.<\/h5>\n<p><a href=\"\/?page_id=5656\">Continue reading<\/a>[\/vc_column_text][\/vc_column][\/vc_row][vc_row][vc_column][vc_empty_space height=&#8221;50px&#8221;][\/vc_column][\/vc_row][vc_row][vc_column width=&#8221;1\/2&#8243;][vc_single_image image=&#8221;6950&#8243; img_size=&#8221;full&#8221; alignment=&#8221;center&#8221; css_animation=&#8221;bottom-to-top&#8221;][vc_column_text]<\/p>\n<h3>Enter our database<\/h3>\n<h5>In the Reading suggestions we bring you a reading list of key books on terrorism in History, Sociology, Political Science, Anthropology and Communication Sciences.<\/h5>\n<p><a href=\"\/?page_id=3998\">Continue reading<\/a>[\/vc_column_text][\/vc_column][vc_column width=&#8221;1\/2&#8243;][vc_single_image image=&#8221;7020&#8243; img_size=&#8221;full&#8221; alignment=&#8221;center&#8221; css_animation=&#8221;bottom-to-top&#8221;][vc_column_text]<\/p>\n<h3>External links<\/h3>\n<h5>Our section of external links gives access to the most relevant online resources for research on terrorism in the Basque Country: the archives that hold documents of and about ETA&#8230;<\/h5>\n<p><a href=\"\/?page_id=5664\">Continue reading<\/a>[\/vc_column_text][\/vc_column][\/vc_row][vc_row][vc_column][vc_empty_space height=&#8221;50px&#8221;][\/vc_column][\/vc_row][vc_row full_width=&#8221;stretch_row&#8221; content_placement=&#8221;middle&#8221; parallax=&#8221;content-moving&#8221; parallax_image=&#8221;7009&#8243;][vc_column width=&#8221;1\/2&#8243;][vc_column_text]<\/p>\n<h3><span style=\"color: #ffffff;\">Collection of Bakeaz<\/span><\/h3>\n<h5><span style=\"color: #ffffff;\">Bakeaz was an association dedicated to research on matters of peace, human rights and ecology, and existed for over two decades. It was founded in 1992 by people linked to the university and the area of pacifism, human rights and environmentalism. From the beginning, the association tried to provide criteria for reflection and civic actions to address issues related to the militarization of international relations, sustainable economy, hydrological politics and water management, cooperation politics, migration processes, civic participation, general theory on social movements, or peace and human rights education.<\/span><\/h5>\n<p>&nbsp;<\/p>\n<h5><a href=\"\/?page_id=3996\"><button class=\"gray\" type=\"button\">Continue reading<\/button><\/a><\/h5>\n<p>[\/vc_column_text][\/vc_column][vc_column width=&#8221;1\/2&#8243;][vc_single_image image=&#8221;7005&#8243; img_size=&#8221;full&#8221; alignment=&#8221;right&#8221; css_animation=&#8221;right-to-left&#8221;][\/vc_column][\/vc_row][vc_row][vc_column][vc_empty_space height=&#8221;50px&#8221;][\/vc_column][\/vc_row][vc_row][vc_column][vc_text_separator title=&#8221;Last posts&#8221;][\/vc_column][\/vc_row][vc_row][vc_column][vc_basic_grid post_type=&#8221;post&#8221; max_items=&#8221;3&#8243; item=&#8221;7869&#8243; grid_id=&#8221;vc_gid:1487250072412-0dd16499-31f4-3&#8243;][\/vc_column][\/vc_row][vc_row][vc_column][vc_empty_space height=&#8221;50px&#8221;][\/vc_column][\/vc_row][vc_row][vc_column][vc_column_text][testimonial img=&#8221;http:\/\/arovite.com\/wp-content\/uploads\/2014\/02\/reinares.jpg&#8221; name=&#8221;Fernando Reinares&#8221; subtitle=&#8221;1989&#8243;]&#8221;El terrorismo puede ser definido, en perspectiva sociol\u00f3gica, como una forma de acci\u00f3n colectiva caracterizada por el recurso sistem\u00e1tico y tendencialmente exclusivo a la violencia armada, ya sea potencial o efectiva, con la intenci\u00f3n de afectar la distribuci\u00f3n del poder mediante atentados cuyo impacto psicol\u00f3gico y simb\u00f3lico supera al derivado de los da\u00f1os personales y materiales que provocan. Se trata de un fen\u00f3meno surgido en su configuraci\u00f3n actual a finales de los a\u00f1os sesenta, preferentemente en el contexto de las sociedades industrializadas y protagonizado por organizaciones clandestinas de dimensiones reducidas e ideol\u00f3gicamente inspiradas&#8221;.[\/testimonial][\/vc_column_text][\/vc_column][\/vc_row][vc_row][vc_column][vc_empty_space height=&#8221;50px&#8221;][\/vc_column][\/vc_row][vc_row][vc_column][vc_column_text][ourclients title=&#8221;Funders&#8221;][client img=&#8221;http:\/\/arovite.com\/wp-content\/uploads\/2014\/02\/logo-upv.jpg&#8221;][client img=&#8221;http:\/\/arovite.com\/wp-content\/uploads\/2014\/02\/logo-valentin.jpg&#8221;][client img=&#8221;http:\/\/arovite.com\/wp-content\/uploads\/2014\/02\/logo-gobvasco.jpg&#8221;][\/ourclients][\/vc_column_text][\/vc_column][\/vc_row]<\/p>\n<\/div>","protected":false},"excerpt":{"rendered":"<p>[vc_row][vc_column][vc_empty_space height=&#8221;75px&#8221;][\/vc_column][\/vc_row][vc_row][vc_column width=&#8221;2\/3&#8243;][vc_column_text] AROVITE. Digital Archive of Terrorist Violence in the Basque Country AROVITE is a source of reference for research on terrorism in the Basque Country committed by the&hellip;<\/p>\n","protected":false},"author":1,"featured_media":0,"parent":0,"menu_order":0,"comment_status":"open","ping_status":"open","template":"homepage.php","meta":{"om_disable_all_campaigns":false,"_monsterinsights_skip_tracking":false,"_monsterinsights_sitenote_active":false,"_monsterinsights_sitenote_note":"","_monsterinsights_sitenote_category":0,"_uf_show_specific_survey":0,"_uf_disable_surveys":false,"_vp_format_video_url":"","_vp_image_focal_point":[],"_vp_custom_popup_image":0,"_vp_format_audio_url":"","_vp_custom_thumbnail":0,"_vp_custom_thumbnail_focal_point":[],"_vp_hover_thumbnail":0,"_vp_hover_thumbnail_focal_point":[],"footnotes":""},"class_list":["post-5705","page","type-page","status-publish","hentry"],"aioseo_notices":[],"_links":{"self":[{"href":"https:\/\/www.arovite.com\/en\/wp-json\/wp\/v2\/pages\/5705","targetHints":{"allow":["GET"]}}],"collection":[{"href":"https:\/\/www.arovite.com\/en\/wp-json\/wp\/v2\/pages"}],"about":[{"href":"https:\/\/www.arovite.com\/en\/wp-json\/wp\/v2\/types\/page"}],"author":[{"embeddable":true,"href":"https:\/\/www.arovite.com\/en\/wp-json\/wp\/v2\/users\/1"}],"replies":[{"embeddable":true,"href":"https:\/\/www.arovite.com\/en\/wp-json\/wp\/v2\/comments?post=5705"}],"version-history":[{"count":18,"href":"https:\/\/www.arovite.com\/en\/wp-json\/wp\/v2\/pages\/5705\/revisions"}],"predecessor-version":[{"id":7981,"href":"https:\/\/www.arovite.com\/en\/wp-json\/wp\/v2\/pages\/5705\/revisions\/7981"}],"wp:attachment":[{"href":"https:\/\/www.arovite.com\/en\/wp-json\/wp\/v2\/media?parent=5705"}],"curies":[{"name":"wp","href":"https:\/\/api.w.org\/{rel}","templated":true}]}}