{"id":5617,"date":"2016-01-11T20:59:02","date_gmt":"2016-01-11T20:59:02","guid":{"rendered":"http:\/\/www.arovite.com\/hernandez-nieto-macario-2014-2\/"},"modified":"2016-01-11T20:59:02","modified_gmt":"2016-01-11T20:59:02","slug":"hernandez-nieto-macario-2014","status":"publish","type":"page","link":"https:\/\/www.arovite.com\/en\/hernandez-nieto-macario-2014\/","title":{"rendered":"HERN\u00c1NDEZ NIETO, Macario (2014)"},"content":{"rendered":"<div class=\"wpb-content-wrapper\"><p>[vc_row][vc_column width=&#8221;1\/1&#8243;][vc_column_text][vc_empty_space height=&#8221;20&#8243;]<br \/>\n<strong>Referencia bibliogr\u00e1fica<\/strong><br \/>\nHERN\u00c1NDEZ NIETO, Macario (2014): \u00abETA y la \u201cresistencia vasca\u201d durante los \u00faltimos a\u00f1os del franquismo en la prensa clandestina del nacionalismo vasco moderado\u00bb, <em>Espacio, Tiempo y Forma. Serie V, Historia Contempor\u00e1nea<\/em>, n\u00ba 26, pp. 435-450.<\/p>\n<p><a class=\"button blue  medium \" href=\"http:\/\/revistas.uned.es\/index.php\/ETFV\/article\/view\/12210\/12982\" target=\"_blank\">Consultar PDF<\/a>[vc_empty_space height=&#8221;10&#8243;]<br \/>\n<strong>Resumen<\/strong><br \/>\nEl an\u00e1lisis de Alderdi y OPE-Eusko Deya, peri\u00f3dicos editados durante el Franquismo en Francia por el PNV y el Gobierno Vasco en el exilio, pone de manifiesto que ETA gozaba de alguna consideraci\u00f3n en el nacionalismo vasco moderado aunque oficialmente no se respaldara su actividad violenta. ETA era considerada un elemento importante en la lucha que la \u00abresistencia vasca\u00bb libraba contra el r\u00e9gimen de Franco. Estos peri\u00f3dicos inclu\u00edan tambi\u00e9n dentro de la \u00abresistencia vasca\u00bb fuerzas pol\u00edticas, sindicales, sociales etc., como el clero vasco, en parte afecto al nacionalismo, o partidos y sindicatos antifranquistas, no nacionalistas como el PCE o CC.OO. que promov\u00edan la contestaci\u00f3n de los trabajadores vascos.<br \/>\n[vc_empty_space height=&#8221;10&#8243;]<br \/>\n<strong>Abstract<\/strong><br \/>\nThe analysis of Alderdi and OPE-Eusko-Deya newspapers published during Franco\u2019s time in France by the PNV and the Basque Government in the exile, reveals that ETA had high esteem among the moderate Basque nationalism although officially its violent activity was not backed. ETA was considered an important element in the struggle that the \u2018Basque resistance\u2019 fought against Franco\u2019s Regime. These newspapers also included in the \u2018Basque resistance\u2019 political, union, social and cultural forces as the Basque clergy, nationalist, or political parties and unions against Francoism and no nationalistic as PCE or CC.OO. which lead the Basque worker protest.<br \/>\n[vc_empty_space height=&#8221;10&#8243;]<br \/>\n<strong>Autor<\/strong><br \/>\nMacario Hern\u00e1ndez Nieto. <a title=\"Dialnet\" href=\"http:\/\/dialnet.unirioja.es\/servlet\/autor?codigo=1954896\" target=\"_blank\">P\u00e1gina del autor en Dialnet.<\/a><br \/>\n[vc_empty_space height=&#8221;10&#8243;]<br \/>\n<strong>Tipo de documento<\/strong><br \/>\nArt\u00edculo<br \/>\n[vc_empty_space height=&#8221;10&#8243;]<br \/>\n<a title=\"Enlace alternativo\" href=\"http:\/\/dialnet.unirioja.es\/servlet\/articulo?codigo=5122901\" target=\"_blank\"><strong>Enlace alternativo.<\/strong><\/a><br \/>\n[vc_empty_space height=&#8221;10&#8243;][\/vc_column_text][\/vc_column][\/vc_row]<\/p>\n<\/div>","protected":false},"excerpt":{"rendered":"<p>[vc_row][vc_column width=&#8221;1\/1&#8243;][vc_column_text][vc_empty_space height=&#8221;20&#8243;] Referencia bibliogr\u00e1fica HERN\u00c1NDEZ NIETO, Macario (2014): \u00abETA y la \u201cresistencia vasca\u201d durante los \u00faltimos a\u00f1os del franquismo en la prensa clandestina del nacionalismo vasco moderado\u00bb, Espacio, Tiempo&hellip;<\/p>\n","protected":false},"author":2,"featured_media":0,"parent":0,"menu_order":0,"comment_status":"open","ping_status":"open","template":"","meta":{"om_disable_all_campaigns":false,"_monsterinsights_skip_tracking":false,"_monsterinsights_sitenote_active":false,"_monsterinsights_sitenote_note":"","_monsterinsights_sitenote_category":0,"_uf_show_specific_survey":0,"_uf_disable_surveys":false,"_vp_format_video_url":"","_vp_image_focal_point":[],"_vp_custom_popup_image":0,"_vp_format_audio_url":"","_vp_custom_thumbnail":0,"_vp_custom_thumbnail_focal_point":[],"_vp_hover_thumbnail":0,"_vp_hover_thumbnail_focal_point":[],"footnotes":""},"class_list":["post-5617","page","type-page","status-publish","hentry"],"aioseo_notices":[],"_links":{"self":[{"href":"https:\/\/www.arovite.com\/en\/wp-json\/wp\/v2\/pages\/5617","targetHints":{"allow":["GET"]}}],"collection":[{"href":"https:\/\/www.arovite.com\/en\/wp-json\/wp\/v2\/pages"}],"about":[{"href":"https:\/\/www.arovite.com\/en\/wp-json\/wp\/v2\/types\/page"}],"author":[{"embeddable":true,"href":"https:\/\/www.arovite.com\/en\/wp-json\/wp\/v2\/users\/2"}],"replies":[{"embeddable":true,"href":"https:\/\/www.arovite.com\/en\/wp-json\/wp\/v2\/comments?post=5617"}],"version-history":[{"count":0,"href":"https:\/\/www.arovite.com\/en\/wp-json\/wp\/v2\/pages\/5617\/revisions"}],"wp:attachment":[{"href":"https:\/\/www.arovite.com\/en\/wp-json\/wp\/v2\/media?parent=5617"}],"curies":[{"name":"wp","href":"https:\/\/api.w.org\/{rel}","templated":true}]}}