{"id":5607,"date":"2016-01-11T20:46:33","date_gmt":"2016-01-11T20:46:33","guid":{"rendered":"http:\/\/www.arovite.com\/hernandez-nieto-macario-2005-2\/"},"modified":"2016-01-11T20:46:33","modified_gmt":"2016-01-11T20:46:33","slug":"hernandez-nieto-macario-2005","status":"publish","type":"page","link":"https:\/\/www.arovite.com\/en\/hernandez-nieto-macario-2005\/","title":{"rendered":"HERN\u00c1NDEZ NIETO, Macario (2005)"},"content":{"rendered":"<div class=\"wpb-content-wrapper\"><p>[vc_row][vc_column width=&#8221;1\/1&#8243;][vc_column_text][vc_empty_space height=&#8221;20&#8243;]<br \/>\n<strong>Referencia bibliogr\u00e1fica<\/strong><br \/>\nHERN\u00c1NDEZ NIETO, Macario (2005): \u00abETA y el nacionalismo vasco en la Transici\u00f3n. An\u00e1lisis del tratamiento period\u00edstico de la organizaci\u00f3n ETA en un peri\u00f3dico nacionalista vasco: <em>Deia<\/em>\u00bb, <em>Espacio, Tiempo y Forma, Serie V, Historia Contempor\u00e1nea<\/em>, n\u00ba. 17, pp. 345-371.<\/p>\n<p><a class=\"button blue  medium \" href=\"http:\/\/revistas.uned.es\/index.php\/ETFV\/article\/view\/3125\/2985\" target=\"_blank\">Consultar PDF<\/a>[vc_empty_space height=&#8221;10&#8243;]<br \/>\n<strong>Resumen<\/strong><br \/>\nDurante la Transici\u00f3n una parte importante de la sociedad vasca tuvo una postura claramente favorable a la violencia de ETA. Por una parte el abertzalismo radical que expresamente defend\u00eda la actividad de esta organizaci\u00f3n, por otra, el nacionalismo moderado cuyo referente era el Partido Nacionalista Vasco (PNV) y su medio de expresi\u00f3n, el peri\u00f3dico Deia. En este sector social se da la paradoja de que se condenaban los atentados y al mismo tiempo se manten\u00eda una actitud de comprensi\u00f3n fiada los miembros y la actividad de ETA. El an\u00e1lisis del tratamiento period\u00edstico de Deia documenta esta parad\u00f3jica posici\u00f3n del nacionalismo vasco moderado que resulta favorable a la organizaci\u00f3n ETA.<br \/>\n[vc_empty_space height=&#8221;10&#8243;]<br \/>\n<strong>Abstract<\/strong><br \/>\nDuring the Transition an important part of the Basque society clearly supported ETA&#8217;s violence. On the one hand, the radical abertzalismo, which openly defended the activities of this organisation. On the other hand, the moderate nationalism, whose referent was the Basque Nationalist Party (PNV) and its supporting media, Deia newspaper. There is a paradox in the attitude of this social group since they condemned the terrorist attacks but at the same time they had a sympathetic attitude towards ETA&#8217;s members and activities. The analysis of the journalistic treatment by Deia provides evidence of this paradoxical position of the moderate Basque nationalism in favour of ETA.<br \/>\n[vc_empty_space height=&#8221;10&#8243;]<br \/>\n<strong>Autor<\/strong><br \/>\nMacario Hern\u00e1ndez Nieto. <a title=\"Dialnet\" href=\"http:\/\/dialnet.unirioja.es\/servlet\/autor?codigo=1954896\" target=\"_blank\">P\u00e1gina del autor en Dialnet.<\/a><br \/>\n[vc_empty_space height=&#8221;10&#8243;]<br \/>\n<strong>Tipo de documento<\/strong><br \/>\nArt\u00edculo<br \/>\n[vc_empty_space height=&#8221;10&#8243;]<br \/>\n<a title=\"Enlace alternativo\" href=\"http:\/\/dialnet.unirioja.es\/servlet\/articulo?codigo=2216500 \" target=\"_blank\"><strong>Enlace alternativo.<\/strong><\/a><br \/>\n[vc_empty_space height=&#8221;10&#8243;][\/vc_column_text][\/vc_column][\/vc_row]<\/p>\n<\/div>","protected":false},"excerpt":{"rendered":"<p>[vc_row][vc_column width=&#8221;1\/1&#8243;][vc_column_text][vc_empty_space height=&#8221;20&#8243;] Referencia bibliogr\u00e1fica HERN\u00c1NDEZ NIETO, Macario (2005): \u00abETA y el nacionalismo vasco en la Transici\u00f3n. An\u00e1lisis del tratamiento period\u00edstico de la organizaci\u00f3n ETA en un peri\u00f3dico nacionalista vasco:&hellip;<\/p>\n","protected":false},"author":2,"featured_media":0,"parent":0,"menu_order":0,"comment_status":"open","ping_status":"open","template":"","meta":{"om_disable_all_campaigns":false,"_monsterinsights_skip_tracking":false,"_monsterinsights_sitenote_active":false,"_monsterinsights_sitenote_note":"","_monsterinsights_sitenote_category":0,"_uf_show_specific_survey":0,"_uf_disable_surveys":false,"_vp_format_video_url":"","_vp_image_focal_point":[],"_vp_custom_popup_image":0,"_vp_format_audio_url":"","_vp_custom_thumbnail":0,"_vp_custom_thumbnail_focal_point":[],"_vp_hover_thumbnail":0,"_vp_hover_thumbnail_focal_point":[],"footnotes":""},"class_list":["post-5607","page","type-page","status-publish","hentry"],"aioseo_notices":[],"_links":{"self":[{"href":"https:\/\/www.arovite.com\/en\/wp-json\/wp\/v2\/pages\/5607","targetHints":{"allow":["GET"]}}],"collection":[{"href":"https:\/\/www.arovite.com\/en\/wp-json\/wp\/v2\/pages"}],"about":[{"href":"https:\/\/www.arovite.com\/en\/wp-json\/wp\/v2\/types\/page"}],"author":[{"embeddable":true,"href":"https:\/\/www.arovite.com\/en\/wp-json\/wp\/v2\/users\/2"}],"replies":[{"embeddable":true,"href":"https:\/\/www.arovite.com\/en\/wp-json\/wp\/v2\/comments?post=5607"}],"version-history":[{"count":0,"href":"https:\/\/www.arovite.com\/en\/wp-json\/wp\/v2\/pages\/5607\/revisions"}],"wp:attachment":[{"href":"https:\/\/www.arovite.com\/en\/wp-json\/wp\/v2\/media?parent=5607"}],"curies":[{"name":"wp","href":"https:\/\/api.w.org\/{rel}","templated":true}]}}