{"id":5107,"date":"2015-12-02T22:27:57","date_gmt":"2015-12-02T22:27:57","guid":{"rendered":"http:\/\/www.arovite.com\/jimenez-rafael-y-saiz-alejandro-1992-2\/"},"modified":"2015-12-02T22:29:47","modified_gmt":"2015-12-02T22:29:47","slug":"jimenez-rafael-y-saiz-alejandro-1992","status":"publish","type":"page","link":"https:\/\/www.arovite.com\/en\/jimenez-rafael-y-saiz-alejandro-1992\/","title":{"rendered":"JIM\u00c9NEZ, Rafael y SAIZ, Alejandro (1992)"},"content":{"rendered":"<div class=\"wpb-content-wrapper\"><p>[vc_row][vc_column width=&#8221;1\/1&#8243;][vc_column_text][vc_empty_space height=&#8221;20&#8243;]<br \/>\n<strong>Referencia bibliogr\u00e1fica<\/strong><br \/>\nJIM\u00c9NEZ, Rafael y SAIZ, Alejandro (1992): \u00abInstituciones y partidos pol\u00edticos en la Comunidad Aut\u00f3noma del Pa\u00eds Vasco: 1986-1991\u00bb, Institut de Ci\u00e8ncies Pol\u00edtiques i Socials, Universitat Aut\u00f2noma de Barcelona. Working paper n\u00ba 53.<\/p>\n<p><a class=\"button blue  medium \" href=\"http:\/\/www.icps.cat\/archivos\/WorkingPapers\/WP_I_53.pdf?noga=1\" target=\"_blank\">Consultar PDF<\/a>[vc_empty_space height=&#8221;10&#8243;]<br \/>\n<strong>Resumen<\/strong><br \/>\nEn el a\u00f1o 1986 el sistema de partidos en el Pa\u00eds Vasco sufre un vuelco considerable. Frente a la aparente estabilidad anterior, tan solo alterada por la entrada y salida de la escena pol\u00edtica de peque\u00f1os partidos y por el desmoronamiento de la UCD, las elecciones al Parlamento Vasco de 1986 -tal y como tendremos ocasi\u00f3n de comprobar en detalle- representan el punto de inflexi\u00f3n a partir del cual se produce una p\u00e9rdida en la hegemon\u00eda relativa del PNV, as\u00ed como la aparici\u00f3n de una cuarta fuerza nacionalista (EA), nacida de la ruptura del partido hasta entonces dominante.<br \/>\n[vc_empty_space height=&#8221;10&#8243;]<br \/>\n<strong>Autor<\/strong><br \/>\nRafael Jim\u00e9nez Asensio. <a title=\"Dialnet\" href=\"http:\/\/dialnet.unirioja.es\/servlet\/autor?codigo=83121\" target=\"_blank\">P\u00e1gina del autor en Dialnet.<\/a><br \/>\nAlejandro S\u00e1iz Arnaiz. <a title=\"Dialnet\" href=\"http:\/\/dialnet.unirioja.es\/servlet\/autor?codigo=733204\" target=\"_blank\">P\u00e1gina del autor en Dialnet.<\/a><br \/>\n[vc_empty_space height=&#8221;10&#8243;]<br \/>\n<strong>Tipo de documento<\/strong><br \/>\nWorking paper<br \/>\n[vc_empty_space height=&#8221;10&#8243;]<br \/>\n[\/vc_column_text][\/vc_column][\/vc_row]<\/p>\n<\/div>","protected":false},"excerpt":{"rendered":"<p>[vc_row][vc_column width=&#8221;1\/1&#8243;][vc_column_text][vc_empty_space height=&#8221;20&#8243;] Referencia bibliogr\u00e1fica JIM\u00c9NEZ, Rafael y SAIZ, Alejandro (1992): \u00abInstituciones y partidos pol\u00edticos en la Comunidad Aut\u00f3noma del Pa\u00eds Vasco: 1986-1991\u00bb, Institut de Ci\u00e8ncies Pol\u00edtiques i Socials, Universitat&hellip;<\/p>\n","protected":false},"author":1,"featured_media":0,"parent":0,"menu_order":0,"comment_status":"open","ping_status":"open","template":"","meta":{"om_disable_all_campaigns":false,"_monsterinsights_skip_tracking":false,"_monsterinsights_sitenote_active":false,"_monsterinsights_sitenote_note":"","_monsterinsights_sitenote_category":0,"_uf_show_specific_survey":0,"_uf_disable_surveys":false,"_vp_format_video_url":"","_vp_image_focal_point":[],"_vp_custom_popup_image":0,"_vp_format_audio_url":"","_vp_custom_thumbnail":0,"_vp_custom_thumbnail_focal_point":[],"_vp_hover_thumbnail":0,"_vp_hover_thumbnail_focal_point":[],"footnotes":""},"class_list":["post-5107","page","type-page","status-publish","hentry"],"aioseo_notices":[],"_links":{"self":[{"href":"https:\/\/www.arovite.com\/en\/wp-json\/wp\/v2\/pages\/5107","targetHints":{"allow":["GET"]}}],"collection":[{"href":"https:\/\/www.arovite.com\/en\/wp-json\/wp\/v2\/pages"}],"about":[{"href":"https:\/\/www.arovite.com\/en\/wp-json\/wp\/v2\/types\/page"}],"author":[{"embeddable":true,"href":"https:\/\/www.arovite.com\/en\/wp-json\/wp\/v2\/users\/1"}],"replies":[{"embeddable":true,"href":"https:\/\/www.arovite.com\/en\/wp-json\/wp\/v2\/comments?post=5107"}],"version-history":[{"count":1,"href":"https:\/\/www.arovite.com\/en\/wp-json\/wp\/v2\/pages\/5107\/revisions"}],"predecessor-version":[{"id":5110,"href":"https:\/\/www.arovite.com\/en\/wp-json\/wp\/v2\/pages\/5107\/revisions\/5110"}],"wp:attachment":[{"href":"https:\/\/www.arovite.com\/en\/wp-json\/wp\/v2\/media?parent=5107"}],"curies":[{"name":"wp","href":"https:\/\/api.w.org\/{rel}","templated":true}]}}