{"id":5067,"date":"2015-12-02T21:55:54","date_gmt":"2015-12-02T21:55:54","guid":{"rendered":"http:\/\/www.arovite.com\/larizgoitia-itziar-fernandez-itziar-markez-inaki-izarzugaza-isabel-larizgoitia-arantza-moreno-florentino-paez-dario-y-martin-beristain-carlos-2011-2\/"},"modified":"2015-12-02T21:55:54","modified_gmt":"2015-12-02T21:55:54","slug":"larizgoitia-itziar-fernandez-itziar-markez-inaki-izarzugaza-isabel-larizgoitia-arantza-moreno-florentino-paez-dario-y-martin-beristain-carlos-2011","status":"publish","type":"page","link":"https:\/\/www.arovite.com\/en\/larizgoitia-itziar-fernandez-itziar-markez-inaki-izarzugaza-isabel-larizgoitia-arantza-moreno-florentino-paez-dario-y-martin-beristain-carlos-2011\/","title":{"rendered":"LARIZGOITIA, Itziar, FERN\u00c1NDEZ, Itziar, MARKEZ, I\u00f1aki, IZARZUGAZA, Isabel, LARIZGOITIA, Arantza, MORENO, Florentino, P\u00c1EZ, Dar\u00edo y MART\u00cdN BERISTAIN, Carlos (2011)"},"content":{"rendered":"<div class=\"wpb-content-wrapper\"><p>[vc_row][vc_column width=&#8221;1\/1&#8243;][vc_column_text][vc_empty_space height=&#8221;20&#8243;]<br \/>\n<strong>Referencia bibliogr\u00e1fica<\/strong><br \/>\nLARIZGOITIA, Itziar, FERN\u00c1NDEZ, Itziar, MARKEZ, I\u00f1aki, IZARZUGAZA, Isabel, LARIZGOITIA, Arantza, MORENO, Florentino, P\u00c1EZ, Dar\u00edo y MART\u00cdN BERISTAIN, Carlos (2011): \u00abSecuelas de la violencia colectiva: hablan las v\u00edctimas del estudio ISAVIC\u00bb, <em>Gaceta Sanitaria<\/em>, vol. 25, n\u00ba 2, pp. 115-121.<\/p>\n<p><a class=\"button blue  medium \" href=\"http:\/\/scielo.isciii.es\/pdf\/gs\/v25n2\/original4.pdf\" target=\"_blank\">Consultar PDF<\/a>[vc_empty_space height=&#8221;10&#8243;]<br \/>\n<strong>Resumen<\/strong><br \/>\nObjetivo: A pesar de la importancia de la violencia colectiva en la salud, a\u00fan quedan muchas lagunas sobre la naturaleza de las lesiones que produce y su relaci\u00f3n con el bienestar y la calidad de vida de sus v\u00edctimas. Durante los a\u00f1os 2005-2008 se realiz\u00f3 en el Pa\u00eds Vasco el estudio ISAVIC para estimar los efectos de este tipo de violencia en la salud. El estudio intent\u00f3 comprender las caracter\u00edsticas de las secuelas de la violencia colectiva en la salud de las v\u00edctimas a partir de sus percepciones. M\u00e9todos: Se seleccion\u00f3 una muestra intencional de 36 v\u00edctimas primarias, a trav\u00e9s de redes de contactos y mediadores. Se realizaron entrevistas en profundidad semiestructuradas, analizadas en funci\u00f3n del modelo conceptual del estudio. Resultados: Los testimonios sugieren que las v\u00edctimas han experimentado un proceso traum\u00e1tico de gran intensidad que no han superado en su totalidad y que es causa de una importante p\u00e9rdida de calidad de vida. Se describen las principales limitaciones funcionales observadas en t\u00e9rminos f\u00edsicos, emocionales y sociales. Conclusiones: Los resultados cualitativos son coherentes con los obtenidos mediante instrumentos estandarizados, a los que dotan de mayor sentido al explicar la naturaleza de las limitaciones de la salud. Tambi\u00e9n permiten intuir algunas de las relaciones entre las diferentes limitaciones funcionales y su impacto en la calidad de vida. Conviene verificar los resultados con muestras m\u00e1s amplias de v\u00edctimas y profundizar en el estudio de la relaci\u00f3n entre violencia y salud, incluyendo el impacto del contexto social.<br \/>\n[vc_empty_space height=&#8221;10&#8243;]<br \/>\n<strong>Abstract<\/strong><br \/>\nObjective: Despite the significant influence of collective violence on the health status of its victims, there are still many gaps in our understanding of the nature of the functional limitations this violence produces and its impact on victims\u2019 wellbeing and quality of life. The ISAVIC study was carried out in the autonomous region of the Basque Country from 2005-2008 to estimate the effects of collective violence on health. The assessment included victims\u2019 perceptions of these sequelae and their impact on health. Methods: A purposive sample of 36 primary victims was selected through contact networks and mediators. The victims\u2019 perceptions were collected through semi-structured in-depth interviews, which were later analyzed according to the study\u2019s conceptual framework. Results: The victims\u2019 testimony suggests that they were profoundly traumatized by the collective violence experienced, which was often not yet completely overcome and significantly impaired their quality of life. The main functional, physical, emotional and social limitations described by the victims were identified. Conclusions: The qualitative results of this study are coherent with those obtained through the parametric phase of the ISAVIC study and provide a more complete overview of the nature of the sequelae of collective violence and its impact on quality of life. These results should be verified in larger studies and the influence of the social context on the relationship between collective violence and health should be analyzed in greater depth.<br \/>\n[vc_empty_space height=&#8221;10&#8243;]<br \/>\n<strong>Autor<\/strong><br \/>\nItziar Larizgoitia. <a title=\"Dialnet\" href=\"http:\/\/dialnet.unirioja.es\/servlet\/autor?codigo=608201\" target=\"_blank\">P\u00e1gina del autor en Dialnet.<\/a><br \/>\nItziar Fern\u00e1ndez. <a title=\"Dialnet\" href=\"http:\/\/dialnet.unirioja.es\/servlet\/autor?codigo=2899862\" target=\"_blank\">P\u00e1gina del autor en Dialnet.<\/a><br \/>\nI\u00f1aki Markez. <a title=\"Dialnet\" href=\"http:\/\/dialnet.unirioja.es\/servlet\/autor?codigo=1164643\" target=\"_blank\">P\u00e1gina del autor en Dialnet.<\/a><br \/>\nIsabel Izarzugaza. <a title=\"Dialnet\" href=\"http:\/\/dialnet.unirioja.es\/servlet\/autor?codigo=2899797\" target=\"_blank\">P\u00e1gina del autor en Dialnet.<\/a><br \/>\nArantza Larizgoitia. <a title=\"Dialnet\" href=\"http:\/\/dialnet.unirioja.es\/servlet\/autor?codigo=2294273\" target=\"_blank\">P\u00e1gina del autor en Dialnet.<\/a><br \/>\nFlorentino Moreno. <a title=\"Dialnet\" href=\"http:\/\/dialnet.unirioja.es\/servlet\/autor?codigo=872336\" target=\"_blank\">P\u00e1gina del autor en Dialnet.<\/a><br \/>\nDar\u00edo P\u00e1ez. <a title=\"Dialnet\" href=\"http:\/\/dialnet.unirioja.es\/servlet\/autor?codigo=77203\" target=\"_blank\">P\u00e1gina del autor en Dialnet.<\/a><br \/>\nCarlos Mart\u00edn Beristain. <a title=\"Dialnet\" href=\"http:\/\/dialnet.unirioja.es\/servlet\/autor?codigo=584074\" target=\"_blank\">P\u00e1gina del autor en Dialnet.<\/a><br \/>\n[vc_empty_space height=&#8221;10&#8243;]<br \/>\n<strong>Tipo de documento<\/strong><br \/>\nArt\u00edculo<br \/>\n[vc_empty_space height=&#8221;10&#8243;]<br \/>\n<a title=\"Enlace alternativo\" href=\"http:\/\/dialnet.unirioja.es\/servlet\/articulo?codigo=3626625\" target=\"_blank\"><strong>Enlace alternativo.<\/strong><\/a><br \/>\n[\/vc_column_text][\/vc_column][\/vc_row]<\/p>\n<\/div>","protected":false},"excerpt":{"rendered":"<p>[vc_row][vc_column width=&#8221;1\/1&#8243;][vc_column_text][vc_empty_space height=&#8221;20&#8243;] Referencia bibliogr\u00e1fica LARIZGOITIA, Itziar, FERN\u00c1NDEZ, Itziar, MARKEZ, I\u00f1aki, IZARZUGAZA, Isabel, LARIZGOITIA, Arantza, MORENO, Florentino, P\u00c1EZ, Dar\u00edo y MART\u00cdN BERISTAIN, Carlos (2011): \u00abSecuelas de la violencia colectiva: hablan&hellip;<\/p>\n","protected":false},"author":1,"featured_media":0,"parent":0,"menu_order":0,"comment_status":"open","ping_status":"open","template":"","meta":{"om_disable_all_campaigns":false,"_monsterinsights_skip_tracking":false,"_monsterinsights_sitenote_active":false,"_monsterinsights_sitenote_note":"","_monsterinsights_sitenote_category":0,"_uf_show_specific_survey":0,"_uf_disable_surveys":false,"_vp_format_video_url":"","_vp_image_focal_point":[],"_vp_custom_popup_image":0,"_vp_format_audio_url":"","_vp_custom_thumbnail":0,"_vp_custom_thumbnail_focal_point":[],"_vp_hover_thumbnail":0,"_vp_hover_thumbnail_focal_point":[],"footnotes":""},"class_list":["post-5067","page","type-page","status-publish","hentry"],"aioseo_notices":[],"_links":{"self":[{"href":"https:\/\/www.arovite.com\/en\/wp-json\/wp\/v2\/pages\/5067","targetHints":{"allow":["GET"]}}],"collection":[{"href":"https:\/\/www.arovite.com\/en\/wp-json\/wp\/v2\/pages"}],"about":[{"href":"https:\/\/www.arovite.com\/en\/wp-json\/wp\/v2\/types\/page"}],"author":[{"embeddable":true,"href":"https:\/\/www.arovite.com\/en\/wp-json\/wp\/v2\/users\/1"}],"replies":[{"embeddable":true,"href":"https:\/\/www.arovite.com\/en\/wp-json\/wp\/v2\/comments?post=5067"}],"version-history":[{"count":0,"href":"https:\/\/www.arovite.com\/en\/wp-json\/wp\/v2\/pages\/5067\/revisions"}],"wp:attachment":[{"href":"https:\/\/www.arovite.com\/en\/wp-json\/wp\/v2\/media?parent=5067"}],"curies":[{"name":"wp","href":"https:\/\/api.w.org\/{rel}","templated":true}]}}