{"id":5063,"date":"2015-12-02T21:51:15","date_gmt":"2015-12-02T21:51:15","guid":{"rendered":"http:\/\/www.arovite.com\/larizgoitia-itziar-markez-inaki-izarzugaza-isabel-paez-dario-mayordomo-sonia-y-martin-beristain-carlos-2004-2\/"},"modified":"2025-10-05T09:05:26","modified_gmt":"2025-10-05T09:05:26","slug":"larizgoitia-itziar-markez-inaki-izarzugaza-isabel-paez-dario-mayordomo-sonia-y-martin-beristain-carlos-2004","status":"publish","type":"page","link":"https:\/\/www.arovite.com\/en\/larizgoitia-itziar-markez-inaki-izarzugaza-isabel-paez-dario-mayordomo-sonia-y-martin-beristain-carlos-2004\/","title":{"rendered":"LARIZGOITIA, Itziar, MARKEZ, I\u00f1aki, IZARZUGAZA, Isabel, P\u00c1EZ, Dar\u00edo, MAYORDOMO, Sonia y MART\u00cdN BERISTAIN, Carlos (2004)"},"content":{"rendered":"<div class=\"wpb-content-wrapper\"><p>[vc_row][vc_column width=&#8221;1\/1&#8243;][vc_column_text][vc_empty_space height=&#8221;20&#8243;]<br \/>\n<strong>Referencia bibliogr\u00e1fica<\/strong><br \/>\nLARIZGOITIA, Itziar, MARKEZ, I\u00f1aki, IZARZUGAZA, Isabel, P\u00c1EZ, Dar\u00edo, MAYORDOMO, Sonia y MART\u00cdN BERISTAIN, Carlos (2004): \u00abImpacto en la salud de la violencia colectiva\u00bb, <em>Norte de Salud Mental<\/em>, vol. 5, n\u00ba 20.<\/p>\n<p><a class=\"button blue  medium \" href=\"https:\/\/dialnet.unirioja.es\/descarga\/articulo\/4830198.pdf\" target=\"_blank\">Consultar PDF<\/a>[vc_empty_space height=&#8221;10&#8243;]<br \/>\n<strong>Resumen<\/strong><br \/>\nSe trata de realizar una revisi\u00f3n de la literatura que permita adoptar un modelo conceptual de \u201csalud\u201d y aproximarnos al conocimiento del impacto en salud de la violencia colectiva, que incluye el s\u00edndrome de estr\u00e9s post\u2013traum\u00e1tico. Se se\u00f1ala el escaso conocimiento, la limitada tradici\u00f3n en el estudio epidemiol\u00f3gico de la distribuci\u00f3n e impacto de la violencia colectiva y de sus determinantes; acompa\u00f1ada por un d\u00e9bil desarrollo metodol\u00f3gico. As\u00ed mismo, se comprueba el escaso abordaje de cuestiones como el papel de los mecanismos sociales de reparaci\u00f3n, compensaci\u00f3n o reconocimiento de las v\u00edctimas.<br \/>\n[vc_empty_space height=&#8221;10&#8243;]<br \/>\n<strong>Autor<\/strong><br \/>\nItziar Larizgoitia. <a title=\"Dialnet\" href=\"http:\/\/dialnet.unirioja.es\/servlet\/autor?codigo=608201\" target=\"_blank\">P\u00e1gina del autor en Dialnet.<\/a><br \/>\nI\u00f1aki Markez. <a title=\"Dialnet\" href=\"http:\/\/dialnet.unirioja.es\/servlet\/autor?codigo=1164643\" target=\"_blank\">P\u00e1gina del autor en Dialnet.<\/a><br \/>\nIsabel Izarzugaza. <a title=\"Dialnet\" href=\"http:\/\/dialnet.unirioja.es\/servlet\/autor?codigo=2899797\" target=\"_blank\">P\u00e1gina del autor en Dialnet.<\/a><br \/>\nDar\u00edo P\u00e1ez. <a title=\"Dialnet\" href=\"http:\/\/dialnet.unirioja.es\/servlet\/autor?codigo=77203\" target=\"_blank\">P\u00e1gina del autor en Dialnet.<\/a><br \/>\nSonia Mayordomo. <a title=\"Dialnet\" href=\"http:\/\/dialnet.unirioja.es\/servlet\/autor?codigo=2152362\" target=\"_blank\">P\u00e1gina del autor en Dialnet.<\/a><br \/>\nCarlos Mart\u00edn Beristain. <a title=\"Dialnet\" href=\"http:\/\/dialnet.unirioja.es\/servlet\/autor?codigo=584074\" target=\"_blank\">P\u00e1gina del autor en Dialnet.<\/a><br \/>\n[vc_empty_space height=&#8221;10&#8243;]<br \/>\n<strong>Tipo de documento<\/strong><br \/>\nArt\u00edculo<br \/>\n[vc_empty_space height=&#8221;10&#8243;]<br \/>\n<a title=\"Enlace alternativo\" href=\"http:\/\/dialnet.unirioja.es\/servlet\/articulo?codigo=4830198\" target=\"_blank\"><strong>Enlace alternativo.<\/strong><\/a><br \/>\n[\/vc_column_text][\/vc_column][\/vc_row]<\/p>\n<\/div>","protected":false},"excerpt":{"rendered":"<p>[vc_row][vc_column width=&#8221;1\/1&#8243;][vc_column_text][vc_empty_space height=&#8221;20&#8243;] Referencia bibliogr\u00e1fica LARIZGOITIA, Itziar, MARKEZ, I\u00f1aki, IZARZUGAZA, Isabel, P\u00c1EZ, Dar\u00edo, MAYORDOMO, Sonia y MART\u00cdN BERISTAIN, Carlos (2004): \u00abImpacto en la salud de la violencia colectiva\u00bb, Norte de&hellip;<\/p>\n","protected":false},"author":1,"featured_media":0,"parent":0,"menu_order":0,"comment_status":"open","ping_status":"open","template":"","meta":{"om_disable_all_campaigns":false,"_monsterinsights_skip_tracking":false,"_monsterinsights_sitenote_active":false,"_monsterinsights_sitenote_note":"","_monsterinsights_sitenote_category":0,"_uf_show_specific_survey":0,"_uf_disable_surveys":false,"_vp_format_video_url":"","_vp_image_focal_point":[],"_vp_custom_popup_image":0,"_vp_format_audio_url":"","_vp_custom_thumbnail":0,"_vp_custom_thumbnail_focal_point":[],"_vp_hover_thumbnail":0,"_vp_hover_thumbnail_focal_point":[],"footnotes":""},"class_list":["post-5063","page","type-page","status-publish","hentry"],"aioseo_notices":[],"_links":{"self":[{"href":"https:\/\/www.arovite.com\/en\/wp-json\/wp\/v2\/pages\/5063","targetHints":{"allow":["GET"]}}],"collection":[{"href":"https:\/\/www.arovite.com\/en\/wp-json\/wp\/v2\/pages"}],"about":[{"href":"https:\/\/www.arovite.com\/en\/wp-json\/wp\/v2\/types\/page"}],"author":[{"embeddable":true,"href":"https:\/\/www.arovite.com\/en\/wp-json\/wp\/v2\/users\/1"}],"replies":[{"embeddable":true,"href":"https:\/\/www.arovite.com\/en\/wp-json\/wp\/v2\/comments?post=5063"}],"version-history":[{"count":1,"href":"https:\/\/www.arovite.com\/en\/wp-json\/wp\/v2\/pages\/5063\/revisions"}],"predecessor-version":[{"id":24738,"href":"https:\/\/www.arovite.com\/en\/wp-json\/wp\/v2\/pages\/5063\/revisions\/24738"}],"wp:attachment":[{"href":"https:\/\/www.arovite.com\/en\/wp-json\/wp\/v2\/media?parent=5063"}],"curies":[{"name":"wp","href":"https:\/\/api.w.org\/{rel}","templated":true}]}}