{"id":5059,"date":"2015-12-02T21:46:19","date_gmt":"2015-12-02T21:46:19","guid":{"rendered":"http:\/\/www.arovite.com\/leger-eva-2011-2\/"},"modified":"2025-10-05T09:06:09","modified_gmt":"2025-10-05T09:06:09","slug":"leger-eva-2011","status":"publish","type":"page","link":"https:\/\/www.arovite.com\/en\/leger-eva-2011\/","title":{"rendered":"L\u00c9GER, Eva (2011)"},"content":{"rendered":"<div class=\"wpb-content-wrapper\"><p>[vc_row][vc_column width=&#8221;1\/1&#8243;][vc_column_text][vc_empty_space height=&#8221;20&#8243;]<br \/>\n<strong>Referencia bibliogr\u00e1fica<\/strong><br \/>\nL\u00c9GER, Eva (2011): \u00abEl proceso de Burgos en la prensa regional francesa\u00bb, <em>Historia Actual Online<\/em>, n\u00ba 24, pp. 61-63.<\/p>\n<p><a class=\"button blue  medium \" href=\"https:\/\/historia-actual.org\/Publicaciones\/index.php\/hao\/article\/view\/531\/453\" target=\"_blank\">Consultar PDF<\/a>[vc_empty_space height=&#8221;10&#8243;]<br \/>\n<strong>Resumen<\/strong><br \/>\nLa represi\u00f3n franquista provoc\u00f3 una fuerte movilizaci\u00f3n internacional y el Proceso de Burgos en diciembre de 1970 fue uno de los episodios que m\u00e1s llam\u00f3 la atenci\u00f3n de la opini\u00f3n p\u00fablica mundial. Este corto art\u00edculo pretende presentar el impacto del proceso de Burgos en la regi\u00f3n Lemos\u00edn, y en los dos peri\u00f3dicos m\u00e1s vendidos en la zona. As\u00ed, a este nivel, evocar\u00e9 algunas pistas para entender por qu\u00e9 los activistas de ETA se beneficiaron de tanto apoyo.<br \/>\n[vc_empty_space height=&#8221;10&#8243;]<br \/>\n<strong>Autor<\/strong><br \/>\nEva L\u00e9ger. <a title=\"Dialnet\" href=\"http:\/\/dialnet.unirioja.es\/servlet\/autor?codigo=2925888\" target=\"_blank\">P\u00e1gina del autor en Dialnet.<\/a><br \/>\n[vc_empty_space height=&#8221;10&#8243;]<br \/>\n<strong>Tipo de documento<\/strong><br \/>\nArt\u00edculo<br \/>\n[vc_empty_space height=&#8221;10&#8243;]<br \/>\n<a title=\"Enlace alternativo\" href=\"http:\/\/dialnet.unirioja.es\/servlet\/articulo?codigo=3670887\" target=\"_blank\"><strong>Enlace alternativo.<\/strong><\/a><br \/>\n[\/vc_column_text][\/vc_column][\/vc_row]<\/p>\n<\/div>","protected":false},"excerpt":{"rendered":"<p>[vc_row][vc_column width=&#8221;1\/1&#8243;][vc_column_text][vc_empty_space height=&#8221;20&#8243;] Referencia bibliogr\u00e1fica L\u00c9GER, Eva (2011): \u00abEl proceso de Burgos en la prensa regional francesa\u00bb, Historia Actual Online, n\u00ba 24, pp. 61-63. Consultar PDF[vc_empty_space height=&#8221;10&#8243;] Resumen La represi\u00f3n&hellip;<\/p>\n","protected":false},"author":1,"featured_media":0,"parent":0,"menu_order":0,"comment_status":"open","ping_status":"open","template":"","meta":{"om_disable_all_campaigns":false,"_monsterinsights_skip_tracking":false,"_monsterinsights_sitenote_active":false,"_monsterinsights_sitenote_note":"","_monsterinsights_sitenote_category":0,"_uf_show_specific_survey":0,"_uf_disable_surveys":false,"_vp_format_video_url":"","_vp_image_focal_point":[],"_vp_custom_popup_image":0,"_vp_format_audio_url":"","_vp_custom_thumbnail":0,"_vp_custom_thumbnail_focal_point":[],"_vp_hover_thumbnail":0,"_vp_hover_thumbnail_focal_point":[],"footnotes":""},"class_list":["post-5059","page","type-page","status-publish","hentry"],"aioseo_notices":[],"_links":{"self":[{"href":"https:\/\/www.arovite.com\/en\/wp-json\/wp\/v2\/pages\/5059","targetHints":{"allow":["GET"]}}],"collection":[{"href":"https:\/\/www.arovite.com\/en\/wp-json\/wp\/v2\/pages"}],"about":[{"href":"https:\/\/www.arovite.com\/en\/wp-json\/wp\/v2\/types\/page"}],"author":[{"embeddable":true,"href":"https:\/\/www.arovite.com\/en\/wp-json\/wp\/v2\/users\/1"}],"replies":[{"embeddable":true,"href":"https:\/\/www.arovite.com\/en\/wp-json\/wp\/v2\/comments?post=5059"}],"version-history":[{"count":1,"href":"https:\/\/www.arovite.com\/en\/wp-json\/wp\/v2\/pages\/5059\/revisions"}],"predecessor-version":[{"id":24739,"href":"https:\/\/www.arovite.com\/en\/wp-json\/wp\/v2\/pages\/5059\/revisions\/24739"}],"wp:attachment":[{"href":"https:\/\/www.arovite.com\/en\/wp-json\/wp\/v2\/media?parent=5059"}],"curies":[{"name":"wp","href":"https:\/\/api.w.org\/{rel}","templated":true}]}}