{"id":5035,"date":"2015-12-02T21:31:26","date_gmt":"2015-12-02T21:31:26","guid":{"rendered":"http:\/\/www.arovite.com\/parlamento-vasco-2010-2\/"},"modified":"2016-01-26T18:13:48","modified_gmt":"2016-01-26T18:13:48","slug":"parlamento-vasco-2010","status":"publish","type":"page","link":"https:\/\/www.arovite.com\/en\/parlamento-vasco-2010\/","title":{"rendered":"Parlamento Vasco (2010)"},"content":{"rendered":"<div class=\"wpb-content-wrapper\"><p>[vc_row][vc_column width=&#8221;1\/1&#8243;][vc_column_text][vc_empty_space height=&#8221;20&#8243;]<br \/>\n<strong>Referencia bibliogr\u00e1fica<\/strong><br \/>\nParlamento Vasco (2010): Decreto 290\/2010, de 9 de noviembre, de desarrollo del sistema de asistencia integral a las v\u00edctimas del terrorismo.<\/p>\n<p><a class=\"button blue  medium \" href=\"http:\/\/www.arovite.com\/documentos\/2010_Decreto_Euskadi.pdf\" target=\"_blank\">Consultar PDF<\/a>[vc_empty_space height=&#8221;10&#8243;]<br \/>\n<strong>Resumen<\/strong><br \/>\nLa Ley 4\/2008, de 19 de junio, de reconocimiento y reparaci\u00f3n a las v\u00edctimas del terrorismo, regula en su T\u00edtulo III un \u00absistema de protecci\u00f3n y asistencia\u00bb interrelacionado pensado para atender todas y cada una de las necesidades de las v\u00edctimas de acciones terroristas. A\u00fan cuando la norma legal define y desarrolla las prestaciones que abarca tal sistema, en ocasiones difiere al desarrollo reglamentario cuestiones tales como la determinaci\u00f3n de los l\u00edmites econ\u00f3micos de las prestaciones o cuestiones de procedimiento y organizaci\u00f3n, que son las que el presente reglamento pretende desarrollar completando el r\u00e9gimen jur\u00eddico previsto en la propia Ley 4\/2008, de 19 de junio. Igualmente se aprovecha la norma para desarrollar algunas modalidades de asistencia, protecci\u00f3n y reconocimiento a las v\u00edctimas del terrorismo previstas en la Ley 4\/2008, de 19 de junio, que aunque formalmente no aparezcan contempladas en el T\u00edtulo de la Ley dedicado al sistema de protecci\u00f3n y asistencia integral a las v\u00edctimas, si persiguen una misma finalidad, tal y como acontece con las medidas destinadas a la asistencia jur\u00eddica a las v\u00edctimas en los procesos jurisdiccionales. En su virtud, a propuesta de los Consejeros de Interior; de Educaci\u00f3n, Universidades e Investigaci\u00f3n; de Justicia y Administraci\u00f3n P\u00fablica; de Vivienda, Obras P\u00fablicas y Transportes; de Empleo y Asuntos Sociales; y de Sanidad y Consumo, habiendo emitido informe el Consejo Vasco de Participaci\u00f3n de las V\u00edctimas del Terrorismo, de acuerdo con la Comisi\u00f3n Jur\u00eddica Asesora de Euskadi, y tras deliberaci\u00f3n y aprobaci\u00f3n del Consejo de Gobierno en su sesi\u00f3n celebrada el d\u00eda 9 de noviembre de 2010, dispongo: es objeto del presente Decreto el desarrollo del sistema de protecci\u00f3n y asistencia integral a las v\u00edctimas previsto en el T\u00edtulo III de la Ley 4\/2008, de 19 de junio, de reconocimiento y reparaci\u00f3n a las v\u00edctimas del terrorismo, as\u00ed como de otras medidas de protecci\u00f3n y reconocimiento a las v\u00edctimas del terrorismo.<br \/>\n[vc_empty_space height=&#8221;10&#8243;]<br \/>\n<strong>Laburpena<\/strong><br \/>\nTerrorismoaren Biktimei Aitorpena eta Erreparazioa egitekoa den ekainaren 19ko 4\/2008 Legeak babeserako eta laguntzarako sistema arautzen du III. tituluan, zein ekintza terroristen biktimek dituzten beharrizan guztiei aurre egiteko asmatu baitzen. Legeak zehaztu eta garatu egiten ditu sistema horrek barne hartzen dituen prestazioak; hala ere, aldeak daude erregelamendu garapenarekiko prestazioei dagozkien diru-mugak ezartzeari edo prozedura- eta antolaketa-gaiei dagokienez. Arlo horiek garatuko ditu dekretu honek, eta ekainaren 19ko 4\/2008 Legean aurreikusitako erregimena osatzen da horrekin. Dekretu honen bidez, halaber, terrorismoaren biktimak lagundu, babestu eta aitortzeko modalitate zenbait garatzen dira, zeinek ekainaren 19ko 4\/2008 Legean aurreikusitakoak baitira. Nahiz eta modalitateok ez diren azaltzen biktimen babes eta laguntza integralaren sistemari Legeak eskaintzen dion tituluan, bai helburu bera dutela, eta horrelaxe ikusten da prozesu jurisdikzionaletan biktimei laguntza juridikoa emateko neurriekin. Ondorioz, Herrizaingoko sailburuaren, Hezkuntza, Unibertsitate eta Ikerketako sailburuaren, Justiziako eta Herri Administrazioko sailburuaren, Etxebizitza, Herrilan eta Garraioetako sailburuaren, Enplegu eta Gizarte Gaietako sailburuaren, eta Osasun eta Kontsumoko sailburuaren proposamenez, Terrorismoaren Biktimen Partaidetzarako Euskal Kontseiluak txostena emanda, Euskadiko Aholku Batzorde Juridikoarekin bat etorriz, eta Jaurlaritzaren Kontseiluak 2010eko azaroaren 9ko bileran aztertu eta onartu ondoren, xedatu dut: Honako hau da dekretu honen helburua: biktimen babes eta laguntza integralerako sistema garatzea, zein Terrorismoaren Biktimei Aitorpena eta Erreparazioa egitekoa den ekainaren 19ko 4\/2008 Legeko III. tituluan baitago jasota; eta, halaber, terrorismoaren biktimen babes eta laguntzarako beste neurri batzuk.<br \/>\n[vc_empty_space height=&#8221;10&#8243;]<br \/>\n<strong>Tipo de documento<\/strong><br \/>\nDecreto<br \/>\n[vc_empty_space height=&#8221;10&#8243;]<br \/>\n<a title=\"Enlace alternativo\" href=\"http:\/\/www.euskadi.eus\/bopv2\/datos\/2010\/12\/1006125a.pdf\" target=\"_blank\"><strong>Enlace alternativo.<\/strong><\/a><br \/>\n[\/vc_column_text][\/vc_column][\/vc_row]<\/p>\n<\/div>","protected":false},"excerpt":{"rendered":"<p>[vc_row][vc_column width=&#8221;1\/1&#8243;][vc_column_text][vc_empty_space height=&#8221;20&#8243;] Referencia bibliogr\u00e1fica Parlamento Vasco (2010): Decreto 290\/2010, de 9 de noviembre, de desarrollo del sistema de asistencia integral a las v\u00edctimas del terrorismo. Consultar PDF[vc_empty_space height=&#8221;10&#8243;] Resumen&hellip;<\/p>\n","protected":false},"author":1,"featured_media":0,"parent":0,"menu_order":0,"comment_status":"open","ping_status":"open","template":"","meta":{"om_disable_all_campaigns":false,"_monsterinsights_skip_tracking":false,"_monsterinsights_sitenote_active":false,"_monsterinsights_sitenote_note":"","_monsterinsights_sitenote_category":0,"_uf_show_specific_survey":0,"_uf_disable_surveys":false,"_vp_format_video_url":"","_vp_image_focal_point":[],"_vp_custom_popup_image":0,"_vp_format_audio_url":"","_vp_custom_thumbnail":0,"_vp_custom_thumbnail_focal_point":[],"_vp_hover_thumbnail":0,"_vp_hover_thumbnail_focal_point":[],"footnotes":""},"class_list":["post-5035","page","type-page","status-publish","hentry"],"aioseo_notices":[],"_links":{"self":[{"href":"https:\/\/www.arovite.com\/en\/wp-json\/wp\/v2\/pages\/5035","targetHints":{"allow":["GET"]}}],"collection":[{"href":"https:\/\/www.arovite.com\/en\/wp-json\/wp\/v2\/pages"}],"about":[{"href":"https:\/\/www.arovite.com\/en\/wp-json\/wp\/v2\/types\/page"}],"author":[{"embeddable":true,"href":"https:\/\/www.arovite.com\/en\/wp-json\/wp\/v2\/users\/1"}],"replies":[{"embeddable":true,"href":"https:\/\/www.arovite.com\/en\/wp-json\/wp\/v2\/comments?post=5035"}],"version-history":[{"count":2,"href":"https:\/\/www.arovite.com\/en\/wp-json\/wp\/v2\/pages\/5035\/revisions"}],"predecessor-version":[{"id":6588,"href":"https:\/\/www.arovite.com\/en\/wp-json\/wp\/v2\/pages\/5035\/revisions\/6588"}],"wp:attachment":[{"href":"https:\/\/www.arovite.com\/en\/wp-json\/wp\/v2\/media?parent=5035"}],"curies":[{"name":"wp","href":"https:\/\/api.w.org\/{rel}","templated":true}]}}