{"id":5031,"date":"2015-12-02T21:26:57","date_gmt":"2015-12-02T21:26:57","guid":{"rendered":"http:\/\/www.arovite.com\/generalitat-de-valencia-2009-2\/"},"modified":"2016-01-26T17:20:23","modified_gmt":"2016-01-26T17:20:23","slug":"generalitat-de-valencia-2009","status":"publish","type":"page","link":"https:\/\/www.arovite.com\/en\/generalitat-de-valencia-2009\/","title":{"rendered":"Generalitat de Valencia (2009)"},"content":{"rendered":"<div class=\"wpb-content-wrapper\"><p>[vc_row][vc_column width=&#8221;1\/1&#8243;][vc_column_text][vc_empty_space height=&#8221;20&#8243;]<br \/>\n<strong>Referencia bibliogr\u00e1fica<\/strong><br \/>\nGeneralitat de Valencia (2009): Ley 3\/2009, de 14 de abril, de la Generalitat, de modificaci\u00f3n de la Ley 1\/2004, de 24 de mayo, de la Generalitat, de Ayuda a las V\u00edctimas del Terrorismo.<\/p>\n<p><a class=\"button blue  medium \" href=\"http:\/\/www.arovite.com\/documentos\/2009_Ley_Valencia.pdf\" target=\"_blank\">Consultar PDF<\/a>[vc_empty_space height=&#8221;10&#8243;]<br \/>\n<strong>Resumen<\/strong><br \/>\nLa Ley 1\/2004, de 24 de mayo, de la Generalitat, de Ayuda a las V\u00edctimas del Terrorismo es, seg\u00fan se infiere de su pre\u00e1mbulo, expresi\u00f3n del gran respeto y gratitud que el pueblo valenciano tiene hacia sus v\u00edctimas. Constituye un reconocimiento, justo y debido, al dolor que padecen por la p\u00e9rdida de su integridad y a la gran aportaci\u00f3n que realizan con su sufrimiento a los valores democr\u00e1ticos y a la paz. El resarcimiento de la deuda moral y material que la sociedad tiene con aquellos que en primera persona padecen las graves consecuencias de esta intolerancia, requiere una atenci\u00f3n y solidaridad permanente. En este sentido, es voluntad de la Generalitat, a trav\u00e9s de la presente reforma, extender las actuaciones indemnizatorias y asistenciales que la Ley 1\/2004 estableci\u00f3 a nuevos supuestos, as\u00ed como introducir actuaciones en \u00e1mbitos no contemplados inicialmente con el fin de ampliar y concretar su cobertura.<br \/>\n[vc_empty_space height=&#8221;10&#8243;]<br \/>\n<strong>Tipo de documento<\/strong><br \/>\nLey<br \/>\n[vc_empty_space height=&#8221;10&#8243;]<br \/>\n<a title=\"Enlace alternativo\" href=\"https:\/\/www.boe.es\/boe\/dias\/2009\/05\/06\/pdfs\/BOE-A-2009-7516.pdf\" target=\"_blank\"><strong>Enlace alternativo.<\/strong><\/a><br \/>\n[\/vc_column_text][\/vc_column][\/vc_row]<\/p>\n<\/div>","protected":false},"excerpt":{"rendered":"<p>[vc_row][vc_column width=&#8221;1\/1&#8243;][vc_column_text][vc_empty_space height=&#8221;20&#8243;] Referencia bibliogr\u00e1fica Generalitat de Valencia (2009): Ley 3\/2009, de 14 de abril, de la Generalitat, de modificaci\u00f3n de la Ley 1\/2004, de 24 de mayo, de la&hellip;<\/p>\n","protected":false},"author":1,"featured_media":0,"parent":0,"menu_order":0,"comment_status":"open","ping_status":"open","template":"","meta":{"om_disable_all_campaigns":false,"_monsterinsights_skip_tracking":false,"_monsterinsights_sitenote_active":false,"_monsterinsights_sitenote_note":"","_monsterinsights_sitenote_category":0,"_uf_show_specific_survey":0,"_uf_disable_surveys":false,"_vp_format_video_url":"","_vp_image_focal_point":[],"_vp_custom_popup_image":0,"_vp_format_audio_url":"","_vp_custom_thumbnail":0,"_vp_custom_thumbnail_focal_point":[],"_vp_hover_thumbnail":0,"_vp_hover_thumbnail_focal_point":[],"footnotes":""},"class_list":["post-5031","page","type-page","status-publish","hentry"],"aioseo_notices":[],"_links":{"self":[{"href":"https:\/\/www.arovite.com\/en\/wp-json\/wp\/v2\/pages\/5031","targetHints":{"allow":["GET"]}}],"collection":[{"href":"https:\/\/www.arovite.com\/en\/wp-json\/wp\/v2\/pages"}],"about":[{"href":"https:\/\/www.arovite.com\/en\/wp-json\/wp\/v2\/types\/page"}],"author":[{"embeddable":true,"href":"https:\/\/www.arovite.com\/en\/wp-json\/wp\/v2\/users\/1"}],"replies":[{"embeddable":true,"href":"https:\/\/www.arovite.com\/en\/wp-json\/wp\/v2\/comments?post=5031"}],"version-history":[{"count":2,"href":"https:\/\/www.arovite.com\/en\/wp-json\/wp\/v2\/pages\/5031\/revisions"}],"predecessor-version":[{"id":6590,"href":"https:\/\/www.arovite.com\/en\/wp-json\/wp\/v2\/pages\/5031\/revisions\/6590"}],"wp:attachment":[{"href":"https:\/\/www.arovite.com\/en\/wp-json\/wp\/v2\/media?parent=5031"}],"curies":[{"name":"wp","href":"https:\/\/api.w.org\/{rel}","templated":true}]}}