{"id":5023,"date":"2015-12-02T21:20:28","date_gmt":"2015-12-02T21:20:28","guid":{"rendered":"http:\/\/www.arovite.com\/parlamento-vasco-2008-2\/"},"modified":"2016-01-26T18:12:41","modified_gmt":"2016-01-26T18:12:41","slug":"parlamento-vasco-2008","status":"publish","type":"page","link":"https:\/\/www.arovite.com\/en\/parlamento-vasco-2008\/","title":{"rendered":"Parlamento Vasco (2008)"},"content":{"rendered":"<div class=\"wpb-content-wrapper\"><p>[vc_row][vc_column width=&#8221;1\/1&#8243;][vc_column_text][vc_empty_space height=&#8221;20&#8243;]<br \/>\n<strong>Referencia bibliogr\u00e1fica<\/strong><br \/>\nParlamento Vasco (2008): Ley 4\/2008, de 19 de junio, de reconocimiento y reparaci\u00f3n a las v\u00edctimas del terrorismo.<\/p>\n<p><a class=\"button blue  medium \" href=\"http:\/\/www.arovite.com\/documentos\/2008_Ley_Euskadi.pdf\" target=\"_blank\">Consultar PDF<\/a>[vc_empty_space height=&#8221;10&#8243;]<br \/>\n<strong>Resumen<\/strong><br \/>\nCada vez es m\u00e1s evidente entre nosotros la consideraci\u00f3n del terrorismo como una de las mayores lacras que sufre y soporta nuestra sociedad. A buen seguro no somos a\u00fan plenamente conscientes del profundo da\u00f1o que dicho fen\u00f3meno ha generado y genera en el devenir de la ciudadan\u00eda vasca como colectividad. Una perspectiva hist\u00f3rica m\u00e1s amplia tal vez nos permita en un futuro valorar, en toda su extensi\u00f3n y con todo su alcance, la negativa repercusi\u00f3n que la violencia terrorista de ETA fundamentalmente, aunque tambi\u00e9n la del GAL y grupos de extrema derecha, estos \u00faltimos afortunadamente desaparecidos hoy en d\u00eda, ha tenido y tiene en el desarrollo de nuestras relaciones sociales, de nuestra econom\u00eda, de nuestro progreso cultural y ling\u00fc\u00edstico; de nuestra convivencia, en definitiva. Conocemos, eso s\u00ed, un alcance inmediato y directo de esta tragedia: el inmenso dolor y sufrimiento provocado por los asesinatos, las amenazas, los secuestros, las extorsiones y los chantajes. Las v\u00edctimas del terrorismo y sus familiares y allegados son la expresi\u00f3n personal y cercana de esta consecuencia. Constituyen, lamentablemente, el grupo de nuestra sociedad, espec\u00edfica y calculadamente elegido, que ha pagado en sus carnes y en sus almas el tributo del terror y el fanatismo. Las acciones de ETA no son casuales, ni sus objetivos y estrategias son fruto del azar o la improvisaci\u00f3n. Ante la imposibilidad de establecer por v\u00edas pac\u00edficas su proyecto totalitario y excluyente, pretenden imponerlo a trav\u00e9s del ejercicio de la violencia terrorista, utilizando la sangre de personas inocentes, las v\u00edctimas, para aterrorizar al conjunto de la ciudadan\u00eda buscando su desistimiento. Afortunadamente, en los \u00faltimos a\u00f1os se ha producido una reacci\u00f3n ciudadana que ha ido teniendo un paulatino reflejo a nivel institucional y que ha dado lugar tanto a la aprobaci\u00f3n de medidas asistenciales como al reconocimiento y homenaje p\u00fablico; tambi\u00e9n a la aprobaci\u00f3n de textos base para encarar el futuro, como la proposici\u00f3n no de ley aprobada por unanimidad en el Parlamento Vasco en junio de 2003, o la aprobada en febrero de 2005, en la que se mandata al Gobierno a presentar este proyecto de ley.<br \/>\n[vc_empty_space height=&#8221;10&#8243;]<br \/>\n<strong>Laburpena<\/strong><br \/>\nGure artean gero eta begi-bistakoagoa da terrorismoa gure gizarteak nozitzen eta jasaten duen gaitzik handienetarikotzat jotzen dela. Seguru asko, oraindik ez gara erabat jabetzen auzi horrek euskal herritarron bilakaeran, kolektibitate gisa, sortu duen eta sortzen duen min sakonaz. Agian, ikuspegi historiko zabalago batetik, etorkizunean izango dugu baloratzea norainoko eragin negatiboa izan duen eta duen gure garapenean batez ere ETAren biolentzia terroristak, baina baita gaur egun zorionez desagertuta dauden GALenak eta eskuin muturreko taldeenak ere. Gizarte-harremanen, gure ekonomiaren, gure kultura- eta hizkuntza-aurrerapenaren garapenaz ari gara; azken finean, gure elkarbizitzaren garapenaz. Ezagun dugu, hori bai, tragedia horren gertuko eta zuzeneko eragina, hots: erailketek, mehatxuek, bahiketek, estortsioek eta xantaiek sortutako min eta sufrimendu itzela. Terrorismoaren biktimak eta haien familiakoak eta hurbilekoak ondorio horren adierazpen pertsonala eta gertukoa dira. Haiek osatzen dute-eta, tamalez, larrutik eta gogotik terrorearen eta fanatismoaren zerga ordaindu duen gizataldea, gure gizartean berariaz eta era kalkulatu batez aukeratua izan dena. ETAren ekintzak ez dira ustekabean gertatzen, eta haren helburuak eta estrategiak ez dira zoriaren edo batbatekotasunaren emaitza. Beren proiektu totalitario eta baztertzailea bide baketsuetatik inposatzerik ez dutenez, biolentzia terroristaren bitartez inposatu nahi dute, eta horretarako, pertsona errugabeen odola erabiltzen dute, biktimena, hain zuzen ere, herritarrek izuak hartuta amore eman dezaten. Zorionez, azken urteetan herritarrek erreakzionatu egiten dute eta erreakzio horrek isla izan du poliki-poliki instituzioen artean ere; horren eraginez laguntzaneurriak onetsi dira eta biktimei aitorpen eta omenaldi publikoa egin zaie, eta etorkizunari begira, oinarrizko testu batzuk ere onetsi dira, hala nola Eusko Legebiltzarrak 2003ko ekainean aho batez onetsitako legez besteko proposamena, edo 2005eko otsailean onetsi zuena, non Jaurlaritzari eskatzen baitzaio lege-proiektu hau aurkezteko.<br \/>\n[vc_empty_space height=&#8221;10&#8243;]<br \/>\n<strong>Tipo de documento<\/strong><br \/>\nLey<br \/>\n[vc_empty_space height=&#8221;10&#8243;]<br \/>\n<a title=\"Enlace alternativo\" href=\"https:\/\/www.euskadi.eus\/bopv2\/datos\/2008\/07\/0804014a.pdf\" target=\"_blank\"><strong>Enlace alternativo.<\/strong><\/a><br \/>\n[\/vc_column_text][\/vc_column][\/vc_row]<\/p>\n<\/div>","protected":false},"excerpt":{"rendered":"<p>[vc_row][vc_column width=&#8221;1\/1&#8243;][vc_column_text][vc_empty_space height=&#8221;20&#8243;] Referencia bibliogr\u00e1fica Parlamento Vasco (2008): Ley 4\/2008, de 19 de junio, de reconocimiento y reparaci\u00f3n a las v\u00edctimas del terrorismo. Consultar PDF[vc_empty_space height=&#8221;10&#8243;] Resumen Cada vez es&hellip;<\/p>\n","protected":false},"author":1,"featured_media":0,"parent":0,"menu_order":0,"comment_status":"open","ping_status":"open","template":"","meta":{"om_disable_all_campaigns":false,"_monsterinsights_skip_tracking":false,"_monsterinsights_sitenote_active":false,"_monsterinsights_sitenote_note":"","_monsterinsights_sitenote_category":0,"_uf_show_specific_survey":0,"_uf_disable_surveys":false,"_vp_format_video_url":"","_vp_image_focal_point":[],"_vp_custom_popup_image":0,"_vp_format_audio_url":"","_vp_custom_thumbnail":0,"_vp_custom_thumbnail_focal_point":[],"_vp_hover_thumbnail":0,"_vp_hover_thumbnail_focal_point":[],"footnotes":""},"class_list":["post-5023","page","type-page","status-publish","hentry"],"aioseo_notices":[],"_links":{"self":[{"href":"https:\/\/www.arovite.com\/en\/wp-json\/wp\/v2\/pages\/5023","targetHints":{"allow":["GET"]}}],"collection":[{"href":"https:\/\/www.arovite.com\/en\/wp-json\/wp\/v2\/pages"}],"about":[{"href":"https:\/\/www.arovite.com\/en\/wp-json\/wp\/v2\/types\/page"}],"author":[{"embeddable":true,"href":"https:\/\/www.arovite.com\/en\/wp-json\/wp\/v2\/users\/1"}],"replies":[{"embeddable":true,"href":"https:\/\/www.arovite.com\/en\/wp-json\/wp\/v2\/comments?post=5023"}],"version-history":[{"count":3,"href":"https:\/\/www.arovite.com\/en\/wp-json\/wp\/v2\/pages\/5023\/revisions"}],"predecessor-version":[{"id":6585,"href":"https:\/\/www.arovite.com\/en\/wp-json\/wp\/v2\/pages\/5023\/revisions\/6585"}],"wp:attachment":[{"href":"https:\/\/www.arovite.com\/en\/wp-json\/wp\/v2\/media?parent=5023"}],"curies":[{"name":"wp","href":"https:\/\/api.w.org\/{rel}","templated":true}]}}