{"id":5009,"date":"2015-12-02T21:11:54","date_gmt":"2015-12-02T21:11:54","guid":{"rendered":"http:\/\/www.arovite.com\/leonisio-rafael-2015-2-2\/"},"modified":"2025-10-05T09:07:20","modified_gmt":"2025-10-05T09:07:20","slug":"leonisio-rafael-2015-2","status":"publish","type":"page","link":"https:\/\/www.arovite.com\/en\/leonisio-rafael-2015-2\/","title":{"rendered":"LEONISIO, Rafael (2015)"},"content":{"rendered":"<div class=\"wpb-content-wrapper\"><p>[vc_row][vc_column width=&#8221;1\/1&#8243;][vc_column_text][vc_empty_space height=&#8221;20&#8243;]<br \/>\n<strong>Referencia bibliogr\u00e1fica<\/strong><br \/>\nLEONISIO, Rafael (2015): \u00abDel tri\u00e1ngulo al cuadrado. Aplicaci\u00f3n de la teor\u00eda de los cleavages a la historia pol\u00edtica vasca\u00bb, <em>Historia Actual Online<\/em>, n\u00ba 36, pp. 175-186.<\/p>\n<p><a class=\"button blue  medium \" href=\"https:\/\/historia-actual.org\/Publicaciones\/index.php\/hao\/article\/view\/1135\/977\" target=\"_blank\">Consultar PDF<\/a>[vc_empty_space height=&#8221;10&#8243;]<br \/>\n<strong>Resumen<\/strong><br \/>\nLa teor\u00eda de los cleavages, formulada en los a\u00f1os 60 por Lipset y Rokkan, es una de las m\u00e1s utilizadas en ciencia pol\u00edtica no s\u00f3lo en lo que respecta al origen de los partidos pol\u00edticos sino tambi\u00e9n para el an\u00e1lisis electoral y la relaci\u00f3n partidos-electores. El objetivo de este art\u00edculo es hacer un somero repaso a la historia pol\u00edtica vasca de los \u00faltimos dos siglos a la luz de este influyente marco te\u00f3rico.<br \/>\n[vc_empty_space height=&#8221;10&#8243;]<br \/>\n<strong>Abstract<\/strong><br \/>\nSocial Cleavage Theory, set up in the 60s by Lipset and Rokkan, is one of the most commonly employed in political science not only for the origin of political parties but also for electoral analysis and relationship-party voters. The aim of this article is making a brief review of the Basque political history of the last two centuries in the light of this influential theoretical framework.<br \/>\n[vc_empty_space height=&#8221;10&#8243;]<br \/>\n<strong>Autor<\/strong><br \/>\nRafael Leonisio. <a title=\"Dialnet\" href=\"http:\/\/dialnet.unirioja.es\/servlet\/autor?codigo=1234479\" target=\"_blank\">P\u00e1gina del autor en Dialnet.<\/a><br \/>\n[vc_empty_space height=&#8221;10&#8243;]<br \/>\n<strong>Tipo de documento<\/strong><br \/>\nArt\u00edculo<br \/>\n[vc_empty_space height=&#8221;10&#8243;]<br \/>\n<a title=\"Enlace alternativo\" href=\"http:\/\/dialnet.unirioja.es\/servlet\/articulo?codigo=5099664\" target=\"_blank\"><strong>Enlace alternativo.<\/strong><\/a><br \/>\n[\/vc_column_text][\/vc_column][\/vc_row]<\/p>\n<\/div>","protected":false},"excerpt":{"rendered":"<p>[vc_row][vc_column width=&#8221;1\/1&#8243;][vc_column_text][vc_empty_space height=&#8221;20&#8243;] Referencia bibliogr\u00e1fica LEONISIO, Rafael (2015): \u00abDel tri\u00e1ngulo al cuadrado. Aplicaci\u00f3n de la teor\u00eda de los cleavages a la historia pol\u00edtica vasca\u00bb, Historia Actual Online, n\u00ba 36, pp.&hellip;<\/p>\n","protected":false},"author":1,"featured_media":0,"parent":0,"menu_order":0,"comment_status":"open","ping_status":"open","template":"","meta":{"om_disable_all_campaigns":false,"_monsterinsights_skip_tracking":false,"_monsterinsights_sitenote_active":false,"_monsterinsights_sitenote_note":"","_monsterinsights_sitenote_category":0,"_uf_show_specific_survey":0,"_uf_disable_surveys":false,"_vp_format_video_url":"","_vp_image_focal_point":[],"_vp_custom_popup_image":0,"_vp_format_audio_url":"","_vp_custom_thumbnail":0,"_vp_custom_thumbnail_focal_point":[],"_vp_hover_thumbnail":0,"_vp_hover_thumbnail_focal_point":[],"footnotes":""},"class_list":["post-5009","page","type-page","status-publish","hentry"],"aioseo_notices":[],"_links":{"self":[{"href":"https:\/\/www.arovite.com\/en\/wp-json\/wp\/v2\/pages\/5009","targetHints":{"allow":["GET"]}}],"collection":[{"href":"https:\/\/www.arovite.com\/en\/wp-json\/wp\/v2\/pages"}],"about":[{"href":"https:\/\/www.arovite.com\/en\/wp-json\/wp\/v2\/types\/page"}],"author":[{"embeddable":true,"href":"https:\/\/www.arovite.com\/en\/wp-json\/wp\/v2\/users\/1"}],"replies":[{"embeddable":true,"href":"https:\/\/www.arovite.com\/en\/wp-json\/wp\/v2\/comments?post=5009"}],"version-history":[{"count":2,"href":"https:\/\/www.arovite.com\/en\/wp-json\/wp\/v2\/pages\/5009\/revisions"}],"predecessor-version":[{"id":24742,"href":"https:\/\/www.arovite.com\/en\/wp-json\/wp\/v2\/pages\/5009\/revisions\/24742"}],"wp:attachment":[{"href":"https:\/\/www.arovite.com\/en\/wp-json\/wp\/v2\/media?parent=5009"}],"curies":[{"name":"wp","href":"https:\/\/api.w.org\/{rel}","templated":true}]}}