{"id":5005,"date":"2015-12-02T21:09:07","date_gmt":"2015-12-02T21:09:07","guid":{"rendered":"http:\/\/www.arovite.com\/leonisio-rafael-2015-2\/"},"modified":"2025-10-05T09:06:49","modified_gmt":"2025-10-05T09:06:49","slug":"leonisio-rafael-2015","status":"publish","type":"page","link":"https:\/\/www.arovite.com\/en\/leonisio-rafael-2015\/","title":{"rendered":"LEONISIO, Rafael (2015)"},"content":{"rendered":"<div class=\"wpb-content-wrapper\"><p>[vc_row][vc_column width=&#8221;1\/1&#8243;][vc_column_text][vc_empty_space height=&#8221;20&#8243;]<br \/>\n<strong>Referencia bibliogr\u00e1fica<\/strong><br \/>\nLEONISIO, Rafael (2015): \u00abBasque Patriotic Left: 50 Years of Political and Terrorist Acronyms\u00bb, <em>RIPS: Revista de Investigaciones Pol\u00edticas y Sociol\u00f3gicas<\/em>, vol. 14, n\u00ba 1, pp. 83-104.<\/p>\n<p><a class=\"button blue  medium \" href=\"https:\/\/revistas.usc.gal\/index.php\/rips\/article\/view\/2362\/2758\" target=\"_blank\">Consultar PDF<\/a>[vc_empty_space height=&#8221;10&#8243;]<br \/>\n<strong>Resumen<\/strong><br \/>\nEn las \u00faltimas dos d\u00e9cadas la izquierda abertzale ha sido un movimiento pr\u00e1cticamente monol\u00edtico sin apenas fisuras que ha seguido de manera ortodoxa la l\u00ednea que marcaba ETA. Pero no siempre fue as\u00ed. Durante el franquismo, y hasta bien entrada la democracia, la izquierda abertzale mantuvo en su seno una pluralidad de organizaciones que si bien ten\u00edan un proyecto com\u00fan difer\u00edan en estrategias, plazos, y matices y en la importancia que se diera a los contenidos del proyecto com\u00fan. En este trabajo se pretende hacer un recorrido por las diferentes organizaciones pol\u00edticas y armadas que han constituido la izquierda abertzale desde su fundaci\u00f3n hasta nuestros d\u00edas.<br \/>\n[vc_empty_space height=&#8221;10&#8243;]<br \/>\n<strong>Abstract<\/strong><br \/>\nIn the last two decades, the Basque Patriotic Left has been a monolithic movement with relatively few fissures that has followed the line marked by ETA in an orthodox way. But it has not always been that way. During Franco\u2019s regime and in the first years of democracy, the Basque Patriotic Left was formed by a plurality of organizations that had a common project but differed in strategies, terms and nuances, and in the importance given to the contents of the common project. In this work, we will examine the various political and armed organizations that have formed the Basque Patriotic Left from its foundation to the present day.<br \/>\n[vc_empty_space height=&#8221;10&#8243;]<br \/>\n<strong>Autor<\/strong><br \/>\nRafael Leonisio. <a title=\"Dialnet\" href=\"http:\/\/dialnet.unirioja.es\/servlet\/autor?codigo=1234479\" target=\"_blank\">P\u00e1gina del autor en Dialnet.<\/a><br \/>\n[vc_empty_space height=&#8221;10&#8243;]<br \/>\n<strong>Tipo de documento<\/strong><br \/>\nArt\u00edculo<br \/>\n[vc_empty_space height=&#8221;10&#8243;]<br \/>\n<a title=\"Enlace alternativo\" href=\"http:\/\/dialnet.unirioja.es\/servlet\/articulo?codigo=5118545\" target=\"_blank\"><strong>Enlace alternativo.<\/strong><\/a><br \/>\n[\/vc_column_text][\/vc_column][\/vc_row]<\/p>\n<\/div>","protected":false},"excerpt":{"rendered":"<p>[vc_row][vc_column width=&#8221;1\/1&#8243;][vc_column_text][vc_empty_space height=&#8221;20&#8243;] Referencia bibliogr\u00e1fica LEONISIO, Rafael (2015): \u00abBasque Patriotic Left: 50 Years of Political and Terrorist Acronyms\u00bb, RIPS: Revista de Investigaciones Pol\u00edticas y Sociol\u00f3gicas, vol. 14, n\u00ba 1, pp.&hellip;<\/p>\n","protected":false},"author":1,"featured_media":0,"parent":0,"menu_order":0,"comment_status":"open","ping_status":"open","template":"","meta":{"om_disable_all_campaigns":false,"_monsterinsights_skip_tracking":false,"_monsterinsights_sitenote_active":false,"_monsterinsights_sitenote_note":"","_monsterinsights_sitenote_category":0,"_uf_show_specific_survey":0,"_uf_disable_surveys":false,"_vp_format_video_url":"","_vp_image_focal_point":[],"_vp_custom_popup_image":0,"_vp_format_audio_url":"","_vp_custom_thumbnail":0,"_vp_custom_thumbnail_focal_point":[],"_vp_hover_thumbnail":0,"_vp_hover_thumbnail_focal_point":[],"footnotes":""},"class_list":["post-5005","page","type-page","status-publish","hentry"],"aioseo_notices":[],"_links":{"self":[{"href":"https:\/\/www.arovite.com\/en\/wp-json\/wp\/v2\/pages\/5005","targetHints":{"allow":["GET"]}}],"collection":[{"href":"https:\/\/www.arovite.com\/en\/wp-json\/wp\/v2\/pages"}],"about":[{"href":"https:\/\/www.arovite.com\/en\/wp-json\/wp\/v2\/types\/page"}],"author":[{"embeddable":true,"href":"https:\/\/www.arovite.com\/en\/wp-json\/wp\/v2\/users\/1"}],"replies":[{"embeddable":true,"href":"https:\/\/www.arovite.com\/en\/wp-json\/wp\/v2\/comments?post=5005"}],"version-history":[{"count":1,"href":"https:\/\/www.arovite.com\/en\/wp-json\/wp\/v2\/pages\/5005\/revisions"}],"predecessor-version":[{"id":24740,"href":"https:\/\/www.arovite.com\/en\/wp-json\/wp\/v2\/pages\/5005\/revisions\/24740"}],"wp:attachment":[{"href":"https:\/\/www.arovite.com\/en\/wp-json\/wp\/v2\/media?parent=5005"}],"curies":[{"name":"wp","href":"https:\/\/api.w.org\/{rel}","templated":true}]}}