{"id":4985,"date":"2015-12-02T13:50:30","date_gmt":"2015-12-02T13:50:30","guid":{"rendered":"http:\/\/www.arovite.com\/letamendia-francisco-2013-2\/"},"modified":"2015-12-02T13:50:30","modified_gmt":"2015-12-02T13:50:30","slug":"letamendia-francisco-2013","status":"publish","type":"page","link":"https:\/\/www.arovite.com\/en\/letamendia-francisco-2013\/","title":{"rendered":"LETAMENDIA, Francisco (2013)"},"content":{"rendered":"<div class=\"wpb-content-wrapper\"><p>[vc_row][vc_column width=&#8221;1\/1&#8243;][vc_column_text][vc_empty_space height=&#8221;20&#8243;]<br \/>\n<strong>Referencia bibliogr\u00e1fica<\/strong><br \/>\nLETAMENDIA, Francisco (2013): \u00abLa pol\u00edtica ante el fin de ETA\u00bb, <em>Hermes<\/em>, n\u00ba 45, p. 60-73.<\/p>\n<p><a class=\"button blue  medium \" href=\"http:\/\/issuu.com\/sabinoaranafundazioa\/docs\/hermes45?e=9591039\/7492925\" target=\"_blank\">Consultar PDF<\/a>[vc_empty_space height=&#8221;10&#8243;]<br \/>\n<strong>Resumen<\/strong><br \/>\nDesde mediados de los a\u00f1os 2000 la izquierda abertzale se orient\u00f3 hacia la resoluci\u00f3n del conflicto. Ha de verse en ello la influencia de diversos factores, unos externos -el desarrollo del proceso de paz en Irlanda del Norte desde el Acuerdo de Stormont, la irrupci\u00f3n en Occidente a partir de 2001 de los atentados del fundamentalismo islamista, de una potencia letal muy superior a los de ETA -; otros internos, consistentes en la penetraci\u00f3n en el seno del nacionalismo vasco de izquierdas de elementos identitarios e ideol\u00f3gicos nuevos.<br \/>\n[vc_empty_space height=&#8221;10&#8243;]<br \/>\n<strong>Autor<\/strong><br \/>\nFrancisco Letamendia. <a title=\"Dialnet\" href=\"http:\/\/dialnet.unirioja.es\/servlet\/autor?codigo=510257\" target=\"_blank\">P\u00e1gina del autor en Dialnet.<\/a><br \/>\n[vc_empty_space height=&#8221;10&#8243;]<br \/>\n<strong>Tipo de documento<\/strong><br \/>\nArt\u00edculo<br \/>\n[vc_empty_space height=&#8221;10&#8243;]<br \/>\n<a title=\"Enlace alternativo\" href=\"http:\/\/dialnet.unirioja.es\/servlet\/articulo?codigo=4458557\" target=\"_blank\"><strong>Enlace alternativo.<\/strong><\/a><br \/>\n[\/vc_column_text][\/vc_column][\/vc_row]<\/p>\n<\/div>","protected":false},"excerpt":{"rendered":"<p>[vc_row][vc_column width=&#8221;1\/1&#8243;][vc_column_text][vc_empty_space height=&#8221;20&#8243;] Referencia bibliogr\u00e1fica LETAMENDIA, Francisco (2013): \u00abLa pol\u00edtica ante el fin de ETA\u00bb, Hermes, n\u00ba 45, p. 60-73. Consultar PDF[vc_empty_space height=&#8221;10&#8243;] Resumen Desde mediados de los a\u00f1os 2000&hellip;<\/p>\n","protected":false},"author":1,"featured_media":0,"parent":0,"menu_order":0,"comment_status":"open","ping_status":"open","template":"","meta":{"om_disable_all_campaigns":false,"_monsterinsights_skip_tracking":false,"_monsterinsights_sitenote_active":false,"_monsterinsights_sitenote_note":"","_monsterinsights_sitenote_category":0,"_uf_show_specific_survey":0,"_uf_disable_surveys":false,"_vp_format_video_url":"","_vp_image_focal_point":[],"_vp_custom_popup_image":0,"_vp_format_audio_url":"","_vp_custom_thumbnail":0,"_vp_custom_thumbnail_focal_point":[],"_vp_hover_thumbnail":0,"_vp_hover_thumbnail_focal_point":[],"footnotes":""},"class_list":["post-4985","page","type-page","status-publish","hentry"],"aioseo_notices":[],"_links":{"self":[{"href":"https:\/\/www.arovite.com\/en\/wp-json\/wp\/v2\/pages\/4985","targetHints":{"allow":["GET"]}}],"collection":[{"href":"https:\/\/www.arovite.com\/en\/wp-json\/wp\/v2\/pages"}],"about":[{"href":"https:\/\/www.arovite.com\/en\/wp-json\/wp\/v2\/types\/page"}],"author":[{"embeddable":true,"href":"https:\/\/www.arovite.com\/en\/wp-json\/wp\/v2\/users\/1"}],"replies":[{"embeddable":true,"href":"https:\/\/www.arovite.com\/en\/wp-json\/wp\/v2\/comments?post=4985"}],"version-history":[{"count":0,"href":"https:\/\/www.arovite.com\/en\/wp-json\/wp\/v2\/pages\/4985\/revisions"}],"wp:attachment":[{"href":"https:\/\/www.arovite.com\/en\/wp-json\/wp\/v2\/media?parent=4985"}],"curies":[{"name":"wp","href":"https:\/\/api.w.org\/{rel}","templated":true}]}}