{"id":4961,"date":"2015-12-02T13:27:28","date_gmt":"2015-12-02T13:27:28","guid":{"rendered":"http:\/\/www.arovite.com\/llera-francisco-j-y-retortillo-alfredo-coords-2005-2\/"},"modified":"2015-12-02T13:27:28","modified_gmt":"2015-12-02T13:27:28","slug":"llera-francisco-j-y-retortillo-alfredo-coords-2005","status":"publish","type":"page","link":"https:\/\/www.arovite.com\/en\/llera-francisco-j-y-retortillo-alfredo-coords-2005\/","title":{"rendered":"LLERA, Francisco J. y RETORTILLO, Alfredo (coords.) (2005)"},"content":{"rendered":"<div class=\"wpb-content-wrapper\"><p>[vc_row][vc_column width=&#8221;1\/1&#8243;][vc_column_text][vc_empty_space height=&#8221;20&#8243;]<br \/>\n<strong>Referencia bibliogr\u00e1fica<\/strong><br \/>\nLLERA, Francisco J. y RETORTILLO, Alfredo (coords.) (2005): <em>Los espa\u00f1oles y las v\u00edctimas del terrorismo. 1.\u00aa encuesta nacional \u201cpercepci\u00f3n ciudadana sobre las v\u00edctimas del terrorismo en Espa\u00f1a\u201d<\/em>. Madrid: CIS. <\/p>\n<p><a class=\"button blue  medium \" href=\"http:\/\/www.ehu.eus\/documents\/1457190\/1547454\/primer+estudio+victimas.pdf\" target=\"_blank\">Consultar PDF<\/a>[vc_empty_space height=&#8221;10&#8243;]<br \/>\n<strong>Resumen<\/strong><br \/>\nEl presente estudio sobre \u00abLos espa\u00f1oles y las v\u00edctimas del terrorismo\u00bb es el resultado del an\u00e1lisis de los datos de la primera encuesta nacional sobre \u00abpercepci\u00f3n ciudadana sobre las v\u00edctimas del terrorismo en Espa\u00f1a\u00bb, fruto de la iniciativa de la Fundaci\u00f3n de V\u00edctimas del Terrorismo (FVT) y de la colaboraci\u00f3n entre \u00e9sta, el Centro de Investigaciones Sociol\u00f3gicas (CIS) y el Equipo Euskobar\u00f3metro de la Universidad del Pa\u00eds Vasco (UPV). En el marco del compromiso unitario del Acuerdo por las Libertades y contra el Terrorismo de avanzar en el reconocimiento y la reparaci\u00f3n social de las v\u00edctimas, la FVT inicia con este estudio una serie que trata de profundizar en el conocimiento de las situaciones de victimizaci\u00f3n. Se parte de la hip\u00f3tesis de que un mejor conocimiento de la situaci\u00f3n de las v\u00edctimas, sus necesidades, percepciones y demandas y de las propias relaciones de la sociedad con este fen\u00f3meno son un instrumento estrat\u00e9gico necesario y \u00fatil para la verdad, la justicia y la reparaci\u00f3n de las mismas, puesto en manos de los actores institucionales, c\u00edvicos y de las propias v\u00edctimas que juegan un papel clave en la obtenci\u00f3n de un consenso pol\u00edtico y social en la lucha contra el terrorismo. En definitiva, su reconocimiento, dignificaci\u00f3n y protagonismo, tan necesarios para crear una verdadera cultura de la reconciliaci\u00f3n, que ha de partir de un diagn\u00f3stico com\u00fan y unitario y una pedagog\u00eda colectiva que facilite la regeneraci\u00f3n de un tejido social y \u00e9tico de paz.<br \/>\n[vc_empty_space height=&#8221;10&#8243;]<br \/>\n<strong>Autor<\/strong><br \/>\nFrancisco J. Llera. <a title=\"Dialnet\" href=\"http:\/\/dialnet.unirioja.es\/servlet\/autor?codigo=55650\" target=\"_blank\">P\u00e1gina del autor en Dialnet.<\/a><br \/>\nAlfredo Retortillo. <a title=\"Dialnet\" href=\"http:\/\/dialnet.unirioja.es\/servlet\/autor?codigo=570282\" target=\"_blank\">P\u00e1gina del autor en Dialnet.<\/a><br \/>\n[vc_empty_space height=&#8221;10&#8243;]<br \/>\n<strong>Tipo de documento<\/strong><br \/>\nLibro<br \/>\n[vc_empty_space height=&#8221;10&#8243;]<br \/>\n[\/vc_column_text][\/vc_column][\/vc_row]<\/p>\n<\/div>","protected":false},"excerpt":{"rendered":"<p>[vc_row][vc_column width=&#8221;1\/1&#8243;][vc_column_text][vc_empty_space height=&#8221;20&#8243;] Referencia bibliogr\u00e1fica LLERA, Francisco J. y RETORTILLO, Alfredo (coords.) (2005): Los espa\u00f1oles y las v\u00edctimas del terrorismo. 1.\u00aa encuesta nacional \u201cpercepci\u00f3n ciudadana sobre las v\u00edctimas del terrorismo&hellip;<\/p>\n","protected":false},"author":1,"featured_media":0,"parent":0,"menu_order":0,"comment_status":"open","ping_status":"open","template":"","meta":{"om_disable_all_campaigns":false,"_monsterinsights_skip_tracking":false,"_monsterinsights_sitenote_active":false,"_monsterinsights_sitenote_note":"","_monsterinsights_sitenote_category":0,"_uf_show_specific_survey":0,"_uf_disable_surveys":false,"_vp_format_video_url":"","_vp_image_focal_point":[],"_vp_custom_popup_image":0,"_vp_format_audio_url":"","_vp_custom_thumbnail":0,"_vp_custom_thumbnail_focal_point":[],"_vp_hover_thumbnail":0,"_vp_hover_thumbnail_focal_point":[],"footnotes":""},"class_list":["post-4961","page","type-page","status-publish","hentry"],"aioseo_notices":[],"_links":{"self":[{"href":"https:\/\/www.arovite.com\/en\/wp-json\/wp\/v2\/pages\/4961","targetHints":{"allow":["GET"]}}],"collection":[{"href":"https:\/\/www.arovite.com\/en\/wp-json\/wp\/v2\/pages"}],"about":[{"href":"https:\/\/www.arovite.com\/en\/wp-json\/wp\/v2\/types\/page"}],"author":[{"embeddable":true,"href":"https:\/\/www.arovite.com\/en\/wp-json\/wp\/v2\/users\/1"}],"replies":[{"embeddable":true,"href":"https:\/\/www.arovite.com\/en\/wp-json\/wp\/v2\/comments?post=4961"}],"version-history":[{"count":0,"href":"https:\/\/www.arovite.com\/en\/wp-json\/wp\/v2\/pages\/4961\/revisions"}],"wp:attachment":[{"href":"https:\/\/www.arovite.com\/en\/wp-json\/wp\/v2\/media?parent=4961"}],"curies":[{"name":"wp","href":"https:\/\/api.w.org\/{rel}","templated":true}]}}