{"id":4953,"date":"2015-12-02T13:22:54","date_gmt":"2015-12-02T13:22:54","guid":{"rendered":"http:\/\/www.arovite.com\/llera-francisco-j-1993-2\/"},"modified":"2015-12-02T13:22:54","modified_gmt":"2015-12-02T13:22:54","slug":"llera-francisco-j-1993","status":"publish","type":"page","link":"https:\/\/www.arovite.com\/en\/llera-francisco-j-1993\/","title":{"rendered":"LLERA, Francisco J. (1993)"},"content":{"rendered":"<div class=\"wpb-content-wrapper\"><p>[vc_row][vc_column width=&#8221;1\/1&#8243;][vc_column_text][vc_empty_space height=&#8221;20&#8243;]<br \/>\n<strong>Referencia bibliogr\u00e1fica<\/strong><br \/>\nLLERA, Francisco J. (1993): \u00abThe construction of the Basque polarized pluralism\u00bb, Institut de Ci\u00e8ncies Pol\u00edtiques i Socials, Universitat Aut\u00f2noma de Barcelona. Working paper n\u00ba 64.<\/p>\n<p><a class=\"button blue  medium \" href=\"https:\/\/ddd.uab.cat\/pub\/worpap\/1993\/hdl_2072_1417\/ICPS64.pdf\" target=\"_blank\">Consultar PDF<\/a>[vc_empty_space height=&#8221;10&#8243;]<br \/>\n<strong>Abstract<\/strong><br \/>\nThe political transition from the authoritarian system to the pluralist regime started in December 1976 with the Political Reform Act and finished with the approving referenda of Constitution and Statutes, being the first one (December 1978) general for the State and the second (October 1979) specific for the Basque Country. The following stage in both cases was that of starting the previously designed institution-building process to result in a third phase that we might define as consolidation of the democratic system which is the present one.<br \/>\n[vc_empty_space height=&#8221;10&#8243;]<br \/>\n<strong>Autor<\/strong><br \/>\nFrancisco J. Llera. <a title=\"Dialnet\" href=\"http:\/\/dialnet.unirioja.es\/servlet\/autor?codigo=55650\" target=\"_blank\">P\u00e1gina del autor en Dialnet.<\/a><br \/>\n[vc_empty_space height=&#8221;10&#8243;]<br \/>\n<strong>Tipo de documento<\/strong><br \/>\nWorking paper<br \/>\n[vc_empty_space height=&#8221;10&#8243;]<br \/>\n[\/vc_column_text][\/vc_column][\/vc_row]<\/p>\n<\/div>","protected":false},"excerpt":{"rendered":"<p>[vc_row][vc_column width=&#8221;1\/1&#8243;][vc_column_text][vc_empty_space height=&#8221;20&#8243;] Referencia bibliogr\u00e1fica LLERA, Francisco J. (1993): \u00abThe construction of the Basque polarized pluralism\u00bb, Institut de Ci\u00e8ncies Pol\u00edtiques i Socials, Universitat Aut\u00f2noma de Barcelona. Working paper n\u00ba 64.&hellip;<\/p>\n","protected":false},"author":1,"featured_media":0,"parent":0,"menu_order":0,"comment_status":"open","ping_status":"open","template":"","meta":{"om_disable_all_campaigns":false,"_monsterinsights_skip_tracking":false,"_monsterinsights_sitenote_active":false,"_monsterinsights_sitenote_note":"","_monsterinsights_sitenote_category":0,"_uf_show_specific_survey":0,"_uf_disable_surveys":false,"_vp_format_video_url":"","_vp_image_focal_point":[],"_vp_custom_popup_image":0,"_vp_format_audio_url":"","_vp_custom_thumbnail":0,"_vp_custom_thumbnail_focal_point":[],"_vp_hover_thumbnail":0,"_vp_hover_thumbnail_focal_point":[],"footnotes":""},"class_list":["post-4953","page","type-page","status-publish","hentry"],"aioseo_notices":[],"_links":{"self":[{"href":"https:\/\/www.arovite.com\/en\/wp-json\/wp\/v2\/pages\/4953","targetHints":{"allow":["GET"]}}],"collection":[{"href":"https:\/\/www.arovite.com\/en\/wp-json\/wp\/v2\/pages"}],"about":[{"href":"https:\/\/www.arovite.com\/en\/wp-json\/wp\/v2\/types\/page"}],"author":[{"embeddable":true,"href":"https:\/\/www.arovite.com\/en\/wp-json\/wp\/v2\/users\/1"}],"replies":[{"embeddable":true,"href":"https:\/\/www.arovite.com\/en\/wp-json\/wp\/v2\/comments?post=4953"}],"version-history":[{"count":0,"href":"https:\/\/www.arovite.com\/en\/wp-json\/wp\/v2\/pages\/4953\/revisions"}],"wp:attachment":[{"href":"https:\/\/www.arovite.com\/en\/wp-json\/wp\/v2\/media?parent=4953"}],"curies":[{"name":"wp","href":"https:\/\/api.w.org\/{rel}","templated":true}]}}