{"id":4941,"date":"2015-12-02T13:10:36","date_gmt":"2015-12-02T13:10:36","guid":{"rendered":"http:\/\/www.arovite.com\/lopez-romo-raul-2014-2\/"},"modified":"2015-12-30T12:00:00","modified_gmt":"2015-12-30T12:00:00","slug":"lopez-romo-raul-2014","status":"publish","type":"page","link":"https:\/\/www.arovite.com\/en\/lopez-romo-raul-2014\/","title":{"rendered":"L\u00d3PEZ ROMO, Ra\u00fal (2014)"},"content":{"rendered":"<div class=\"wpb-content-wrapper\"><p>[vc_row][vc_column width=&#8221;1\/1&#8243;][vc_column_text][vc_empty_space height=&#8221;20&#8243;]<br \/>\n<strong>Referencia bibliogr\u00e1fica<\/strong><br \/>\nL\u00d3PEZ ROMO, Ra\u00fal (2014): <em>Informe Foronda. Los contextos hist\u00f3ricos del terrorismo en el Pa\u00eds Vasco y la consideraci\u00f3n social de sus v\u00edctimas, 1968-2010<\/em>. Vitoria-Gasteiz: Instituto de Historia Social Valent\u00edn de Foronda.<\/p>\n<p><a class=\"button blue  medium \" href=\"http:\/\/www.arovite.com\/documentos\/2014_Lopez.pdf\" target=\"_blank\">Consultar PDF<\/a>[vc_empty_space height=&#8221;10&#8243;]<br \/>\n<strong>Resumen<\/strong><br \/>\nMientras las causas del terrorismo son relativamente bien conocidas y han sido abordadas en la abundante literatura especializada, sus efectos a\u00fan precisan de an\u00e1lisis profundos. A los historiadores compete el estudio cr\u00edtico del pasado, de los contextos que facilitaron la extensi\u00f3n de ese y otros fen\u00f3menos. En este sentido, la investigaci\u00f3n hist\u00f3rica incita, por ejemplo, a repensar la evoluci\u00f3n de la consideraci\u00f3n social tanto de los terroristas como de sus v\u00edctimas. Este an\u00e1lisis hist\u00f3rico resulta a\u00fan m\u00e1s necesario e imprescindible en un momento en el que, si bien ETA no se ha disuelto, se vislumbra el final del terrorismo, y en el que emerge una estrategia por parte de quienes lo apoyaron encaminada a justificar, o cuando menos suavizar, las acciones de los victimarios. Frente a estos intentos por \u201ccontextualizar\u201d el terrorismo desde una perspectiva militante, tratando de ocultar la responsabilidad de quienes fueron sus autores, diluy\u00e9ndola en un conflicto entre dos bandos sim\u00e9tricos donde todos sufrieron, el an\u00e1lisis hist\u00f3rico debe aportar rigor y profundidad, y, sobre todo, debe ayudar a comprender y difundir lo que ha ocurrido durante los \u00faltimos cuarenta a\u00f1os en el Pa\u00eds Vasco. Este proyecto plantea dos aspectos fundamentales a analizar: 1. Los contextos hist\u00f3ricos del terrorismo en Euskadi. El papel de la dictadura franquista. El dif\u00edcil caminar de la democracia. La violencia terrorista: legitimidades y proyectos pol\u00edticos en conflicto. El terror y su socializaci\u00f3n: las estrategias de ETA. Las pol\u00edticas de los diferentes partidos ante la violencia. El terrorismo de extrema derecha y parapolicial. 2. Las v\u00edctimas del terrorismo. De la victimaci\u00f3n colectiva del pueblo vasco a las v\u00edctimas concretas e individuales. An\u00e1lisis y caracterizaci\u00f3n del significado p\u00fablico de las v\u00edctimas. Configuraci\u00f3n de las v\u00edctimas como agente social. Pol\u00edticas p\u00fablicas de reconocimiento y memoria, y de deslegitimaci\u00f3n del terrorismo. Actitudes ante las v\u00edctimas de los sectores pol\u00edticos y sociales vascos.<br \/>\n[vc_empty_space height=&#8221;10&#8243;]<br \/>\n<strong>Autor<\/strong><br \/>\nRa\u00fal L\u00f3pez Romo. <a title=\"Dialnet\" href=\"http:\/\/dialnet.unirioja.es\/servlet\/autor?codigo=2165020\" target=\"_blank\">P\u00e1gina del autor en Dialnet.<\/a><br \/>\n[vc_empty_space height=&#8221;10&#8243;]<br \/>\n<strong>Tipo de documento<\/strong><br \/>\nInforme<br \/>\n[vc_empty_space height=&#8221;10&#8243;]<br \/>\n<a title=\"Enlace alternativo\" href=\"http:\/\/www.parlamento.euskadi.net\/pdfs_berriak\/7884.pdf\" target=\"_blank\"><strong>Enlace alternativo.<\/strong><\/a><br \/>\n[\/vc_column_text][\/vc_column][\/vc_row]<\/p>\n<\/div>","protected":false},"excerpt":{"rendered":"<p>[vc_row][vc_column width=&#8221;1\/1&#8243;][vc_column_text][vc_empty_space height=&#8221;20&#8243;] Referencia bibliogr\u00e1fica L\u00d3PEZ ROMO, Ra\u00fal (2014): Informe Foronda. Los contextos hist\u00f3ricos del terrorismo en el Pa\u00eds Vasco y la consideraci\u00f3n social de sus v\u00edctimas, 1968-2010. Vitoria-Gasteiz: Instituto&hellip;<\/p>\n","protected":false},"author":1,"featured_media":0,"parent":0,"menu_order":0,"comment_status":"open","ping_status":"open","template":"","meta":{"om_disable_all_campaigns":false,"_monsterinsights_skip_tracking":false,"_monsterinsights_sitenote_active":false,"_monsterinsights_sitenote_note":"","_monsterinsights_sitenote_category":0,"_uf_show_specific_survey":0,"_uf_disable_surveys":false,"_vp_format_video_url":"","_vp_image_focal_point":[],"_vp_custom_popup_image":0,"_vp_format_audio_url":"","_vp_custom_thumbnail":0,"_vp_custom_thumbnail_focal_point":[],"_vp_hover_thumbnail":0,"_vp_hover_thumbnail_focal_point":[],"footnotes":""},"class_list":["post-4941","page","type-page","status-publish","hentry"],"aioseo_notices":[],"_links":{"self":[{"href":"https:\/\/www.arovite.com\/en\/wp-json\/wp\/v2\/pages\/4941","targetHints":{"allow":["GET"]}}],"collection":[{"href":"https:\/\/www.arovite.com\/en\/wp-json\/wp\/v2\/pages"}],"about":[{"href":"https:\/\/www.arovite.com\/en\/wp-json\/wp\/v2\/types\/page"}],"author":[{"embeddable":true,"href":"https:\/\/www.arovite.com\/en\/wp-json\/wp\/v2\/users\/1"}],"replies":[{"embeddable":true,"href":"https:\/\/www.arovite.com\/en\/wp-json\/wp\/v2\/comments?post=4941"}],"version-history":[{"count":1,"href":"https:\/\/www.arovite.com\/en\/wp-json\/wp\/v2\/pages\/4941\/revisions"}],"predecessor-version":[{"id":5410,"href":"https:\/\/www.arovite.com\/en\/wp-json\/wp\/v2\/pages\/4941\/revisions\/5410"}],"wp:attachment":[{"href":"https:\/\/www.arovite.com\/en\/wp-json\/wp\/v2\/media?parent=4941"}],"curies":[{"name":"wp","href":"https:\/\/api.w.org\/{rel}","templated":true}]}}