{"id":4933,"date":"2015-11-30T12:11:33","date_gmt":"2015-11-30T12:11:33","guid":{"rendered":"http:\/\/www.arovite.com\/saez-de-la-fuente-izaskun-2011-2\/"},"modified":"2016-01-24T21:41:31","modified_gmt":"2016-01-24T21:41:31","slug":"saez-de-la-fuente-izaskun-2011","status":"publish","type":"page","link":"https:\/\/www.arovite.com\/en\/saez-de-la-fuente-izaskun-2011\/","title":{"rendered":"S\u00c1EZ DE LA FUENTE, Izaskun (2011)"},"content":{"rendered":"<div class=\"wpb-content-wrapper\"><p>[vc_row][vc_column width=&#8221;1\/1&#8243;][vc_column_text][vc_empty_space height=&#8221;20&#8243;]<br \/>\n<strong>Referencia bibliogr\u00e1fica<\/strong><br \/>\nS\u00c1EZ DE LA FUENTE, Izaskun (2011): <em>Informe sociol\u00f3gico sobre los testimonios de las v\u00edctimas<\/em>. Fundaci\u00f3n Fernando Buesa y Bakeaz.<\/p>\n<p><a class=\"button blue  medium \" href=\"http:\/\/www.arovite.com\/documentos\/2011_Saez_de_la_Fuente.pdf\" target=\"_blank\">Consultar PDF<\/a>[vc_empty_space height=&#8221;10&#8243;]<br \/>\n<strong>Resumen<\/strong><br \/>\nEl Observatorio de la Vulneraci\u00f3n de los Derechos Humanos por parte de la Violencia Terrorista (zoomrights.com) emerge en un escenario en el que a\u00fan ETA no hab\u00eda anunciado un alto el fuego definitivo y, en consecuencia, de persistencia tanto de actos violentos en sus m\u00faltiples versiones como de discursos justificadores de los mismos. En semejante marco se sustenta la actividad de recopilaci\u00f3n de distintas experiencias de victimaci\u00f3n mediante la realizaci\u00f3n de entrevistas a las propias v\u00edctimas de acuerdo a un gui\u00f3n tem\u00e1tico general previamente establecido. Esta primera aproximaci\u00f3n sociol\u00f3gica a los testimonios recogidos durante 2011 trata de cubrir, al menos en parte, el cuarto Objetivo Espec\u00edfico del Observatorio que reclama la elaboraci\u00f3n de \u201clos an\u00e1lisis que las realidades constatadas precisen\u201d. Respondiendo a la l\u00f3gica narrativa, el presente informe se aproxima a las experiencias de victimaci\u00f3n desde dos \u00e1ngulos: 1\/ Estudio del escenario hist\u00f3rico y sociopol\u00edtico en el que acontecen; y 2\/ Profundizaci\u00f3n en las secuelas padecidas en las esferas psicof\u00edsica, familiar, laboral y social. Y lo hace mediante una presentaci\u00f3n coral de los testimonios donde la argumentaci\u00f3n se contrasta con citas textuales de las entrevistas que son las que le otorgan plausibilidad social.<br \/>\n[vc_empty_space height=&#8221;10&#8243;]<br \/>\n<strong>Autor<\/strong><br \/>\nIzaskun S\u00e1ez de la Fuente. <a title=\"Dialnet\" href=\"http:\/\/dialnet.unirioja.es\/servlet\/autor?codigo=291316\" target=\"_blank\">P\u00e1gina del autor en Dialnet.<\/a><br \/>\n[vc_empty_space height=&#8221;10&#8243;]<br \/>\n<strong>Tipo de documento<\/strong><br \/>\nInforme<br \/>\n[vc_empty_space height=&#8221;10&#8243;]<br \/>\n<a title=\"Enlace alternativo\" href=\"http:\/\/www.bideo.info\/buesa\/imagenes\/INFORME_TESTIMONIOS_VICTIMAS_2011.pdf\" target=\"_blank\"><strong>Enlace alternativo.<\/strong><\/a><br \/>\n[\/vc_column_text][\/vc_column][\/vc_row]<\/p>\n<\/div>","protected":false},"excerpt":{"rendered":"<p>[vc_row][vc_column width=&#8221;1\/1&#8243;][vc_column_text][vc_empty_space height=&#8221;20&#8243;] Referencia bibliogr\u00e1fica S\u00c1EZ DE LA FUENTE, Izaskun (2011): Informe sociol\u00f3gico sobre los testimonios de las v\u00edctimas. Fundaci\u00f3n Fernando Buesa y Bakeaz. Consultar PDF[vc_empty_space height=&#8221;10&#8243;] Resumen El Observatorio&hellip;<\/p>\n","protected":false},"author":1,"featured_media":0,"parent":0,"menu_order":0,"comment_status":"open","ping_status":"open","template":"","meta":{"om_disable_all_campaigns":false,"_monsterinsights_skip_tracking":false,"_monsterinsights_sitenote_active":false,"_monsterinsights_sitenote_note":"","_monsterinsights_sitenote_category":0,"_uf_show_specific_survey":0,"_uf_disable_surveys":false,"_vp_format_video_url":"","_vp_image_focal_point":[],"_vp_custom_popup_image":0,"_vp_format_audio_url":"","_vp_custom_thumbnail":0,"_vp_custom_thumbnail_focal_point":[],"_vp_hover_thumbnail":0,"_vp_hover_thumbnail_focal_point":[],"footnotes":""},"class_list":["post-4933","page","type-page","status-publish","hentry"],"aioseo_notices":[],"_links":{"self":[{"href":"https:\/\/www.arovite.com\/en\/wp-json\/wp\/v2\/pages\/4933","targetHints":{"allow":["GET"]}}],"collection":[{"href":"https:\/\/www.arovite.com\/en\/wp-json\/wp\/v2\/pages"}],"about":[{"href":"https:\/\/www.arovite.com\/en\/wp-json\/wp\/v2\/types\/page"}],"author":[{"embeddable":true,"href":"https:\/\/www.arovite.com\/en\/wp-json\/wp\/v2\/users\/1"}],"replies":[{"embeddable":true,"href":"https:\/\/www.arovite.com\/en\/wp-json\/wp\/v2\/comments?post=4933"}],"version-history":[{"count":2,"href":"https:\/\/www.arovite.com\/en\/wp-json\/wp\/v2\/pages\/4933\/revisions"}],"predecessor-version":[{"id":6519,"href":"https:\/\/www.arovite.com\/en\/wp-json\/wp\/v2\/pages\/4933\/revisions\/6519"}],"wp:attachment":[{"href":"https:\/\/www.arovite.com\/en\/wp-json\/wp\/v2\/media?parent=4933"}],"curies":[{"name":"wp","href":"https:\/\/api.w.org\/{rel}","templated":true}]}}