{"id":4929,"date":"2015-12-02T09:11:18","date_gmt":"2015-12-02T09:11:18","guid":{"rendered":"http:\/\/www.arovite.com\/molina-fernando-2012-2-2\/"},"modified":"2015-12-30T12:27:46","modified_gmt":"2015-12-30T12:27:46","slug":"molina-fernando-2012-2","status":"publish","type":"page","link":"https:\/\/www.arovite.com\/en\/molina-fernando-2012-2\/","title":{"rendered":"MOLINA, Fernando (2012)"},"content":{"rendered":"<div class=\"wpb-content-wrapper\"><p>[vc_row][vc_column width=&#8221;1\/1&#8243;][vc_column_text][vc_empty_space height=&#8221;20&#8243;]<br \/>\n<strong>Referencia bibliogr\u00e1fica<\/strong><br \/>\nMOLINA, Fernando (2012): \u00abEl desaf\u00edo de ETA\u00bb, en FUSI, Juan Pablo, et al.: <em>Guiones literarios de la serie de ETB Transici\u00f3n y democracia en Euskadi<\/em>. [s.l.]: EITB, pp. 77-99.<\/p>\n<p><a class=\"button blue  medium \" href=\"http:\/\/www.arovite.com\/documentos\/2012_Molina.pdf\" target=\"_blank\">Consultar PDF<\/a>[vc_empty_space height=&#8221;10&#8243;]<br \/>\n<strong>Resumen<\/strong><br \/>\nEntre 1975 y 1982, ETA militar asesin\u00f3 a 308 personas, ETA pol\u00edtico militar a 24 y los Comandos Aut\u00f3nomos Anticapitalistas a 23. Los picos de esta violencia tuvieron lugar en los tres a\u00f1os en que se sancionaron los principales hitos del proceso de democratizaci\u00f3n: la negociaci\u00f3n y ratificaci\u00f3n de la Constituci\u00f3n (en los meses en que se debati\u00f3 y aprob\u00f3 esta \u00faltima tuvo lugar el mayor pico hasta la fecha, con 40 personas asesinadas por ETA militar), la aprobaci\u00f3n del Estatuto de Guernica, la celebraci\u00f3n de las primeras elecciones auton\u00f3micas y la formaci\u00f3n del primer Gobierno vasco desde 1937. El 88% de estos asesinatos tuvieron lugar en el Pa\u00eds Vasco, un 5% en Navarra y un 7% en otras partes de Espa\u00f1a, b\u00e1sicamente Madrid, donde tuvieron gran repercusi\u00f3n p\u00fablica, dado que las v\u00edctimas all\u00ed sol\u00edan ser militares de alta graduaci\u00f3n. La evoluci\u00f3n de los atentados de las dos ETAs durante los a\u00f1os de la Transici\u00f3n no deja lugar a dudas acerca del intento de ambas organizaciones por incidir en el proceso democratizador, de forma abiertamente rupturista, en el caso de la rama militar, o tacticista, en el caso de la pol\u00edtico militar. En todo caso, la organizaci\u00f3n m\u00e1s da\u00f1ina y efectiva en su estrategia de terror fue ETA militar, con un 86% de los asesinatos cometidos en ese periodo.<br \/>\n[vc_empty_space height=&#8221;10&#8243;]<br \/>\n<strong>Autor<\/strong><br \/>\nFernando Molina. <a title=\"Dialnet\" href=\"http:\/\/dialnet.unirioja.es\/servlet\/autor?codigo=819573\" target=\"_blank\">P\u00e1gina del autor en Dialnet.<\/a><br \/>\n[vc_empty_space height=&#8221;10&#8243;]<br \/>\n<strong>Tipo de documento<\/strong><br \/>\nCap\u00edtulo de libro<br \/>\n[vc_empty_space height=&#8221;10&#8243;]<br \/>\n[\/vc_column_text][\/vc_column][\/vc_row]<\/p>\n<\/div>","protected":false},"excerpt":{"rendered":"<p>[vc_row][vc_column width=&#8221;1\/1&#8243;][vc_column_text][vc_empty_space height=&#8221;20&#8243;] Referencia bibliogr\u00e1fica MOLINA, Fernando (2012): \u00abEl desaf\u00edo de ETA\u00bb, en FUSI, Juan Pablo, et al.: Guiones literarios de la serie de ETB Transici\u00f3n y democracia en Euskadi.&hellip;<\/p>\n","protected":false},"author":1,"featured_media":0,"parent":0,"menu_order":0,"comment_status":"open","ping_status":"open","template":"","meta":{"om_disable_all_campaigns":false,"_monsterinsights_skip_tracking":false,"_monsterinsights_sitenote_active":false,"_monsterinsights_sitenote_note":"","_monsterinsights_sitenote_category":0,"_uf_show_specific_survey":0,"_uf_disable_surveys":false,"_vp_format_video_url":"","_vp_image_focal_point":[],"_vp_custom_popup_image":0,"_vp_format_audio_url":"","_vp_custom_thumbnail":0,"_vp_custom_thumbnail_focal_point":[],"_vp_hover_thumbnail":0,"_vp_hover_thumbnail_focal_point":[],"footnotes":""},"class_list":["post-4929","page","type-page","status-publish","hentry"],"aioseo_notices":[],"_links":{"self":[{"href":"https:\/\/www.arovite.com\/en\/wp-json\/wp\/v2\/pages\/4929","targetHints":{"allow":["GET"]}}],"collection":[{"href":"https:\/\/www.arovite.com\/en\/wp-json\/wp\/v2\/pages"}],"about":[{"href":"https:\/\/www.arovite.com\/en\/wp-json\/wp\/v2\/types\/page"}],"author":[{"embeddable":true,"href":"https:\/\/www.arovite.com\/en\/wp-json\/wp\/v2\/users\/1"}],"replies":[{"embeddable":true,"href":"https:\/\/www.arovite.com\/en\/wp-json\/wp\/v2\/comments?post=4929"}],"version-history":[{"count":1,"href":"https:\/\/www.arovite.com\/en\/wp-json\/wp\/v2\/pages\/4929\/revisions"}],"predecessor-version":[{"id":5432,"href":"https:\/\/www.arovite.com\/en\/wp-json\/wp\/v2\/pages\/4929\/revisions\/5432"}],"wp:attachment":[{"href":"https:\/\/www.arovite.com\/en\/wp-json\/wp\/v2\/media?parent=4929"}],"curies":[{"name":"wp","href":"https:\/\/api.w.org\/{rel}","templated":true}]}}